{"id":72,"date":"2015-09-09T13:54:21","date_gmt":"2015-09-09T11:54:21","guid":{"rendered":"https:\/\/www.stantesepestouny.cz\/?page_id=72"},"modified":"2023-12-14T14:06:50","modified_gmt":"2023-12-14T13:06:50","slug":"dohody","status":"publish","type":"page","link":"https:\/\/www.stantesepestouny.cz\/?page_id=72","title":{"rendered":"Dohody o v\u00fdkonu PP"},"content":{"rendered":"<p>[et_pb_section fb_built=&#8220;1&#8243; admin_label=&#8220;section&#8220; _builder_version=&#8220;4.16&#8243; global_colors_info=&#8220;{}&#8220;][et_pb_row admin_label=&#8220;row&#8220; _builder_version=&#8220;4.16&#8243; background_size=&#8220;initial&#8220; background_position=&#8220;top_left&#8220; background_repeat=&#8220;repeat&#8220; global_colors_info=&#8220;{}&#8220;][et_pb_column type=&#8220;4_4&#8243; _builder_version=&#8220;4.16&#8243; custom_padding=&#8220;|||&#8220; global_colors_info=&#8220;{}&#8220; custom_padding__hover=&#8220;|||&#8220;][et_pb_text admin_label=&#8220;Text&#8220; _builder_version=&#8220;4.19.5&#8243; background_size=&#8220;initial&#8220; background_position=&#8220;top_left&#8220; background_repeat=&#8220;repeat&#8220; hover_enabled=&#8220;0&#8243; global_colors_info=&#8220;{}&#8220; sticky_enabled=&#8220;0&#8243;]<\/p>\n<p style=\"text-align: left;\"><span style=\"font-size: xx-large; color: #e84747;\"><strong>Dohoda o v\u00fdkonu p\u011bstounsk\u00e9 p\u00e9\u010de v RKC Chaloupka<\/strong><\/span><\/p>\n<p>&nbsp;<\/p>\n<p style=\"text-align: justify;\"><span style=\"font-size: large;\">Od 1.1.2013 ve\u0161la v\u00a0\u00fa\u010dinnost novela z\u00e1kona \u010d. 359\/1999 Sb., o soci\u00e1ln\u011b-pr\u00e1vn\u00ed ochran\u011b d\u011bt\u00ed, ve zn\u011bn\u00ed pozd\u011bj\u0161\u00edch p\u0159edpis\u016f, kter\u00e1 p\u0159inesla zm\u011bny v\u00a0oblasti v\u00fdkonu p\u011bstounsk\u00e9 p\u00e9\u010de v\u00a0\u010cesk\u00e9 republice.<\/span><\/p>\n<p style=\"text-align: justify;\"><span style=\"font-size: large;\">Od v\u00fd\u0161e uveden\u00e9ho data m\u00e1 povinnost osoba pe\u010duj\u00edc\u00ed (p\u011bstoun\/poru\u010dn\u00edk) a osoba v\u00a0evidenci (p\u011bstounsk\u00e1 p\u00e9\u010de na p\u0159echodnou dobu) uzav\u0159\u00edt Dohodu o v\u00fdkonu p\u011bstounsk\u00e9 p\u00e9\u010de a to bu\u010f s\u00a0obecn\u00edm \u00fa\u0159adem obce s\u00a0roz\u0161\u00ed\u0159enou p\u016fsobnost\u00ed, <strong>kter\u00fd vykon\u00e1v\u00e1 n\u00e1hradn\u00ed rodinou p\u00e9\u010di, ve m\u011bst\u011b Ostrava jde o Magistr\u00e1t m\u011bsta Ostravy, odd\u011blen\u00ed soci\u00e1ln\u011b-pr\u00e1vn\u00ed ochrany d\u011bt\u00ed nebo s\u00a0pov\u011b\u0159enou osobou pro v\u00fdkon soci\u00e1ln\u011b-pr\u00e1vn\u00ed ochrany d\u011bt\u00ed, kterou je pr\u00e1v\u011b Rodinn\u00e9 a komunitn\u00ed centrum Chaloupka, z.s.<\/strong> \u010di jinou pov\u011b\u0159enou organizac\u00ed.<\/span><\/p>\n<p style=\"text-align: justify;\"><span style=\"font-size: large;\">Dohodu o v\u00fdkonu p\u011bstounsk\u00e9 p\u00e9\u010de <strong>mus\u00ed p\u011bstoun \u010di poru\u010dn\u00edk uzav\u0159\u00edt do 30 dn\u016f ode dne nabyt\u00ed pr\u00e1vn\u00ed moci rozhodnut\u00ed p\u0159\u00edslu\u0161n\u00e9ho soudu o sv\u011b\u0159en\u00ed d\u00edt\u011bte\/d\u011bt\u00ed do jejich p\u011bstounsk\u00e9 \u010di poru\u010dnick\u00e9 p\u00e9\u010de.<\/strong><\/span><\/p>\n<p style=\"text-align: justify;\"><span style=\"font-size: large;\"><strong>P\u011bstouni na p\u0159echodnou dobu jsou tuto dohodu povinni uzav\u0159\u00edt ode dne za\u0159azen\u00ed do evidence osob, kter\u00e9 mohou vykon\u00e1vat p\u011bstounskou p\u00e9\u010di na p\u0159echodnou dobu p\u0159\u00edslu\u0161n\u00e9ho krajsk\u00e9ho \u00fa\u0159adu.<\/strong><\/span><\/p>\n<p style=\"text-align: justify;\"><span style=\"font-size: large;\">Jsou-li p\u011bstouni, poru\u010dn\u00edci nebo p\u011bstouni na p\u0159echodnou dobu man\u017eel\u00e9, uzav\u00edraj\u00ed <strong>pouze jednu dohodu o v\u00fdkonu p\u011bstounsk\u00e9 p\u00e9\u010de.<\/strong><\/span><\/p>\n<p style=\"text-align: justify;\"><span style=\"font-size: large;\">Rovn\u011b\u017e tyto osoby uzav\u00edraj\u00ed pouze <strong>jednu dohodu o v\u00fdkonu p\u011bstounsk\u00e9 p\u00e9\u010de<\/strong>, bez ohledu na po\u010det sv\u011b\u0159en\u00fdch d\u011bt\u00ed do jejich p\u00e9\u010de.<\/span><\/p>\n<p style=\"text-align: justify;\"><span style=\"font-size: large;\">Dle Nov\u00e9ho ob\u010dansk\u00e9ho z\u00e1kon\u00edku soud zpravidla um\u00edst\u00ed d\u00edt\u011b do p\u00e9\u010de p\u011bstoun\u016f na dobu, po kterou trv\u00e1 rodi\u010d\u016fm p\u0159ek\u00e1\u017eka v osobn\u00ed p\u00e9\u010di o d\u00edt\u011b s t\u00edm, \u017ee rodi\u010d m\u016f\u017ee kdykoli po\u017e\u00e1dat soud o vr\u00e1cen\u00ed d\u00edt\u011bte zp\u011bt do sv\u00e9 osobn\u00ed p\u00e9\u010de. Proto i takzvan\u00e1 klasick\u00e1 dlouhodob\u00e1 p\u011bstounsk\u00e1 p\u00e9\u010de m\u016f\u017ee m\u00edt jen do\u010dasn\u00e9 trv\u00e1n\u00ed. Pokud v\u0161ak biologick\u00fd rodi\u010d z\u00e1jem neprojev\u00ed, trv\u00e1 dlouhodob\u00e1 p\u011bstounsk\u00e1 p\u00e9\u010de do 18 let v\u011bku sv\u011b\u0159en\u00e9ho d\u00edt\u011bte.<\/span><\/p>\n<p style=\"text-align: justify;\"><span style=\"font-size: large;\">V\u00a0p\u0159\u00edpad\u011b p\u011bstoun\u016f poskytuj\u00edc\u00ed p\u011bstounskou p\u00e9\u010di na p\u0159echodnou dobu dohoda trv\u00e1 po dobu, po kterou je\u00a0osoba rozhodnut\u00edm krajsk\u00e9ho \u00fa\u0159adu vedena v\u00a0evidenci osob, kter\u00e9 mohou vykon\u00e1vat p\u011bstounskou p\u00e9\u010di na p\u0159echodnou dobu.<\/span><\/p>\n<p style=\"text-align: justify;\"><span style=\"font-size: large;\">V\u00a0p\u0159\u00edpad\u011b uzav\u0159en\u00ed Dohody o v\u00fdkonu p\u011bstounsk\u00e9 p\u00e9\u010de na\u0161e organizace zaji\u0161\u0165uje poskytov\u00e1n\u00ed komplexn\u00ed podpory p\u011bstounsk\u00fdm rodin\u00e1m tak, aby p\u011bstouni m\u011bli podm\u00ednky pro zvy\u0161ov\u00e1n\u00ed kvality p\u00e9\u010de o jim sv\u011b\u0159en\u00e9 d\u011bti, a z\u00e1rove\u0148 aby d\u011bti m\u011bly v n\u00e1hradn\u00ed rodin\u011b podm\u00ednky pro sv\u016fj nejlep\u0161\u00ed v\u00fdvoj. Nejvy\u0161\u0161\u00edm hlediskem pro poskytov\u00e1n\u00ed podpory je blaho, prosp\u011bch a z\u00e1jem d\u00edt\u011bte. Podporu p\u011bstounsk\u00fdch rodin realizujeme vytvo\u0159en\u00edm bezpe\u010dn\u00e9ho, d\u016fv\u011bryhodn\u00e9ho vztahu v r\u00e1mci dlouhodob\u00e9 spolupr\u00e1ce mezi jedn\u00edm pr\u016fvodcem a p\u011bstounskou rodinou.<\/span><\/p>\n<p style=\"text-align: justify;\"><span style=\"font-size: large;\">P\u011bstoun\u016fm, poru\u010dn\u00edk\u016fm a osob\u00e1m poskytuj\u00edc\u00edm p\u011bstounskou p\u00e9\u010di na p\u0159echodnou dobu poskytujeme v\u0161echny slu\u017eby, kter\u00e9 ukl\u00e1d\u00e1 z\u00e1kon, tedy\u00a0<strong>doprov\u00e1zen\u00ed, respitn\u00ed p\u00e9\u010di,<\/strong> <strong>zprost\u0159edkov\u00e1n\u00ed psychologick\u00e9, terapeutick\u00e9 nebo jin\u00e9 odborn\u00e9 pomoci alespo\u0148 jednou za 6 m\u011bs\u00edc\u016f, zprost\u0159edkov\u00e1n\u00ed nebo zaji\u0161t\u011bn\u00ed bezplatn\u00e9 mo\u017enosti zvy\u0161ovat si znalosti a dovednosti v\u00a0oblasti v\u00fdchovy a p\u00e9\u010de o sv\u011b\u0159en\u00e9 d\u00edt\u011b\/d\u011bti, pomoc a zprost\u0159edkov\u00e1n\u00ed styku d\u00edt\u011bte\/d\u011bt\u00ed s\u00a0biologickou rodinou \u010di osobami bl\u00edzk\u00fdmi d\u00edt\u011bte v\u010detn\u011b zaji\u0161t\u011bn\u00ed asistence p\u0159i tomto styku, letn\u00ed pobytov\u00fd \u010di p\u0159\u00edm\u011bstsk\u00fd t\u00e1bor pro d\u011bti v\u00a0n\u00e1hradn\u00ed rodinn\u00e9 p\u00e9\u010di, v\u00fdchovn\u011b-vzd\u011bl\u00e1vac\u00ed aktivity pro d\u011bti apod. <\/strong><\/span><\/p>\n<p style=\"text-align: justify;\"><strong>V p\u0159\u00edpad\u011b z\u00e1jmu kontaktujte mana\u017eera pro oblast NRP<\/strong><\/p>\n<p style=\"text-align: justify;\"><strong>Mgr. Barbora Brusov\u00e1<\/strong><\/p>\n<p style=\"text-align: justify;\"><strong>tel. 737\u00a0208\u00a0566, <\/strong><\/p>\n<p style=\"text-align: justify;\"><strong>email:<a href=\"mailto:ondarza@rcchaloupka.cz\">brusova@chaloupkaostrava.cz<\/a><\/strong><\/p>\n<p style=\"text-align: justify;\"><span style=\"color: #e84747; font-size: large;\"><strong>V\u00a0SOU\u010cASN\u00c9 DOB\u011a M\u00c1ME VOLN\u00c1 M\u00cdSTA PRO UZAV\u00cdR\u00c1N\u00cd DOHOD O V\u00ddKONU P\u011aSTOUNSK\u00c9 P\u00c9\u010cE.<\/strong><\/span><\/p>\n<p>[\/et_pb_text][\/et_pb_column][\/et_pb_row][et_pb_row _builder_version=&#8220;4.16&#8243; background_size=&#8220;initial&#8220; background_position=&#8220;top_left&#8220; background_repeat=&#8220;repeat&#8220; global_colors_info=&#8220;{}&#8220;][et_pb_column type=&#8220;4_4&#8243; _builder_version=&#8220;4.16&#8243; custom_padding=&#8220;|||&#8220; global_colors_info=&#8220;{}&#8220; custom_padding__hover=&#8220;|||&#8220;][et_pb_image src=&#8220;https:\/\/www.stantesepestouny.cz\/wp-content\/uploads\/2023\/12\/23_letak-pdf.jpg&#8220; url=&#8220;https:\/\/www.stantesepestouny.cz\/wp-content\/uploads\/2017\/09\/LET\u00c1K-dohody.jpg&#8220; url_new_window=&#8220;on&#8220; align=&#8220;center&#8220; align_tablet=&#8220;center&#8220; align_phone=&#8220;&#8220; align_last_edited=&#8220;on|desktop&#8220; _builder_version=&#8220;4.19.5&#8243; max_width=&#8220;700px&#8220; animation_style=&#8220;slide&#8220; animation_direction=&#8220;left&#8220; animation_duration=&#8220;500ms&#8220; animation_intensity_slide=&#8220;10%&#8220; hover_enabled=&#8220;0&#8243; global_colors_info=&#8220;{}&#8220; admin_label=&#8220;Obr\u00e1zek&#8220; title_text=&#8220;23_let\u00e1k&#8220; sticky_enabled=&#8220;0&#8243;][\/et_pb_image][\/et_pb_column][\/et_pb_row][\/et_pb_section]<\/p>\n","protected":false},"excerpt":{"rendered":"<p>Dohoda o v\u00fdkonu p\u011bstounsk\u00e9 p\u00e9\u010de v RKC Chaloupka &nbsp; Od 1.1.2013 ve\u0161la v\u00a0\u00fa\u010dinnost novela z\u00e1kona \u010d. 359\/1999 Sb., o soci\u00e1ln\u011b-pr\u00e1vn\u00ed ochran\u011b d\u011bt\u00ed, ve zn\u011bn\u00ed pozd\u011bj\u0161\u00edch p\u0159edpis\u016f, kter\u00e1 p\u0159inesla zm\u011bny v\u00a0oblasti v\u00fdkonu p\u011bstounsk\u00e9 p\u00e9\u010de v\u00a0\u010cesk\u00e9 republice. Od v\u00fd\u0161e uveden\u00e9ho data m\u00e1 povinnost osoba pe\u010duj\u00edc\u00ed (p\u011bstoun\/poru\u010dn\u00edk) a osoba v\u00a0evidenci (p\u011bstounsk\u00e1 p\u00e9\u010de na p\u0159echodnou dobu) uzav\u0159\u00edt Dohodu o [&hellip;]<\/p>\n","protected":false},"author":8,"featured_media":0,"parent":57,"menu_order":0,"comment_status":"closed","ping_status":"closed","template":"","meta":{"_et_pb_use_builder":"on","_et_pb_old_content":"<p style=\"text-align: center;\"><strong>DOHODA O V\u00ddKONU P\u011aSTOUNSK\u00c9 P\u00c9\u010cE V\u00a0RKC CHALOUPKA, Z. S.<\/strong><\/p><p>\u00a0<\/p><p>Od <strong>1.1.2013<\/strong> ve\u0161la v\u00a0\u00fa\u010dinnost novela z\u00e1kona \u010d. 359\/1999 Sb., o soci\u00e1ln\u011b-pr\u00e1vn\u00ed ochran\u011b d\u011bt\u00ed, ve zn\u011bn\u00ed pozd\u011bj\u0161\u00edch p\u0159edpis\u016f, kter\u00e1 p\u0159inesla zm\u011bny v\u00a0oblasti v\u00fdkonu p\u011bstounsk\u00e9 p\u00e9\u010de v\u00a0\u010cesk\u00e9 republice.<\/p><p>Od v\u00fd\u0161e uveden\u00e9ho data m\u00e1 povinnost osoba pe\u010duj\u00edc\u00ed (p\u011bstoun\/poru\u010dn\u00edk) a osoba v\u00a0evidenci (p\u011bstounsk\u00e1 p\u00e9\u010de na p\u0159echodnou dobu) uzav\u0159\u00edt Dohodu o v\u00fdkonu p\u011bstounsk\u00e9 p\u00e9\u010de a to bu\u010f s\u00a0obecn\u00edm \u00fa\u0159adem obce s\u00a0roz\u0161\u00ed\u0159enou p\u016fsobnost\u00ed, <strong>kter\u00fd vykon\u00e1v\u00e1 n\u00e1hradn\u00ed rodinou p\u00e9\u010di, ve m\u011bst\u011b Ostrava jde o Magistr\u00e1t m\u011bsta Ostravy, odd\u011blen\u00ed soci\u00e1ln\u011b-pr\u00e1vn\u00ed ochrany d\u011bt\u00ed nebo s\u00a0pov\u011b\u0159enou osobou pro v\u00fdkon soci\u00e1ln\u011b-pr\u00e1vn\u00ed ochrany d\u011bt\u00ed, kterou je pr\u00e1v\u011b Rodinn\u00e9 a komunitn\u00ed centrum Chaloupka, z.s.<\/strong> \u010di jinou pov\u011b\u0159enou organizac\u00ed.<\/p><p>Dohodu o v\u00fdkonu p\u011bstounsk\u00e9 p\u00e9\u010de <strong>mus\u00ed p\u011bstoun \u010di poru\u010dn\u00edk uzav\u0159\u00edt do 30 dn\u016f ode dne nabyt\u00ed pr\u00e1vn\u00ed moci rozhodnut\u00ed p\u0159\u00edslu\u0161n\u00e9ho soudu o sv\u011b\u0159en\u00ed d\u00edt\u011bte\/d\u011bt\u00ed do jejich p\u011bstounsk\u00e9 \u010di poru\u010dnick\u00e9 p\u00e9\u010de.<\/strong><\/p><p><strong>P\u011bstouni na p\u0159echodnou dobu jsou tuto dohodu povinni uzav\u0159\u00edt ode dne za\u0159azen\u00ed do evidence osob, kter\u00e9 mohou vykon\u00e1vat p\u011bstounskou p\u00e9\u010di na p\u0159echodnou dobu p\u0159\u00edslu\u0161n\u00e9ho krajsk\u00e9ho \u00fa\u0159adu.<\/strong><\/p><p>Jsou-li p\u011bstouni, poru\u010dn\u00edci nebo p\u011bstouni na p\u0159echodnou dobu man\u017eel\u00e9, uzav\u00edraj\u00ed <strong>pouze jednu dohodu o v\u00fdkonu p\u011bstounsk\u00e9 p\u00e9\u010de.<\/strong><\/p><p>Rovn\u011b\u017e tyto osoby uzav\u00edraj\u00ed pouze <strong>jednu dohodu o v\u00fdkonu p\u011bstounsk\u00e9 p\u00e9\u010de<\/strong>, bez ohledu na po\u010det sv\u011b\u0159en\u00fdch d\u011bt\u00ed do jejich p\u00e9\u010de.<\/p><p>Dle Nov\u00e9ho ob\u010dansk\u00e9ho z\u00e1kon\u00edku soud zpravidla um\u00edst\u00ed d\u00edt\u011b do p\u00e9\u010de p\u011bstoun\u016f na dobu, po kterou trv\u00e1 rodi\u010d\u016fm p\u0159ek\u00e1\u017eka v osobn\u00ed p\u00e9\u010di o d\u00edt\u011b s t\u00edm, \u017ee rodi\u010d m\u016f\u017ee kdykoli po\u017e\u00e1dat soud o vr\u00e1cen\u00ed d\u00edt\u011bte zp\u011bt do sv\u00e9 osobn\u00ed p\u00e9\u010de. Proto i takzvan\u00e1 klasick\u00e1 dlouhodob\u00e1 p\u011bstounsk\u00e1 p\u00e9\u010de m\u016f\u017ee m\u00edt jen do\u010dasn\u00e9 trv\u00e1n\u00ed. Pokud v\u0161ak biologick\u00fd rodi\u010d z\u00e1jem neprojev\u00ed, trv\u00e1 dlouhodob\u00e1 p\u011bstounsk\u00e1 p\u00e9\u010de do 18 let v\u011bku sv\u011b\u0159en\u00e9ho d\u00edt\u011bte.<\/p><p>V\u00a0p\u0159\u00edpad\u011b p\u011bstoun\u016f poskytuj\u00edc\u00ed p\u011bstounskou p\u00e9\u010di na p\u0159echodnou dobu dohoda trv\u00e1 po dobu, po kterou je\u00a0osoba rozhodnut\u00edm krajsk\u00e9ho \u00fa\u0159adu vedena v\u00a0evidenci osob, kter\u00e9 mohou vykon\u00e1vat p\u011bstounskou p\u00e9\u010di na p\u0159echodnou dobu.<\/p><p>V\u00a0p\u0159\u00edpad\u011b uzav\u0159en\u00ed Dohody o v\u00fdkonu p\u011bstounsk\u00e9 p\u00e9\u010de na\u0161e organizace zaji\u0161\u0165uje poskytov\u00e1n\u00ed komplexn\u00ed podpory p\u011bstounsk\u00fdm rodin\u00e1m tak, aby p\u011bstouni m\u011bli podm\u00ednky pro zvy\u0161ov\u00e1n\u00ed kvality p\u00e9\u010de o jim sv\u011b\u0159en\u00e9 d\u011bti, a z\u00e1rove\u0148 aby d\u011bti m\u011bly v n\u00e1hradn\u00ed rodin\u011b podm\u00ednky pro sv\u016fj nejlep\u0161\u00ed v\u00fdvoj. Nejvy\u0161\u0161\u00edm hlediskem pro poskytov\u00e1n\u00ed podpory je blaho, prosp\u011bch a z\u00e1jem d\u00edt\u011bte. Podporu p\u011bstounsk\u00fdch rodin realizujeme vytvo\u0159en\u00edm bezpe\u010dn\u00e9ho, d\u016fv\u011bryhodn\u00e9ho vztahu v r\u00e1mci dlouhodob\u00e9 spolupr\u00e1ce mezi jedn\u00edm pr\u016fvodcem a p\u011bstounskou rodinou.<\/p><p>P\u011bstoun\u016fm, poru\u010dn\u00edk\u016fm a osob\u00e1m poskytuj\u00edc\u00edm p\u011bstounskou p\u00e9\u010di na p\u0159echodnou dobu poskytujeme v\u0161echny slu\u017eby, kter\u00e9 ukl\u00e1d\u00e1 z\u00e1kon, tedy\u00a0<strong>doprov\u00e1zen\u00ed, respitn\u00ed p\u00e9\u010di,<\/strong> <strong>zprost\u0159edkov\u00e1n\u00ed psychologick\u00e9, terapeutick\u00e9 nebo jin\u00e9 odborn\u00e9 pomoci alespo\u0148 jednou za 6 m\u011bs\u00edc\u016f, zprost\u0159edkov\u00e1n\u00ed nebo zaji\u0161t\u011bn\u00ed bezplatn\u00e9 mo\u017enosti zvy\u0161ovat si znalosti a dovednosti v\u00a0oblasti v\u00fdchovy a p\u00e9\u010de o sv\u011b\u0159en\u00e9 d\u00edt\u011b\/d\u011bti, pomoc a zprost\u0159edkov\u00e1n\u00ed styku d\u00edt\u011bte\/d\u011bt\u00ed s\u00a0biologickou rodinou \u010di osobami bl\u00edzk\u00fdmi d\u00edt\u011bte v\u010detn\u011b zaji\u0161t\u011bn\u00ed asistence p\u0159i tomto styku, letn\u00ed pobytov\u00fd \u010di p\u0159\u00edm\u011bstsk\u00fd t\u00e1bor pro d\u011bti v\u00a0n\u00e1hradn\u00ed rodinn\u00e9 p\u00e9\u010di, v\u00fdchovn\u011b-vzd\u011bl\u00e1vac\u00ed aktivity pro d\u011bti apod. <\/strong><\/p><p><strong>V\u00a0p\u0159\u00edpad\u011b z\u00e1jmu kontaktujte vedouc\u00ed pro oblast n\u00e1hradn\u00ed rodinn\u00e9 p\u00e9\u010de, Bc. Kate\u0159inu N\u00e1vratovou, tel. 737\u00a0208\u00a0566, email: <a href=\"mailto:n\u00e1vratov\u00e1@rcchaloupka.cz\">n\u00e1vratov\u00e1@rcchaloupka.cz<\/a>. <\/strong><\/p><p><strong>V\u00a0SOU\u010cASN\u00c9 DOB\u011a M\u00c1ME VOLN\u00c1 M\u00cdSTA PRO UZAV\u00cdR\u00c1N\u00cd DOHOD O V\u00ddKONU P\u011aSTOUNSK\u00c9 P\u00c9\u010cE.<\/strong><\/p>","_et_gb_content_width":"","footnotes":""},"_links":{"self":[{"href":"https:\/\/www.stantesepestouny.cz\/index.php?rest_route=\/wp\/v2\/pages\/72"}],"collection":[{"href":"https:\/\/www.stantesepestouny.cz\/index.php?rest_route=\/wp\/v2\/pages"}],"about":[{"href":"https:\/\/www.stantesepestouny.cz\/index.php?rest_route=\/wp\/v2\/types\/page"}],"author":[{"embeddable":true,"href":"https:\/\/www.stantesepestouny.cz\/index.php?rest_route=\/wp\/v2\/users\/8"}],"replies":[{"embeddable":true,"href":"https:\/\/www.stantesepestouny.cz\/index.php?rest_route=%2Fwp%2Fv2%2Fcomments&post=72"}],"version-history":[{"count":6,"href":"https:\/\/www.stantesepestouny.cz\/index.php?rest_route=\/wp\/v2\/pages\/72\/revisions"}],"predecessor-version":[{"id":2817,"href":"https:\/\/www.stantesepestouny.cz\/index.php?rest_route=\/wp\/v2\/pages\/72\/revisions\/2817"}],"up":[{"embeddable":true,"href":"https:\/\/www.stantesepestouny.cz\/index.php?rest_route=\/wp\/v2\/pages\/57"}],"wp:attachment":[{"href":"https:\/\/www.stantesepestouny.cz\/index.php?rest_route=%2Fwp%2Fv2%2Fmedia&parent=72"}],"curies":[{"name":"wp","href":"https:\/\/api.w.org\/{rel}","templated":true}]}}