{"id":534,"date":"2017-08-31T14:05:52","date_gmt":"2017-08-31T12:05:52","guid":{"rendered":"https:\/\/www.stantesepestouny.cz\/?page_id=534"},"modified":"2021-01-07T08:24:24","modified_gmt":"2021-01-07T07:24:24","slug":"formulare","status":"publish","type":"page","link":"https:\/\/www.stantesepestouny.cz\/?page_id=534","title":{"rendered":"Formul\u00e1\u0159e"},"content":{"rendered":"<p>[et_pb_section fb_built=&#8220;1&#8243; admin_label=&#8220;section&#8220; _builder_version=&#8220;3.22&#8243;][et_pb_row admin_label=&#8220;row&#8220; _builder_version=&#8220;3.25&#8243; background_size=&#8220;initial&#8220; background_position=&#8220;top_left&#8220; background_repeat=&#8220;repeat&#8220; custom_padding=&#8220;27px|0px|27px|0px&#8220;][et_pb_column type=&#8220;4_4&#8243; _builder_version=&#8220;3.25&#8243; custom_padding=&#8220;|||&#8220; custom_padding__hover=&#8220;|||&#8220;][et_pb_text admin_label=&#8220;Text&#8220; _builder_version=&#8220;3.27.4&#8243; background_size=&#8220;initial&#8220; background_position=&#8220;top_left&#8220; background_repeat=&#8220;repeat&#8220;]<span style=\"font-size: xx-large; color: #e84747;\"><strong>Formul\u00e1\u0159e<\/strong><\/span><\/p>\n<p class=\"\"><span style=\"font-size: large; color: #000000;\">Zde si m\u016f\u017eete st\u00e1hnout ve\u0161ker\u00e9 formul\u00e1\u0159e<\/span><\/p>\n<p>[\/et_pb_text][\/et_pb_column][\/et_pb_row][et_pb_row admin_label=&#8220;row&#8220; _builder_version=&#8220;3.25&#8243; background_size=&#8220;initial&#8220; background_position=&#8220;top_left&#8220; background_repeat=&#8220;repeat&#8220; column_structure=&#8220;1_2,1_2&#8243;][et_pb_column type=&#8220;1_2&#8243; _builder_version=&#8220;3.25&#8243; custom_padding=&#8220;|||&#8220; custom_padding__hover=&#8220;|||&#8220;][et_pb_text admin_label=&#8220;Text&#8220; _builder_version=&#8220;3.27.4&#8243; background_size=&#8220;initial&#8220; background_position=&#8220;top_left&#8220; background_repeat=&#8220;repeat&#8220;]<\/p>\n<p>&nbsp;<\/p>\n<p>\u00a0<strong style=\"font-size: large;\">Dohoda o v\u00fdkonu p\u011bstounsk\u00e9 p\u00e9\u010de<\/strong><\/p>\n<p>[\/et_pb_text][\/et_pb_column][et_pb_column type=&#8220;1_2&#8243; _builder_version=&#8220;3.25&#8243; custom_padding=&#8220;|||&#8220; custom_padding__hover=&#8220;|||&#8220;][et_pb_image src=&#8220;https:\/\/www.stantesepestouny.cz\/wp-content\/uploads\/2017\/09\/PDF.png&#8220; url=&#8220;https:\/\/www.stantesepestouny.cz\/wp-content\/uploads\/2017\/09\/WEB_Formular_Dohoda_o_vykonu_pestounske_pece.pdf&#8220; url_new_window=&#8220;on&#8220; align_tablet=&#8220;center&#8220; align_last_edited=&#8220;on|desktop&#8220; admin_label=&#8220;Obr\u00e1zek&#8220; _builder_version=&#8220;3.23&#8243; max_width=&#8220;70px&#8220; animation_style=&#8220;slide&#8220; animation_direction=&#8220;left&#8220; animation_duration=&#8220;500ms&#8220; animation_intensity_slide=&#8220;10%&#8220;][\/et_pb_image][\/et_pb_column][\/et_pb_row][et_pb_row admin_label=&#8220;row&#8220; _builder_version=&#8220;3.25&#8243; background_size=&#8220;initial&#8220; background_position=&#8220;top_left&#8220; background_repeat=&#8220;repeat&#8220; column_structure=&#8220;1_2,1_2&#8243;][et_pb_column type=&#8220;1_2&#8243; _builder_version=&#8220;3.25&#8243; custom_padding=&#8220;|||&#8220; custom_padding__hover=&#8220;|||&#8220;][et_pb_text admin_label=&#8220;Text&#8220; _builder_version=&#8220;3.27.4&#8243; background_size=&#8220;initial&#8220; background_position=&#8220;top_left&#8220; background_repeat=&#8220;repeat&#8220;]<\/p>\n<p>&nbsp;<\/p>\n<p>\u00a0<strong style=\"font-size: large;\">Dohoda o v\u00fdkonu p\u011bstounsk\u00e9 p\u00e9\u010de na p\u0159echodnou dobu<\/strong><\/p>\n<p>[\/et_pb_text][\/et_pb_column][et_pb_column type=&#8220;1_2&#8243; _builder_version=&#8220;3.25&#8243; custom_padding=&#8220;|||&#8220; custom_padding__hover=&#8220;|||&#8220;][et_pb_image src=&#8220;https:\/\/www.stantesepestouny.cz\/wp-content\/uploads\/2017\/09\/PDF.png&#8220; url=&#8220;https:\/\/www.stantesepestouny.cz\/wp-content\/uploads\/2017\/09\/WEB_Formular_Dohoda_o_vykonu_pestounske_pece_na_prechodnou_dobu.pdf&#8220; url_new_window=&#8220;on&#8220; align_tablet=&#8220;center&#8220; align_last_edited=&#8220;on|desktop&#8220; admin_label=&#8220;Obr\u00e1zek&#8220; _builder_version=&#8220;3.23&#8243; max_width=&#8220;70px&#8220; animation_style=&#8220;slide&#8220; animation_direction=&#8220;left&#8220; animation_duration=&#8220;500ms&#8220; animation_intensity_slide=&#8220;10%&#8220;][\/et_pb_image][\/et_pb_column][\/et_pb_row][et_pb_row admin_label=&#8220;row&#8220; _builder_version=&#8220;3.25&#8243; background_size=&#8220;initial&#8220; background_position=&#8220;top_left&#8220; background_repeat=&#8220;repeat&#8220; column_structure=&#8220;1_2,1_2&#8243;][et_pb_column type=&#8220;1_2&#8243; _builder_version=&#8220;3.25&#8243; custom_padding=&#8220;|||&#8220; custom_padding__hover=&#8220;|||&#8220;][et_pb_text admin_label=&#8220;Text&#8220; _builder_version=&#8220;3.27.4&#8243; background_size=&#8220;initial&#8220; background_position=&#8220;top_left&#8220; background_repeat=&#8220;repeat&#8220; use_border_color=&#8220;off&#8220; border_color=&#8220;#ffffff&#8220; border_style=&#8220;solid&#8220;]<\/p>\n<p>&nbsp;<\/p>\n<p>\u00a0<b style=\"font-size: 18px;\">Smlouva o hl\u00eddan\u00ed d\u011bt\u00ed &#8211; respitn\u00ed p\u00e9\u010de<\/b><\/p>\n<p>[\/et_pb_text][\/et_pb_column][et_pb_column type=&#8220;1_2&#8243; _builder_version=&#8220;3.25&#8243; custom_padding=&#8220;|||&#8220; custom_padding__hover=&#8220;|||&#8220;][et_pb_image src=&#8220;https:\/\/www.stantesepestouny.cz\/wp-content\/uploads\/2017\/09\/PDF.png&#8220; url=&#8220;https:\/\/www.stantesepestouny.cz\/wp-content\/uploads\/2017\/09\/WEB_formular_Smlouva_hlidani_deti_respitni_pece.pdf&#8220; url_new_window=&#8220;on&#8220; align_tablet=&#8220;center&#8220; align_last_edited=&#8220;on|desktop&#8220; admin_label=&#8220;Obr\u00e1zek&#8220; _builder_version=&#8220;3.23&#8243; max_width=&#8220;70px&#8220; animation_style=&#8220;slide&#8220; animation_direction=&#8220;left&#8220; animation_duration=&#8220;500ms&#8220; animation_intensity_slide=&#8220;10%&#8220;][\/et_pb_image][\/et_pb_column][\/et_pb_row][et_pb_row admin_label=&#8220;row&#8220; _builder_version=&#8220;3.25&#8243; background_size=&#8220;initial&#8220; background_position=&#8220;top_left&#8220; background_repeat=&#8220;repeat&#8220; column_structure=&#8220;1_2,1_2&#8243;][et_pb_column type=&#8220;1_2&#8243; _builder_version=&#8220;3.25&#8243; custom_padding=&#8220;|||&#8220; custom_padding__hover=&#8220;|||&#8220;][et_pb_text admin_label=&#8220;Text&#8220; _builder_version=&#8220;3.27.4&#8243; background_size=&#8220;initial&#8220; background_position=&#8220;top_left&#8220; background_repeat=&#8220;repeat&#8220;]<\/p>\n<p>\u00a0<span style=\"font-size: 14px;\">\u00a0<\/span><\/p>\n<p class=\"\"><span style=\"font-size: large;\"><strong>St\u00ed\u017enost<\/strong><\/span><\/p>\n<p>[\/et_pb_text][\/et_pb_column][et_pb_column type=&#8220;1_2&#8243; _builder_version=&#8220;3.25&#8243; custom_padding=&#8220;|||&#8220; custom_padding__hover=&#8220;|||&#8220;][et_pb_image src=&#8220;https:\/\/www.stantesepestouny.cz\/wp-content\/uploads\/2017\/09\/PDF.png&#8220; url=&#8220;https:\/\/www.stantesepestouny.cz\/wp-content\/uploads\/2017\/09\/WEB_formular_Stiznost.pdf&#8220; url_new_window=&#8220;on&#8220; align_tablet=&#8220;center&#8220; align_last_edited=&#8220;on|desktop&#8220; admin_label=&#8220;Obr\u00e1zek&#8220; _builder_version=&#8220;3.23&#8243; max_width=&#8220;70px&#8220; animation_style=&#8220;slide&#8220; animation_direction=&#8220;left&#8220; animation_duration=&#8220;500ms&#8220; animation_intensity_slide=&#8220;10%&#8220;][\/et_pb_image][\/et_pb_column][\/et_pb_row][et_pb_row admin_label=&#8220;row&#8220; _builder_version=&#8220;3.25&#8243; background_size=&#8220;initial&#8220; background_position=&#8220;top_left&#8220; background_repeat=&#8220;repeat&#8220; column_structure=&#8220;1_2,1_2&#8243;][et_pb_column type=&#8220;1_2&#8243; _builder_version=&#8220;3.25&#8243; custom_padding=&#8220;|||&#8220; custom_padding__hover=&#8220;|||&#8220;][et_pb_text admin_label=&#8220;Text&#8220; _builder_version=&#8220;3.27.4&#8243; background_size=&#8220;initial&#8220; background_position=&#8220;top_left&#8220; background_repeat=&#8220;repeat&#8220; use_border_color=&#8220;off&#8220; border_color=&#8220;#ffffff&#8220; border_style=&#8220;solid&#8220;]<\/p>\n<p>\u00a0<span style=\"font-size: 14px;\">\u00a0<\/span><\/p>\n<p class=\"\"><span style=\"font-size: large;\"><strong>\u017d\u00e1dost o \u010derp\u00e1n\u00ed dlouhodob\u00e9 respitn\u00ed p\u00e9\u010de<\/strong><\/span><\/p>\n<p>[\/et_pb_text][\/et_pb_column][et_pb_column type=&#8220;1_2&#8243; _builder_version=&#8220;3.25&#8243; custom_padding=&#8220;|||&#8220; custom_padding__hover=&#8220;|||&#8220;][et_pb_image src=&#8220;https:\/\/www.stantesepestouny.cz\/wp-content\/uploads\/2017\/09\/PDF.png&#8220; url=&#8220;https:\/\/www.stantesepestouny.cz\/wp-content\/uploads\/2017\/09\/WEB_formular_Zadost_o_cerpani_dlouhodobe_respitni_pece.pdf&#8220; url_new_window=&#8220;on&#8220; align_tablet=&#8220;center&#8220; align_last_edited=&#8220;on|desktop&#8220; admin_label=&#8220;Obr\u00e1zek&#8220; _builder_version=&#8220;3.23&#8243; max_width=&#8220;70px&#8220; animation_style=&#8220;slide&#8220; animation_direction=&#8220;left&#8220; animation_duration=&#8220;500ms&#8220; animation_intensity_slide=&#8220;10%&#8220;][\/et_pb_image][\/et_pb_column][\/et_pb_row][\/et_pb_section]<\/p>\n","protected":false},"excerpt":{"rendered":"<p>Formul\u00e1\u0159e Zde si m\u016f\u017eete st\u00e1hnout ve\u0161ker\u00e9 formul\u00e1\u0159e&nbsp; \u00a0Dohoda o v\u00fdkonu p\u011bstounsk\u00e9 p\u00e9\u010de&nbsp; \u00a0Dohoda o v\u00fdkonu p\u011bstounsk\u00e9 p\u00e9\u010de na p\u0159echodnou dobu&nbsp; \u00a0Smlouva o hl\u00eddan\u00ed d\u011bt\u00ed &#8211; respitn\u00ed p\u00e9\u010de\u00a0\u00a0 St\u00ed\u017enost\u00a0\u00a0 \u017d\u00e1dost o \u010derp\u00e1n\u00ed dlouhodob\u00e9 respitn\u00ed p\u00e9\u010de<\/p>\n","protected":false},"author":8,"featured_media":0,"parent":0,"menu_order":0,"comment_status":"closed","ping_status":"closed","template":"","meta":{"_et_pb_use_builder":"on","_et_pb_old_content":"","_et_gb_content_width":"","footnotes":""},"_links":{"self":[{"href":"https:\/\/www.stantesepestouny.cz\/index.php?rest_route=\/wp\/v2\/pages\/534"}],"collection":[{"href":"https:\/\/www.stantesepestouny.cz\/index.php?rest_route=\/wp\/v2\/pages"}],"about":[{"href":"https:\/\/www.stantesepestouny.cz\/index.php?rest_route=\/wp\/v2\/types\/page"}],"author":[{"embeddable":true,"href":"https:\/\/www.stantesepestouny.cz\/index.php?rest_route=\/wp\/v2\/users\/8"}],"replies":[{"embeddable":true,"href":"https:\/\/www.stantesepestouny.cz\/index.php?rest_route=%2Fwp%2Fv2%2Fcomments&post=534"}],"version-history":[{"count":2,"href":"https:\/\/www.stantesepestouny.cz\/index.php?rest_route=\/wp\/v2\/pages\/534\/revisions"}],"predecessor-version":[{"id":2276,"href":"https:\/\/www.stantesepestouny.cz\/index.php?rest_route=\/wp\/v2\/pages\/534\/revisions\/2276"}],"wp:attachment":[{"href":"https:\/\/www.stantesepestouny.cz\/index.php?rest_route=%2Fwp%2Fv2%2Fmedia&parent=534"}],"curies":[{"name":"wp","href":"https:\/\/api.w.org\/{rel}","templated":true}]}}