{"id":1823,"date":"2020-01-23T17:44:13","date_gmt":"2020-01-23T16:44:13","guid":{"rendered":"https:\/\/www.stantesepestouny.cz\/?page_id=1823"},"modified":"2020-03-02T07:35:13","modified_gmt":"2020-03-02T06:35:13","slug":"podpora-ze-strany-spod","status":"publish","type":"page","link":"https:\/\/www.stantesepestouny.cz\/?page_id=1823","title":{"rendered":"Podpora ze strany SPOD"},"content":{"rendered":"<p>[et_pb_section fb_built=&#8220;1&#8243; _builder_version=&#8220;4.0.7&#8243;][et_pb_row _builder_version=&#8220;4.0.7&#8243;][et_pb_column type=&#8220;4_4&#8243; _builder_version=&#8220;4.0.7&#8243;][et_pb_text _builder_version=&#8220;4.0.7&#8243;]<\/p>\n<p><span style=\"font-size: xx-large; color: #e02b20;\"><strong>Podpora ze strany SPOD<\/strong><\/span><\/p>\n<p>[\/et_pb_text][\/et_pb_column][\/et_pb_row][et_pb_row _builder_version=&#8220;4.0.7&#8243;][et_pb_column type=&#8220;4_4&#8243; _builder_version=&#8220;4.0.7&#8243;][et_pb_text _builder_version=&#8220;4.0.7&#8243;]<\/p>\n<p style=\"text-align: justify;\"><span style=\"font-size: x-large;\"><strong>PODPORA DOPROV\u00c1ZEJ\u00cdC\u00cdCH ORGANIZAC\u00cd\u00a0<\/strong><strong>ZE STRAN\u00a0<\/strong><strong>OBECN\u00cdCH \u00da\u0158AD\u016e OBC\u00cd S\u00a0ROZ\u0160\u00cd\u0158ENOU P\u016eSOBNOST\u00cd\u00a0<\/strong><strong>V\u00a0MORAVSKOSLEZSK\u00c9M KRAJI<\/strong><\/span><\/p>\n<p style=\"text-align: justify;\"><span style=\"font-size: large;\">V\u00a0r\u00e1mci na\u0161eho \u00fasil\u00ed v\u00a0kampani: <strong>\u201eZachra\u0148me organizace pom\u00e1haj\u00edc\u00ed d\u011btem v\u00a0p\u011bstounsk\u00e9 p\u00e9\u010di\u201c<\/strong>,jsme si dovolili oslovit p\u0159edn\u00ed p\u0159edstavitel\u00e9 obecn\u00edch \u00fa\u0159ad\u016f obc\u00ed s\u00a0roz\u0161\u00ed\u0159enou p\u016fsobnost\u00ed v\u00a0Moravskoslezsk\u00e9m kraji.<\/span><\/p>\n<p style=\"text-align: justify;\"><span style=\"font-size: large;\">Tyto obce, jejich p\u0159edstavitele, jsme po\u017e\u00e1dali o stru\u010dn\u00e9 vyj\u00e1d\u0159en\u00ed <strong>k\u00a0pot\u0159ebnosti zachov\u00e1n\u00ed a podpory doprov\u00e1zej\u00edc\u00edch organizac\u00ed v\u00a0r\u00e1mci syst\u00e9mu n\u00e1hradn\u00ed rodinn\u00e9 p\u00e9\u010de v\u00a0na\u0161\u00ed republice<\/strong> v\u00a0n\u00e1vaznosti na p\u0159ipom\u00ednkov\u00e1n\u00ed n\u00e1vrhu z\u00e1kona, kter\u00fdm se m\u011bn\u00ed z\u00e1kon \u010d. 359\/1999 Sb., o soci\u00e1ln\u011b-pr\u00e1vn\u00ed ochran\u011b d\u011bt\u00ed, ve zn\u011bn\u00ed aktu\u00e1ln\u00edch pr\u00e1vn\u00edch p\u0159edpis\u016f.<\/span><\/p>\n<p style=\"text-align: justify;\"><span style=\"font-size: large;\">Na\u0161e \u017e\u00e1dost byla odesl\u00e1na dne <strong>15.1.2020<\/strong> t\u011bmto obecn\u00edm \u00fa\u0159ad\u016fm obc\u00ed s\u00a0roz\u0161\u00ed\u0159enou p\u016fsobnost\u00ed:<\/span><\/p>\n<ul style=\"text-align: justify;\">\n<li><span style=\"font-size: large;\">M\u011bstsk\u00fd \u00fa\u0159ad Fren\u0161t\u00e1t pod Radho\u0161t\u011bm<\/span><\/li>\n<li><span style=\"font-size: large;\">M\u011bstsk\u00fd \u00fa\u0159ad R\u00fdma\u0159ov<\/span><\/li>\n<li><span style=\"font-size: large;\">M\u011bstsk\u00fd \u00fa\u0159ad Krnov<\/span><\/li>\n<li><span style=\"font-size: large;\">M\u011bstsk\u00fd \u00fa\u0159ad Brunt\u00e1l<\/span><\/li>\n<li><span style=\"font-size: large;\">M\u011bstsk\u00fd \u00fa\u0159ad Nov\u00fd Ji\u010d\u00edn<\/span><\/li>\n<li><span style=\"font-size: large;\">Magistr\u00e1t m\u011bsta Hav\u00ed\u0159ova<\/span><\/li>\n<li><span style=\"font-size: large;\">M\u011bstsk\u00fd \u00fa\u0159ad Fr\u00fddlant nad Ostravic\u00ed<\/span><\/li>\n<li><span style=\"font-size: large;\">M\u011bstsk\u00fd \u00fa\u0159ad Jablunkov<\/span><\/li>\n<li><span style=\"font-size: large;\">Magistr\u00e1t m\u011bsta T\u0159ince<\/span><\/li>\n<li><span style=\"font-size: large;\">M\u011bstsk\u00fd \u00fa\u0159ad Orlov\u00e1<\/span><\/li>\n<li><span style=\"font-size: large;\">Magistr\u00e1t m\u011bsta Fr\u00fddku \u2013 M\u00edstku<\/span><\/li>\n<li><span style=\"font-size: large;\">Statut\u00e1rn\u00ed m\u011bsto Karvin\u00e1<\/span><\/li>\n<li><span style=\"font-size: large;\">M\u011bstsk\u00fd \u00fa\u0159ad Bohum\u00edn<\/span><\/li>\n<li><span style=\"font-size: large;\">M\u011bstsk\u00fd \u00fa\u0159ad \u010cesk\u00fd T\u011b\u0161\u00edn<\/span><\/li>\n<li><span style=\"font-size: large;\">Magistr\u00e1t m\u011bsta Opavy<\/span><\/li>\n<li><span style=\"font-size: large;\">M\u011bstsk\u00fd \u00fa\u0159ad V\u00edtkov<\/span><\/li>\n<li><span style=\"font-size: large;\">M\u011bstsk\u00fd \u00fa\u0159ad Odry<\/span><\/li>\n<li><span style=\"font-size: large;\">M\u011bstsk\u00fd \u00fa\u0159ad Hlu\u010d\u00edn<\/span><\/li>\n<li><span style=\"font-size: large;\">M\u011bsto B\u00edlovec<\/span><\/li>\n<li><span style=\"font-size: large;\">M\u011bstsk\u00fd \u00fa\u0159ad Kop\u0159ivnice<\/span><\/li>\n<li><span style=\"font-size: large;\">M\u011bsto Krava\u0159e<\/span><\/li>\n<li><span style=\"font-size: large;\">Magistr\u00e1t m\u011bsta Ostravy<\/span><\/li>\n<\/ul>\n<p style=\"text-align: justify;\"><span style=\"font-size: large;\">Aktu\u00e1ln\u011b prob\u00edh\u00e1 sb\u011br zp\u011btn\u00fdch vazeb v\u00fd\u0161e uveden\u00fdch m\u011bst.<\/span><\/p>\n<p style=\"text-align: justify;\"><span style=\"font-size: large;\">O obsahu jejich sd\u011blen\u00ed v\u00e1s budeme pr\u016fb\u011b\u017en\u011b informovat na t\u011bchto webov\u00fdch str\u00e1nk\u00e1ch a na FB str\u00e1nk\u00e1ch na\u0161\u00ed kampan\u011b: <a href=\"https:\/\/www.facebook.com\/KZOPDVPP\"><span style=\"text-decoration: underline; color: #0c71c3;\"><strong>www.facebook.com\/KZOPDVPP<\/strong><\/span><\/a><\/span><\/p>\n<p style=\"text-align: justify;\"><span style=\"font-size: large;\">Z\u00edskan\u00e1 vyj\u00e1d\u0159en\u00ed obecn\u00edch \u00fa\u0159ad\u016f n\u00e1sledn\u011b za\u0161leme, spolu s dal\u0161\u00edmi dokumenty:<\/span><\/p>\n<ul style=\"text-align: justify;\">\n<li><span style=\"font-size: large;\">Ministryni pr\u00e1ce a soci\u00e1ln\u00edch v\u011bc\u00ed &#8211; -Pol. Jan\u011b Mal\u00e1\u010dov\u00e9, MSc.,<\/span><\/li>\n<li><span style=\"font-size: large;\">Ministryni financ\u00ed &#8211; Alen\u011b Schillerov\u00e9, Ph.D.,<\/span><\/li>\n<li><span style=\"font-size: large;\">Premi\u00e9rovi \u2013 Ing. Andreji Babi\u0161i,<\/span><\/li>\n<li><span style=\"font-size: large;\">Asociaci D\u00edt\u011b a rodina,<\/span><\/li>\n<li><span style=\"font-size: large;\">Asociaci poskytovatel\u016f soci\u00e1ln\u00edch slu\u017eeb,<\/span><\/li>\n<li><span style=\"font-size: large;\">a dal\u0161\u00edm p\u0159edstavitel\u016fm vl\u00e1dy a poslaneck\u00e9 sn\u011bmovny.<\/span><\/li>\n<\/ul>\n<p style=\"text-align: justify;\"><span style=\"font-size: large;\">\u00a0<\/span><\/p>\n<p style=\"text-align: justify;\"><span style=\"font-size: large;\"><strong>\u017d\u00e1dost o stru\u010dn\u00e9 vyj\u00e1d\u0159en\u00ed obecn\u00edch \u00fa\u0159ad\u016f obc\u00ed s\u00a0roz\u0161\u00ed\u0159enou p\u016fsobnost\u00ed je mo\u017en\u00e9 shl\u00e9dnout <span style=\"color: #0c71c3;\"><a href=\"https:\/\/www.stantesepestouny.cz\/wp-content\/uploads\/2020\/01\/Kampan_Zadost_o_vyjadreni_mesta-1.pdf\" style=\"color: #0c71c3;\"><span style=\"text-decoration: underline;\">ZDE<\/span><\/a><\/span>.<\/strong><\/span><\/p>\n<p>[\/et_pb_text][\/et_pb_column][\/et_pb_row][et_pb_row column_structure=&#8220;1_2,1_2&#8243; _builder_version=&#8220;4.0.7&#8243; hover_enabled=&#8220;0&#8243;][et_pb_column type=&#8220;1_2&#8243; _builder_version=&#8220;4.0.7&#8243;][et_pb_text _builder_version=&#8220;4.0.7&#8243; custom_margin=&#8220;|||40px|false|false&#8220; custom_padding=&#8220;24px|0px|||false|false&#8220;]<\/p>\n<p><span style=\"font-size: x-large;\"><strong>M\u011bsto Hav\u00ed\u0159ov &#8211; vyj\u00e1d\u0159en\u00ed<\/strong><\/span><\/p>\n<p>[\/et_pb_text][\/et_pb_column][et_pb_column type=&#8220;1_2&#8243; _builder_version=&#8220;4.0.7&#8243;][et_pb_image src=&#8220;https:\/\/www.stantesepestouny.cz\/wp-content\/uploads\/2017\/09\/PDF.png&#8220; url=&#8220;https:\/\/www.stantesepestouny.cz\/wp-content\/uploads\/2020\/03\/Mesto_Havirov_vyjadreni.pdf&#8220; url_new_window=&#8220;on&#8220; _builder_version=&#8220;4.0.7&#8243; width=&#8220;13%&#8220; hover_enabled=&#8220;0&#8243;][\/et_pb_image][\/et_pb_column][\/et_pb_row][et_pb_row column_structure=&#8220;1_2,1_2&#8243; _builder_version=&#8220;4.0.7&#8243; hover_enabled=&#8220;0&#8243;][et_pb_column type=&#8220;1_2&#8243; _builder_version=&#8220;4.0.7&#8243;][et_pb_text _builder_version=&#8220;4.0.7&#8243; custom_margin=&#8220;|||40px|false|false&#8220; custom_padding=&#8220;24px|0px|||false|false&#8220;]<\/p>\n<p><span style=\"font-size: x-large;\"><strong>M\u011bsto \u010cesk\u00fd T\u011b\u0161\u00edn &#8211; vyj\u00e1d\u0159en\u00ed<\/strong><\/span><\/p>\n<p>[\/et_pb_text][\/et_pb_column][et_pb_column type=&#8220;1_2&#8243; _builder_version=&#8220;4.0.7&#8243;][et_pb_image src=&#8220;https:\/\/www.stantesepestouny.cz\/wp-content\/uploads\/2017\/09\/PDF.png&#8220; url=&#8220;https:\/\/www.stantesepestouny.cz\/wp-content\/uploads\/2020\/03\/Mesto_Cesky_Tesin_vyjadreni.pdf&#8220; url_new_window=&#8220;on&#8220; _builder_version=&#8220;4.0.7&#8243; width=&#8220;13%&#8220; hover_enabled=&#8220;0&#8243;][\/et_pb_image][\/et_pb_column][\/et_pb_row][et_pb_row column_structure=&#8220;1_2,1_2&#8243; _builder_version=&#8220;4.0.7&#8243; hover_enabled=&#8220;0&#8243;][et_pb_column type=&#8220;1_2&#8243; _builder_version=&#8220;4.0.7&#8243;][et_pb_text _builder_version=&#8220;4.0.7&#8243; custom_margin=&#8220;|||40px|false|false&#8220; custom_padding=&#8220;24px|0px|||false|false&#8220;]<\/p>\n<p><span style=\"font-size: x-large;\"><strong>M\u011bsto Orlov\u00e1 &#8211; vyj\u00e1d\u0159en\u00ed<\/strong><\/span><\/p>\n<p>[\/et_pb_text][\/et_pb_column][et_pb_column type=&#8220;1_2&#8243; _builder_version=&#8220;4.0.7&#8243;][et_pb_image src=&#8220;https:\/\/www.stantesepestouny.cz\/wp-content\/uploads\/2017\/09\/PDF.png&#8220; url=&#8220;https:\/\/www.stantesepestouny.cz\/wp-content\/uploads\/2020\/02\/M\u011bsto_Orlova_vyjadreni.pdf&#8220; url_new_window=&#8220;on&#8220; _builder_version=&#8220;4.0.7&#8243; width=&#8220;13%&#8220;][\/et_pb_image][\/et_pb_column][\/et_pb_row][et_pb_row column_structure=&#8220;1_2,1_2&#8243; _builder_version=&#8220;4.0.7&#8243;][et_pb_column type=&#8220;1_2&#8243; _builder_version=&#8220;4.0.7&#8243;][et_pb_text _builder_version=&#8220;4.0.7&#8243; custom_margin=&#8220;|||40px|false|false&#8220; custom_padding=&#8220;24px|0px|||false|false&#8220;]<\/p>\n<p><span style=\"font-size: x-large;\"><strong>M\u011bsto Nov\u00fd Ji\u010d\u00edn &#8211; vyj\u00e1d\u0159en\u00ed<\/strong><\/span><\/p>\n<p>[\/et_pb_text][\/et_pb_column][et_pb_column type=&#8220;1_2&#8243; _builder_version=&#8220;4.0.7&#8243;][et_pb_image src=&#8220;https:\/\/www.stantesepestouny.cz\/wp-content\/uploads\/2017\/09\/PDF.png&#8220; url=&#8220;https:\/\/www.stantesepestouny.cz\/wp-content\/uploads\/2020\/02\/Mesto_Novy_Jicin_vyjadreni.pdf&#8220; url_new_window=&#8220;on&#8220; _builder_version=&#8220;4.0.7&#8243; width=&#8220;13%&#8220;][\/et_pb_image][\/et_pb_column][\/et_pb_row][et_pb_row column_structure=&#8220;1_2,1_2&#8243; _builder_version=&#8220;4.0.7&#8243;][et_pb_column type=&#8220;1_2&#8243; _builder_version=&#8220;4.0.7&#8243;][et_pb_text _builder_version=&#8220;4.0.7&#8243; custom_margin=&#8220;|||40px|false|false&#8220; custom_padding=&#8220;24px|0px|||false|false&#8220;]<\/p>\n<p><span style=\"font-size: x-large;\"><strong>M\u011bsto Brunt\u00e1l &#8211; vyj\u00e1d\u0159en\u00ed<\/strong><\/span><\/p>\n<p>[\/et_pb_text][\/et_pb_column][et_pb_column type=&#8220;1_2&#8243; _builder_version=&#8220;4.0.7&#8243;][et_pb_image src=&#8220;https:\/\/www.stantesepestouny.cz\/wp-content\/uploads\/2017\/09\/PDF.png&#8220; url=&#8220;https:\/\/www.stantesepestouny.cz\/wp-content\/uploads\/2020\/02\/Mesto_Bruntal_vyjadreni.pdf&#8220; url_new_window=&#8220;on&#8220; _builder_version=&#8220;4.0.7&#8243; width=&#8220;13%&#8220;][\/et_pb_image][\/et_pb_column][\/et_pb_row][et_pb_row column_structure=&#8220;1_2,1_2&#8243; _builder_version=&#8220;4.0.7&#8243;][et_pb_column type=&#8220;1_2&#8243; _builder_version=&#8220;4.0.7&#8243;][et_pb_text _builder_version=&#8220;4.0.7&#8243; custom_margin=&#8220;|||40px|false|false&#8220; custom_padding=&#8220;24px|0px|||false|false&#8220;]<\/p>\n<p><span style=\"font-size: x-large;\"><strong>M\u011bsto Bohum\u00edn &#8211; vyj\u00e1d\u0159en\u00ed<\/strong><\/span><\/p>\n<p>[\/et_pb_text][\/et_pb_column][et_pb_column type=&#8220;1_2&#8243; _builder_version=&#8220;4.0.7&#8243;][et_pb_image src=&#8220;https:\/\/www.stantesepestouny.cz\/wp-content\/uploads\/2017\/09\/PDF.png&#8220; url=&#8220;https:\/\/www.stantesepestouny.cz\/wp-content\/uploads\/2020\/02\/Mesto_Bohumin_vyjadreni.pdf&#8220; url_new_window=&#8220;on&#8220; _builder_version=&#8220;4.0.7&#8243; width=&#8220;13%&#8220;][\/et_pb_image][\/et_pb_column][\/et_pb_row][et_pb_row column_structure=&#8220;1_2,1_2&#8243; _builder_version=&#8220;4.0.7&#8243;][et_pb_column type=&#8220;1_2&#8243; _builder_version=&#8220;4.0.7&#8243;][et_pb_text _builder_version=&#8220;4.0.7&#8243; custom_margin=&#8220;|||40px|false|false&#8220; custom_padding=&#8220;24px|0px|||false|false&#8220;]<\/p>\n<p><span style=\"font-size: x-large;\"><strong>M\u011bsto V\u00edtkov &#8211; vyj\u00e1d\u0159en\u00ed<\/strong><\/span><\/p>\n<p>[\/et_pb_text][\/et_pb_column][et_pb_column type=&#8220;1_2&#8243; _builder_version=&#8220;4.0.7&#8243;][et_pb_image src=&#8220;https:\/\/www.stantesepestouny.cz\/wp-content\/uploads\/2017\/09\/PDF.png&#8220; url=&#8220;https:\/\/www.stantesepestouny.cz\/wp-content\/uploads\/2020\/02\/Mesto_V\u00edtkov_vyjadreni.pdf&#8220; url_new_window=&#8220;on&#8220; _builder_version=&#8220;4.0.7&#8243; width=&#8220;13%&#8220;][\/et_pb_image][\/et_pb_column][\/et_pb_row][et_pb_row column_structure=&#8220;1_2,1_2&#8243; _builder_version=&#8220;4.0.7&#8243;][et_pb_column type=&#8220;1_2&#8243; _builder_version=&#8220;4.0.7&#8243;][et_pb_text _builder_version=&#8220;4.0.7&#8243; custom_margin=&#8220;|||40px|false|false&#8220; custom_padding=&#8220;24px|0px|||false|false&#8220;]<\/p>\n<p><span style=\"font-size: x-large;\"><strong>M\u011bsto Opava &#8211; vyj\u00e1d\u0159en\u00ed<\/strong><\/span><\/p>\n<p>[\/et_pb_text][\/et_pb_column][et_pb_column type=&#8220;1_2&#8243; _builder_version=&#8220;4.0.7&#8243;][et_pb_image src=&#8220;https:\/\/www.stantesepestouny.cz\/wp-content\/uploads\/2017\/09\/PDF.png&#8220; url=&#8220;https:\/\/www.stantesepestouny.cz\/wp-content\/uploads\/2020\/01\/Mesto_Opava_vyjadreni.pdf&#8220; url_new_window=&#8220;on&#8220; _builder_version=&#8220;4.0.7&#8243; width=&#8220;13%&#8220;][\/et_pb_image][\/et_pb_column][\/et_pb_row][et_pb_row column_structure=&#8220;1_2,1_2&#8243; _builder_version=&#8220;4.0.7&#8243;][et_pb_column type=&#8220;1_2&#8243; _builder_version=&#8220;4.0.7&#8243;][et_pb_text _builder_version=&#8220;4.0.7&#8243; custom_margin=&#8220;|||40px|false|false&#8220; custom_padding=&#8220;24px|0px|||false|false&#8220;]<\/p>\n<p><span style=\"font-size: x-large;\"><strong>M\u011bsto B\u00edlovec &#8211; vyj\u00e1d\u0159en\u00ed<\/strong><\/span><\/p>\n<p>[\/et_pb_text][\/et_pb_column][et_pb_column type=&#8220;1_2&#8243; _builder_version=&#8220;4.0.7&#8243;][et_pb_image src=&#8220;https:\/\/www.stantesepestouny.cz\/wp-content\/uploads\/2017\/09\/PDF.png&#8220; url=&#8220;https:\/\/www.stantesepestouny.cz\/wp-content\/uploads\/2020\/01\/Mesto_Bilovec_vyjadreni.pdf&#8220; url_new_window=&#8220;on&#8220; _builder_version=&#8220;4.0.7&#8243; width=&#8220;13%&#8220;][\/et_pb_image][\/et_pb_column][\/et_pb_row][et_pb_row column_structure=&#8220;1_2,1_2&#8243; _builder_version=&#8220;4.0.7&#8243;][et_pb_column type=&#8220;1_2&#8243; _builder_version=&#8220;4.0.7&#8243;][et_pb_text _builder_version=&#8220;4.0.7&#8243; custom_margin=&#8220;|||40px|false|false&#8220; custom_padding=&#8220;24px|0px|||false|false&#8220;]<\/p>\n<p><span style=\"font-size: x-large;\"><strong>M\u011bsto Fr\u00fddlant nad Ostravic\u00ed &#8211; vyj\u00e1d\u0159en\u00ed<\/strong><\/span><\/p>\n<p>[\/et_pb_text][\/et_pb_column][et_pb_column type=&#8220;1_2&#8243; _builder_version=&#8220;4.0.7&#8243;][et_pb_image src=&#8220;https:\/\/www.stantesepestouny.cz\/wp-content\/uploads\/2017\/09\/PDF.png&#8220; url=&#8220;https:\/\/www.stantesepestouny.cz\/wp-content\/uploads\/2020\/01\/Mesto_Frydlant_nad_Ostravici_vyjadreni-1.pdf&#8220; url_new_window=&#8220;on&#8220; _builder_version=&#8220;4.0.7&#8243; width=&#8220;13%&#8220;][\/et_pb_image][\/et_pb_column][\/et_pb_row][et_pb_row column_structure=&#8220;1_2,1_2&#8243; _builder_version=&#8220;4.0.7&#8243;][et_pb_column type=&#8220;1_2&#8243; _builder_version=&#8220;4.0.7&#8243;][et_pb_text _builder_version=&#8220;4.0.7&#8243; custom_margin=&#8220;|||40px|false|false&#8220; custom_padding=&#8220;24px|0px|||false|false&#8220;]<\/p>\n<p><span style=\"font-size: x-large;\"><strong>M\u011bsto Fren\u0161t\u00e1t pod Radho\u0161t\u011bm &#8211; vyj\u00e1d\u0159en\u00ed<\/strong><\/span><\/p>\n<p>[\/et_pb_text][\/et_pb_column][et_pb_column type=&#8220;1_2&#8243; _builder_version=&#8220;4.0.7&#8243;][et_pb_image src=&#8220;https:\/\/www.stantesepestouny.cz\/wp-content\/uploads\/2017\/09\/PDF.png&#8220; url=&#8220;https:\/\/www.stantesepestouny.cz\/wp-content\/uploads\/2020\/01\/Mesto_Frenstat_pod_Radhostem_vyjadreni-1.pdf&#8220; url_new_window=&#8220;on&#8220; _builder_version=&#8220;4.0.7&#8243; width=&#8220;13%&#8220;][\/et_pb_image][\/et_pb_column][\/et_pb_row][et_pb_row column_structure=&#8220;1_2,1_2&#8243; _builder_version=&#8220;4.0.7&#8243;][et_pb_column type=&#8220;1_2&#8243; _builder_version=&#8220;4.0.7&#8243;][et_pb_text _builder_version=&#8220;4.0.7&#8243; custom_margin=&#8220;|||40px|false|false&#8220; custom_padding=&#8220;24px|0px|||false|false&#8220;]<\/p>\n<p><span style=\"font-size: x-large;\"><strong>M\u011bsto T\u0159inec &#8211; vyj\u00e1d\u0159en\u00ed<\/strong><\/span><\/p>\n<p>[\/et_pb_text][\/et_pb_column][et_pb_column type=&#8220;1_2&#8243; _builder_version=&#8220;4.0.7&#8243;][et_pb_image src=&#8220;https:\/\/www.stantesepestouny.cz\/wp-content\/uploads\/2017\/09\/PDF.png&#8220; url=&#8220;https:\/\/www.stantesepestouny.cz\/wp-content\/uploads\/2020\/01\/Mesto_Trinec_vyjadreni-1.pdf&#8220; url_new_window=&#8220;on&#8220; _builder_version=&#8220;4.0.7&#8243; width=&#8220;13%&#8220;][\/et_pb_image][\/et_pb_column][\/et_pb_row][et_pb_row column_structure=&#8220;1_2,1_2&#8243; _builder_version=&#8220;4.0.7&#8243;][et_pb_column type=&#8220;1_2&#8243; _builder_version=&#8220;4.0.7&#8243;][et_pb_text _builder_version=&#8220;4.0.7&#8243; custom_margin=&#8220;|||40px|false|false&#8220; custom_padding=&#8220;24px|0px|||false|false&#8220;]<\/p>\n<p><span style=\"font-size: x-large;\"><strong>M\u011bsto Krava\u0159e &#8211; vyj\u00e1d\u0159en\u00ed<\/strong><\/span><\/p>\n<p>[\/et_pb_text][\/et_pb_column][et_pb_column type=&#8220;1_2&#8243; _builder_version=&#8220;4.0.7&#8243;][et_pb_image src=&#8220;https:\/\/www.stantesepestouny.cz\/wp-content\/uploads\/2017\/09\/PDF.png&#8220; url=&#8220;https:\/\/www.stantesepestouny.cz\/wp-content\/uploads\/2020\/01\/Mesto_Kravare_vyjadreni-1.pdf&#8220; url_new_window=&#8220;on&#8220; _builder_version=&#8220;4.0.7&#8243; width=&#8220;13%&#8220;][\/et_pb_image][\/et_pb_column][\/et_pb_row][et_pb_row column_structure=&#8220;1_2,1_2&#8243; _builder_version=&#8220;4.0.7&#8243;][et_pb_column type=&#8220;1_2&#8243; _builder_version=&#8220;4.0.7&#8243;][et_pb_text _builder_version=&#8220;4.0.7&#8243; min_height=&#8220;44px&#8220; custom_margin=&#8220;|||40px|false|false&#8220; custom_padding=&#8220;24px|0px|||false|false&#8220;]<\/p>\n<p><span style=\"font-size: x-large;\"><strong>M\u011bsto Ostrava &#8211; vyj\u00e1d\u0159en\u00ed<\/strong><\/span><\/p>\n<p>[\/et_pb_text][\/et_pb_column][et_pb_column type=&#8220;1_2&#8243; _builder_version=&#8220;4.0.7&#8243;][et_pb_image src=&#8220;https:\/\/www.stantesepestouny.cz\/wp-content\/uploads\/2017\/09\/PDF.png&#8220; url=&#8220;https:\/\/www.stantesepestouny.cz\/wp-content\/uploads\/2020\/01\/Mesto_Ostrava_vyjadreni-1.pdf&#8220; url_new_window=&#8220;on&#8220; _builder_version=&#8220;4.0.7&#8243; width=&#8220;13%&#8220;][\/et_pb_image][\/et_pb_column][\/et_pb_row][\/et_pb_section]<\/p>\n","protected":false},"excerpt":{"rendered":"<p>Podpora ze strany SPODPODPORA DOPROV\u00c1ZEJ\u00cdC\u00cdCH ORGANIZAC\u00cd\u00a0ZE STRAN\u00a0OBECN\u00cdCH \u00da\u0158AD\u016e OBC\u00cd S\u00a0ROZ\u0160\u00cd\u0158ENOU P\u016eSOBNOST\u00cd\u00a0V\u00a0MORAVSKOSLEZSK\u00c9M KRAJI V\u00a0r\u00e1mci na\u0161eho \u00fasil\u00ed v\u00a0kampani: \u201eZachra\u0148me organizace pom\u00e1haj\u00edc\u00ed d\u011btem v\u00a0p\u011bstounsk\u00e9 p\u00e9\u010di\u201c,jsme si dovolili oslovit p\u0159edn\u00ed p\u0159edstavitel\u00e9 obecn\u00edch \u00fa\u0159ad\u016f obc\u00ed s\u00a0roz\u0161\u00ed\u0159enou p\u016fsobnost\u00ed v\u00a0Moravskoslezsk\u00e9m kraji. Tyto obce, jejich p\u0159edstavitele, jsme po\u017e\u00e1dali o stru\u010dn\u00e9 vyj\u00e1d\u0159en\u00ed k\u00a0pot\u0159ebnosti zachov\u00e1n\u00ed a podpory doprov\u00e1zej\u00edc\u00edch organizac\u00ed v\u00a0r\u00e1mci syst\u00e9mu n\u00e1hradn\u00ed rodinn\u00e9 p\u00e9\u010de v\u00a0na\u0161\u00ed [&hellip;]<\/p>\n","protected":false},"author":8,"featured_media":0,"parent":0,"menu_order":0,"comment_status":"closed","ping_status":"closed","template":"","meta":{"_et_pb_use_builder":"on","_et_pb_old_content":"","_et_gb_content_width":"","footnotes":""},"_links":{"self":[{"href":"https:\/\/www.stantesepestouny.cz\/index.php?rest_route=\/wp\/v2\/pages\/1823"}],"collection":[{"href":"https:\/\/www.stantesepestouny.cz\/index.php?rest_route=\/wp\/v2\/pages"}],"about":[{"href":"https:\/\/www.stantesepestouny.cz\/index.php?rest_route=\/wp\/v2\/types\/page"}],"author":[{"embeddable":true,"href":"https:\/\/www.stantesepestouny.cz\/index.php?rest_route=\/wp\/v2\/users\/8"}],"replies":[{"embeddable":true,"href":"https:\/\/www.stantesepestouny.cz\/index.php?rest_route=%2Fwp%2Fv2%2Fcomments&post=1823"}],"version-history":[{"count":10,"href":"https:\/\/www.stantesepestouny.cz\/index.php?rest_route=\/wp\/v2\/pages\/1823\/revisions"}],"predecessor-version":[{"id":1994,"href":"https:\/\/www.stantesepestouny.cz\/index.php?rest_route=\/wp\/v2\/pages\/1823\/revisions\/1994"}],"wp:attachment":[{"href":"https:\/\/www.stantesepestouny.cz\/index.php?rest_route=%2Fwp%2Fv2%2Fmedia&parent=1823"}],"curies":[{"name":"wp","href":"https:\/\/api.w.org\/{rel}","templated":true}]}}