{"id":1819,"date":"2020-01-23T17:43:35","date_gmt":"2020-01-23T16:43:35","guid":{"rendered":"https:\/\/www.stantesepestouny.cz\/?page_id=1819"},"modified":"2020-02-12T12:26:07","modified_gmt":"2020-02-12T11:26:07","slug":"forum-doprovazejicich-organizaci-v-msk","status":"publish","type":"page","link":"https:\/\/www.stantesepestouny.cz\/?page_id=1819","title":{"rendered":"F\u00f3rum"},"content":{"rendered":"<p>[et_pb_section fb_built=&#8220;1&#8243; _builder_version=&#8220;4.0.7&#8243;][et_pb_row _builder_version=&#8220;4.0.7&#8243;][et_pb_column type=&#8220;4_4&#8243; _builder_version=&#8220;4.0.7&#8243;][et_pb_text _builder_version=&#8220;4.0.7&#8243;]<\/p>\n<p><span style=\"font-size: xx-large; color: #e02b20;\"><strong>F\u00f3rum doprov\u00e1zej\u00edc\u00edch organizac\u00ed MSK<\/strong><\/span><\/p>\n<p>[\/et_pb_text][\/et_pb_column][\/et_pb_row][et_pb_row _builder_version=&#8220;4.0.7&#8243;][et_pb_column type=&#8220;4_4&#8243; _builder_version=&#8220;4.0.7&#8243;][et_pb_text _builder_version=&#8220;4.0.7&#8243;]<\/p>\n<p style=\"text-align: justify;\"><span style=\"font-size: large;\">F\u00f3rum doprov\u00e1zej\u00edc\u00edch organizac\u00ed Moravskoslezsk\u00e9ho kraje sdru\u017euje celkem\u00a0<strong>14 doprovodn\u00fdch organizac\u00ed s\u00a0pov\u011b\u0159en\u00edm soci\u00e1ln\u011b-pr\u00e1vn\u00ed ochrany d\u011bt\u00ed na \u00fazem\u00ed Moravskoslezsk\u00e9ho kraje. Tyto organizace doprov\u00e1zej\u00ed asi 1 330 p\u011bstounsk\u00fdch rodin.<\/strong><\/span><\/p>\n<p style=\"text-align: justify;\"><span style=\"font-size: large;\">Iniciativa vznikla v\u00a0roce 2017\u00a0<strong>jako reakce na politick\u00e9 snahy za\u010d\u00e1tkem tohoto roku, kdy n\u011bkte\u0159\u00ed poslanci navrhovali zm\u011bny v\u00a0oblasti n\u00e1hradn\u00ed rodinn\u00e9 p\u00e9\u010de, kter\u00e9 ohro\u017eovaly fungov\u00e1n\u00ed, m\u00edsty a\u017e existenci, doprov\u00e1zej\u00edc\u00edch organizac\u00ed<\/strong>\u00a0(nap\u0159. sn\u00ed\u017een\u00ed st\u00e1tn\u00edho p\u0159\u00edsp\u011bvku na na\u0161i \u010dinnost o polovinu).<\/span><\/p>\n<p style=\"text-align: justify;\"><span style=\"font-size: large;\">To vedlo k\u00a0pot\u0159eb\u011b spojit se a vystupovat jako doprov\u00e1zej\u00edc\u00ed organizace jednotn\u011b.<\/span><\/p>\n<p style=\"text-align: justify;\"><span style=\"font-size: large;\">F\u00f3rum doprov\u00e1zej\u00edc\u00edch organizac\u00ed MSK se poprv\u00e9 se\u0161lo v\u00a0\u00fanoru 2018 a od t\u00e9to doby se sch\u00e1z\u00ed n\u011bkolikr\u00e1t ro\u010dn\u011b s\u00a0c\u00edlem\u00a0<strong>sd\u00edlet informace a zku\u0161enosti ze sv\u00e9 praxe, oslovovat jednotn\u011b vzta\u017en\u00e9 instituce<\/strong>\u00a0(p\u0159ipom\u00ednkov\u00e1n\u00ed instrukc\u00ed, novely z\u00e1kona apod.) a tak\u00e9\u00a0<strong>prezentovat \u010dinnost doprov\u00e1zej\u00edc\u00edch organizac\u00ed<\/strong>, kter\u00e1 nen\u00ed dle na\u0161eho n\u00e1zoru pro \u0161irokou ve\u0159ejnost p\u0159\u00edli\u0161 z\u0159ejm\u00e1 a viditeln\u00e1.\u00a0<\/span><\/p>\n<p>[\/et_pb_text][\/et_pb_column][\/et_pb_row][\/et_pb_section]<\/p>\n","protected":false},"excerpt":{"rendered":"<p>F\u00f3rum doprov\u00e1zej\u00edc\u00edch organizac\u00ed MSKF\u00f3rum doprov\u00e1zej\u00edc\u00edch organizac\u00ed Moravskoslezsk\u00e9ho kraje sdru\u017euje celkem\u00a014 doprovodn\u00fdch organizac\u00ed s\u00a0pov\u011b\u0159en\u00edm soci\u00e1ln\u011b-pr\u00e1vn\u00ed ochrany d\u011bt\u00ed na \u00fazem\u00ed Moravskoslezsk\u00e9ho kraje. Tyto organizace doprov\u00e1zej\u00ed asi 1 330 p\u011bstounsk\u00fdch rodin. Iniciativa vznikla v\u00a0roce 2017\u00a0jako reakce na politick\u00e9 snahy za\u010d\u00e1tkem tohoto roku, kdy n\u011bkte\u0159\u00ed poslanci navrhovali zm\u011bny v\u00a0oblasti n\u00e1hradn\u00ed rodinn\u00e9 p\u00e9\u010de, kter\u00e9 ohro\u017eovaly fungov\u00e1n\u00ed, m\u00edsty a\u017e existenci, doprov\u00e1zej\u00edc\u00edch [&hellip;]<\/p>\n","protected":false},"author":8,"featured_media":0,"parent":0,"menu_order":0,"comment_status":"closed","ping_status":"closed","template":"","meta":{"_et_pb_use_builder":"on","_et_pb_old_content":"","_et_gb_content_width":"","footnotes":""},"_links":{"self":[{"href":"https:\/\/www.stantesepestouny.cz\/index.php?rest_route=\/wp\/v2\/pages\/1819"}],"collection":[{"href":"https:\/\/www.stantesepestouny.cz\/index.php?rest_route=\/wp\/v2\/pages"}],"about":[{"href":"https:\/\/www.stantesepestouny.cz\/index.php?rest_route=\/wp\/v2\/types\/page"}],"author":[{"embeddable":true,"href":"https:\/\/www.stantesepestouny.cz\/index.php?rest_route=\/wp\/v2\/users\/8"}],"replies":[{"embeddable":true,"href":"https:\/\/www.stantesepestouny.cz\/index.php?rest_route=%2Fwp%2Fv2%2Fcomments&post=1819"}],"version-history":[{"count":10,"href":"https:\/\/www.stantesepestouny.cz\/index.php?rest_route=\/wp\/v2\/pages\/1819\/revisions"}],"predecessor-version":[{"id":1953,"href":"https:\/\/www.stantesepestouny.cz\/index.php?rest_route=\/wp\/v2\/pages\/1819\/revisions\/1953"}],"wp:attachment":[{"href":"https:\/\/www.stantesepestouny.cz\/index.php?rest_route=%2Fwp%2Fv2%2Fmedia&parent=1819"}],"curies":[{"name":"wp","href":"https:\/\/api.w.org\/{rel}","templated":true}]}}