{"id":1794,"date":"2020-01-22T17:36:14","date_gmt":"2020-01-22T16:36:14","guid":{"rendered":"https:\/\/www.stantesepestouny.cz\/?page_id=1794"},"modified":"2020-03-02T07:18:04","modified_gmt":"2020-03-02T06:18:04","slug":"kampan-zachranme-organizace-pomahajici-detem-v-pp","status":"publish","type":"page","link":"https:\/\/www.stantesepestouny.cz\/?page_id=1794","title":{"rendered":"Kampa\u0148 &#8211; Zachra\u0148me organizace pom\u00e1haj\u00edc\u00ed d\u011btem v PP"},"content":{"rendered":"<p>[et_pb_section fb_built=&#8220;1&#8243; admin_label=&#8220;section&#8220; _builder_version=&#8220;3.22&#8243; inline_fonts=&#8220;Amatic SC&#8220;][et_pb_row admin_label=&#8220;\u0158\u00e1dek&#8220; _builder_version=&#8220;3.25&#8243; background_size=&#8220;initial&#8220; background_position=&#8220;top_left&#8220; background_repeat=&#8220;repeat&#8220;][et_pb_column type=&#8220;4_4&#8243; _builder_version=&#8220;3.25&#8243; custom_padding=&#8220;|||&#8220; custom_padding__hover=&#8220;|||&#8220;][et_pb_text admin_label=&#8220;Text&#8220; _builder_version=&#8220;4.0.7&#8243; background_size=&#8220;initial&#8220; background_position=&#8220;top_left&#8220; background_repeat=&#8220;repeat&#8220;]<\/p>\n<p><span style=\"color: #e02b20; font-size: xx-large;\"><strong>Kampa\u0148 &#8211; Zachra\u0148me organizace pom\u00e1haj\u00edc\u00ed d\u011btem v\u00a0PP<\/strong><\/span><\/p>\n<p>[\/et_pb_text][\/et_pb_column][\/et_pb_row][et_pb_row _builder_version=&#8220;4.0.7&#8243;][et_pb_column type=&#8220;4_4&#8243; _builder_version=&#8220;4.0.7&#8243;][et_pb_text _builder_version=&#8220;4.0.7&#8243;]<\/p>\n<p><span style=\"font-size: large; color: #0c71c3;\"><a href=\"https:\/\/www.stantesepestouny.cz\/aktuality-2\/\" style=\"color: #0c71c3;\"><span style=\"text-decoration: underline;\"><strong>Aktuality<\/strong><\/span><\/a><\/span><\/p>\n<p><span style=\"font-size: large; color: #0c71c3;\"><a href=\"https:\/\/www.stantesepestouny.cz\/proc-kampan\/\" style=\"color: #0c71c3;\"><span style=\"text-decoration: underline;\"><strong>Pro\u010d kampa\u0148?<\/strong><\/span><\/a><\/span><\/p>\n<p><span style=\"font-size: large; color: #0c71c3;\"><a href=\"https:\/\/www.stantesepestouny.cz\/forum-doprovazejicich-organizaci-v-msk\/\" style=\"color: #0c71c3;\"><span style=\"text-decoration: underline;\"><strong>F\u00f3rum doprov\u00e1zej\u00edc\u00edch organizac\u00ed v MSK<\/strong><\/span><\/a><\/span><\/p>\n<p><span style=\"font-size: large; color: #0c71c3;\"><a href=\"https:\/\/www.stantesepestouny.cz\/otevrene-dopisy\/\" style=\"color: #0c71c3;\"><span style=\"text-decoration: underline;\"><strong>Otev\u0159en\u00fd dopis<\/strong><\/span><\/a><\/span><\/p>\n<p><span style=\"font-size: large; color: #0c71c3;\"><a href=\"https:\/\/www.stantesepestouny.cz\/podpora-ze-strany-spod\/\" style=\"color: #0c71c3;\"><span style=\"text-decoration: underline;\"><strong>Podpora ze strany SPOD<\/strong><\/span><\/a><\/span><\/p>\n<p><span style=\"font-size: large; color: #0c71c3;\"><a href=\"https:\/\/www.stantesepestouny.cz\/petice-na-podporu-kampane\/\" style=\"color: #0c71c3;\"><span style=\"text-decoration: underline;\"><strong>Petice na podporu kampan\u011b<\/strong><\/span><\/a><\/span><\/p>\n<p><span style=\"font-size: large; color: #0c71c3;\"><a href=\"https:\/\/www.stantesepestouny.cz\/kontakty\/\" style=\"color: #0c71c3;\"><span style=\"text-decoration: underline;\"><strong>Kontakty<\/strong><\/span><\/a><\/span><\/p>\n<p><span style=\"font-size: large;\"><a href=\"https:\/\/www.facebook.com\/KZOPDVPP\"><span style=\"color: #0c71c3;\"><span style=\"text-decoration: underline;\"><strong>Facebook<\/strong><\/span><\/span><\/a><\/span><\/p>\n<p><span style=\"font-size: large;\"><span style=\"text-decoration: underline;\"><strong><\/strong><\/span><\/span><\/p>\n<p>[\/et_pb_text][\/et_pb_column][\/et_pb_row][\/et_pb_section]<\/p>\n","protected":false},"excerpt":{"rendered":"<p>Kampa\u0148 &#8211; Zachra\u0148me organizace pom\u00e1haj\u00edc\u00ed d\u011btem v\u00a0PPAktuality Pro\u010d kampa\u0148? F\u00f3rum doprov\u00e1zej\u00edc\u00edch organizac\u00ed v MSK Otev\u0159en\u00fd dopis Podpora ze strany SPOD Petice na podporu kampan\u011b Kontakty Facebook<\/p>\n","protected":false},"author":8,"featured_media":0,"parent":0,"menu_order":0,"comment_status":"closed","ping_status":"closed","template":"","meta":{"_et_pb_use_builder":"on","_et_pb_old_content":"","_et_gb_content_width":"","footnotes":""},"_links":{"self":[{"href":"https:\/\/www.stantesepestouny.cz\/index.php?rest_route=\/wp\/v2\/pages\/1794"}],"collection":[{"href":"https:\/\/www.stantesepestouny.cz\/index.php?rest_route=\/wp\/v2\/pages"}],"about":[{"href":"https:\/\/www.stantesepestouny.cz\/index.php?rest_route=\/wp\/v2\/types\/page"}],"author":[{"embeddable":true,"href":"https:\/\/www.stantesepestouny.cz\/index.php?rest_route=\/wp\/v2\/users\/8"}],"replies":[{"embeddable":true,"href":"https:\/\/www.stantesepestouny.cz\/index.php?rest_route=%2Fwp%2Fv2%2Fcomments&post=1794"}],"version-history":[{"count":13,"href":"https:\/\/www.stantesepestouny.cz\/index.php?rest_route=\/wp\/v2\/pages\/1794\/revisions"}],"predecessor-version":[{"id":1985,"href":"https:\/\/www.stantesepestouny.cz\/index.php?rest_route=\/wp\/v2\/pages\/1794\/revisions\/1985"}],"wp:attachment":[{"href":"https:\/\/www.stantesepestouny.cz\/index.php?rest_route=%2Fwp%2Fv2%2Fmedia&parent=1794"}],"curies":[{"name":"wp","href":"https:\/\/api.w.org\/{rel}","templated":true}]}}