{"id":156,"date":"2016-03-03T23:33:48","date_gmt":"2016-03-03T21:33:48","guid":{"rendered":"https:\/\/www.stantesepestouny.cz\/?page_id=156"},"modified":"2019-12-20T09:39:59","modified_gmt":"2019-12-20T08:39:59","slug":"contacts","status":"publish","type":"page","link":"https:\/\/www.stantesepestouny.cz\/?page_id=156&lang=en","title":{"rendered":"Contacts"},"content":{"rendered":"<p>[et_pb_section bb_built=&#8220;1&#8243; admin_label=&#8220;section&#8220;][et_pb_row admin_label=&#8220;row&#8220;][et_pb_column type=&#8220;4_4&#8243;][et_pb_text admin_label=&#8220;Text&#8220;]<\/p>\n<p><span style=\"font-size: xx-large; color: #e84747;\"><strong>Contacts<\/strong><\/span><\/p>\n<p>[\/et_pb_text][\/et_pb_column][\/et_pb_row][et_pb_row admin_label=&#8220;row&#8220;][et_pb_column type=&#8220;4_4&#8243;][et_pb_contact_form admin_label=&#8220;Kontaktn\u00ed formul\u00e1\u0159&#8220; title=&#8220;Write us&#8220; module_id=&#8220;et_pb_contact_form_0&#8243; email=&#8220;navratova@chaloupkaostrava.cz&#8220; captcha=&#8220;on&#8220; use_redirect=&#8220;off&#8220; input_border_radius=&#8220;0&#8243; use_border_color=&#8220;off&#8220; border_color=&#8220;#ffffff&#8220; border_style=&#8220;solid&#8220; custom_button=&#8220;off&#8220; button_letter_spacing=&#8220;0&#8243; button_use_icon=&#8220;default&#8220; button_icon_placement=&#8220;right&#8220; button_on_hover=&#8220;on&#8220; button_letter_spacing_hover=&#8220;0&#8243;]<\/p>\n<p>[et_pb_contact_field field_id=&#8220;Name&#8220; field_title=&#8220;Name&#8220;][\/et_pb_contact_field][et_pb_contact_field field_id=&#8220;Email&#8220; field_title=&#8220;Email Address&#8220; field_type=&#8220;email&#8220;][\/et_pb_contact_field][et_pb_contact_field field_id=&#8220;Message&#8220; field_title=&#8220;Message&#8220; field_type=&#8220;text&#8220; fullwidth_field=&#8220;on&#8220;][\/et_pb_contact_field]<\/p>\n<p>[\/et_pb_contact_form][\/et_pb_column][\/et_pb_row][et_pb_row admin_label=&#8220;\u0158\u00e1dek&#8220;][et_pb_column type=&#8220;1_4&#8243;][et_pb_image admin_label=&#8220;Obr\u00e1zek&#8220; src=&#8220;https:\/\/www.stantesepestouny.cz\/wp-content\/uploads\/2018\/08\/011_kruh.jpg&#8220; max_width=&#8220;140px&#8220;]<br \/>\n[\/et_pb_image][\/et_pb_column][et_pb_column type=&#8220;3_4&#8243;][et_pb_text admin_label=&#8220;Text&#8220;]<\/p>\n<p class=\"\"><span style=\"font-size: large;\"><strong>Bc. Kate\u0159ina N\u00e1vratov\u00e1<\/strong><\/span><\/p>\n<p>vedouc\u00ed pro oblast n\u00e1hradn\u00ed rodinn\u00e9 p\u00e9\u010de<\/p>\n<p>tel.\u00a0+420 737 208 566<\/p>\n<p>e-mail:\u00a0<a href=\"mailto:navratova@chaloupkaostrava.cz\">navratova@chaloupkaostrava.cz<\/a><\/p>\n<p>[\/et_pb_text][\/et_pb_column][\/et_pb_row][et_pb_row admin_label=&#8220;\u0158\u00e1dek&#8220;][et_pb_column type=&#8220;1_4&#8243;][et_pb_image admin_label=&#8220;Obr\u00e1zek&#8220; src=&#8220;https:\/\/www.stantesepestouny.cz\/wp-content\/uploads\/2018\/08\/006_kruh.jpg&#8220; max_width=&#8220;140px&#8220;]<br \/>\n[\/et_pb_image][\/et_pb_column][et_pb_column type=&#8220;3_4&#8243;][et_pb_text admin_label=&#8220;Text&#8220;]<\/p>\n<p><span style=\"font-size: large;\"><strong>Mgr.\u00a0Eva \u010cechov\u00e1<\/strong><\/span><\/p>\n<p class=\"\">ter\u00e9nn\u00ed soci\u00e1ln\u00ed pracovnice, z\u00e1stupce vedouc\u00ed pro oblast n\u00e1hradn\u00ed rodinn\u00e9 p\u00e9\u010de<\/p>\n<p>tel. +420 724 937 846<\/p>\n<p>e-mail:\u00a0<a href=\"mailto:cechova@chaloupkaostrava.cz%20\">cechova@chaloupkaostrava.cz\u00a0<\/a><\/p>\n<p>[\/et_pb_text][\/et_pb_column][\/et_pb_row][et_pb_row admin_label=&#8220;\u0158\u00e1dek&#8220;][et_pb_column type=&#8220;1_4&#8243;][et_pb_image admin_label=&#8220;Obr\u00e1zek&#8220; src=&#8220;https:\/\/www.stantesepestouny.cz\/wp-content\/uploads\/2018\/08\/007_kruh.jpg&#8220; max_width=&#8220;140px&#8220;]<br \/>\n[\/et_pb_image][\/et_pb_column][et_pb_column type=&#8220;3_4&#8243;][et_pb_text admin_label=&#8220;Text&#8220;]<\/p>\n<p><span style=\"font-size: large;\"><strong>Mgr. Jana N\u011bmcov\u00e1<\/strong><\/span><\/p>\n<p>ter\u00e9nn\u00ed soci\u00e1ln\u00ed pracovnice<\/p>\n<p class=\"\">tel. +420 603 567 557<\/p>\n<p class=\"\">e-mail:\u00a0<a href=\"mailto:nemcova@chaloupkaostrava.cz\">nemcova@chaloupkaostrava.cz<\/a><\/p>\n<p>[\/et_pb_text][\/et_pb_column][\/et_pb_row][et_pb_row admin_label=&#8220;\u0158\u00e1dek&#8220;][et_pb_column type=&#8220;1_4&#8243;][et_pb_image admin_label=&#8220;Obr\u00e1zek&#8220; src=&#8220;https:\/\/www.stantesepestouny.cz\/wp-content\/uploads\/2018\/08\/013_kruh.jpg&#8220; max_width=&#8220;140px&#8220;]<br \/>\n[\/et_pb_image][\/et_pb_column][et_pb_column type=&#8220;3_4&#8243;][et_pb_text admin_label=&#8220;Text&#8220;]<\/p>\n<p><span style=\"font-size: large;\"><strong>Bc. Marie Klimkov\u00e1<\/strong><\/span><\/p>\n<p class=\"\">ter\u00e9nn\u00ed soci\u00e1ln\u00ed pracovnice<\/p>\n<p>tel.\u00a0+420 737 273 068<\/p>\n<p>e-mail:\u00a0<a href=\"mailto:klimkova@chaloupkaostrava.cz\">klimkova@chaloupkaostrava.cz<\/a><\/p>\n<p>[\/et_pb_text][\/et_pb_column][\/et_pb_row][et_pb_row admin_label=&#8220;\u0158\u00e1dek&#8220;][et_pb_column type=&#8220;1_4&#8243;][et_pb_image admin_label=&#8220;Obr\u00e1zek&#8220; src=&#8220;https:\/\/www.stantesepestouny.cz\/wp-content\/uploads\/2018\/08\/009_kruh.jpg&#8220; max_width=&#8220;140px&#8220;]<br \/>\n[\/et_pb_image][\/et_pb_column][et_pb_column type=&#8220;3_4&#8243;][et_pb_text admin_label=&#8220;Text&#8220;]<\/p>\n<p><span style=\"font-size: large;\"><strong>Ing.\u00a0Anna Dobo\u0161ov\u00e1<\/strong><\/span><\/p>\n<p class=\"\">koordin\u00e1tor vzd\u011bl\u00e1v\u00e1n\u00ed p\u011bstoun\u016f<\/p>\n<p>tel.\u00a0\u00a0+420 731 681 304<\/p>\n<p>e-mail:\u00a0<a href=\"mailto:dobosova@chaloupkaostrava.cz\">dobosova@chaloupkaostrava.cz<\/a><\/p>\n<p>[\/et_pb_text][\/et_pb_column][\/et_pb_row][et_pb_row admin_label=&#8220;row&#8220;][et_pb_column type=&#8220;1_2&#8243;][et_pb_text admin_label=&#8220;Text&#8220;]<\/p>\n<p><strong>Office hours:<\/strong><\/p>\n<p>mon, wed 8 am &#8211; 5 pm<\/p>\n<p>tue, thu, fri by phone or e-mail<\/p>\n<p>[\/et_pb_text][\/et_pb_column][et_pb_column type=&#8220;1_2&#8243;][et_pb_text admin_label=&#8220;Text&#8220;]<\/p>\n<p><strong style=\"font-size: 14px; background-color: #ffffff;\">Substitute family care centre:<\/strong><\/p>\n<p><span style=\"font-size: 14px;\">N\u00e1dra\u017en\u00ed 117<\/span><\/p>\n<p>702 00 Ostrava<\/p>\n<p>[\/et_pb_text][\/et_pb_column][\/et_pb_row][et_pb_row admin_label=&#8220;row&#8220;][et_pb_column type=&#8220;1_2&#8243;][et_pb_text admin_label=&#8220;Text&#8220;]<\/p>\n<p><b>Billing address:<\/b><\/p>\n<p><span style=\"background-color: #ffffff; font-size: 14px;\">Family and Community centre Chaloupka<\/span><\/p>\n<p><span style=\"font-size: 14px;\">\u00danorov\u00e1 858\/6<\/span><\/p>\n<p>712 00 Ostrava<\/p>\n<p>Association is registered under the number KS\/1-1\/58 884 \/04-R<\/p>\n<p>I\u010cO 266 78 497<\/p>\n<p><span style=\"background-color: #ffffff; font-size: 14px;\">Banking account number<\/span>:\u00a043-7281330277\/0100<\/p>\n<p>[\/et_pb_text][\/et_pb_column][et_pb_column type=&#8220;1_2&#8243;][et_pb_text admin_label=&#8220;Text&#8220;]<\/p>\n<p><strong>Place of business:<\/strong><\/p>\n<p>Family and Community centre Chaloupka<\/p>\n<p><span style=\"font-size: 14px;\">Repinova 19<\/span><\/p>\n<p>702 00 Ostrava<\/p>\n<p>email:\u00a0<a href=\"mailto:info@rcchaloupka.cz\">info@rcchaloupka.cz<\/a><\/p>\n<p>phone number.: 596 133 377, 730 526 199<\/p>\n<p>+420 777 240 398 &#8211; Mgr. Edita Kozinov\u00e1 &#8211;\u00a0Director<\/p>\n<p>+420 730 591 279 &#8211; Mgr. Jitka \u0160tenclov\u00e1\u00a0&#8211;\u00a0Center manager<\/p>\n<p>Data box (ID):\u00a0<strong>zhzz488<\/strong><\/p>\n<p>[\/et_pb_text][\/et_pb_column][\/et_pb_row][\/et_pb_section]<\/p>\n","protected":false},"excerpt":{"rendered":"<p>Contacts Bc. Kate\u0159ina N\u00e1vratov\u00e1 vedouc\u00ed pro oblast n\u00e1hradn\u00ed rodinn\u00e9 p\u00e9\u010de tel.\u00a0+420 737 208 566 e-mail:\u00a0navratova@chaloupkaostrava.cz Mgr.\u00a0Eva \u010cechov\u00e1 ter\u00e9nn\u00ed soci\u00e1ln\u00ed pracovnice, z\u00e1stupce vedouc\u00ed pro oblast n\u00e1hradn\u00ed rodinn\u00e9 p\u00e9\u010de tel. +420 724 937 846 e-mail:\u00a0cechova@chaloupkaostrava.cz\u00a0 Mgr. Jana N\u011bmcov\u00e1 ter\u00e9nn\u00ed soci\u00e1ln\u00ed pracovnice tel. +420 603 567 557 e-mail:\u00a0nemcova@chaloupkaostrava.cz Bc. Marie Klimkov\u00e1 ter\u00e9nn\u00ed soci\u00e1ln\u00ed pracovnice tel.\u00a0+420 737 273 068 [&hellip;]<\/p>\n","protected":false},"author":8,"featured_media":0,"parent":0,"menu_order":0,"comment_status":"closed","ping_status":"closed","template":"","meta":{"_et_pb_use_builder":"on","_et_pb_old_content":"<p><strong>Family and Community centre Chaloupka<\/strong><\/p><p>\u00danorov\u00e1 858\/6<br \/>712 00 Ostrava<\/p><p><strong>Place of business: <\/strong>Repinova 19<strong>, <\/strong>702 00 Ostrava<\/p><p>I\u010cO 266 78 497<br \/>Banking account number:\u00a043-7281330277\/0100<\/p><p>email:\u00a0<a href=\"mailto:info@rcchaloupka.cz\">info@rcchaloupka.cz<\/a><br \/><strong>Substitute family care centre: <\/strong>N\u00e1dra\u017en\u00ed 117, 70200 Ostrava<br \/><strong>Mgr. Edita Kozinov\u00e1<\/strong><strong>\u00a0<\/strong>\u2013 Director of the Family and Community Centre Chaloupka, phone number: +420777240398, e-mail: edita@kozinova.com<\/p><p><strong>Bc. Kate\u0159ina N\u00e1vratov\u00e1<\/strong>\u00a0\u2013 Head of Substitute family care,\u00a0phone number: +420737208566,\u00a0 e-mail: navratova@rcchaloupka.cz<\/p><p><strong>Mgr. Jana N\u011bmcov\u00e1<\/strong>\u00a0\u2013 Field social worker,\u00a0phone number: +420603567557, e-mail: nemcova@rcchaloupka.cz<\/p><p><strong>Mgr. Eva Ry\u0161kov\u00e1<\/strong>\u00a0- Field social worker, phone number: +420724937846, e-mail: ryskova.chaloupka@gmail.com<\/p><p><strong>Bc. Marie Klimkov\u00e1<\/strong>\u00a0- Field social worker, phone number: +420737273068, e-mail: maja.klimkova@gmail.com<\/p><p><strong>Mgr. Petra Hortvikov\u00e1<\/strong>\u00a0\u2013 Social worker, phone number: +420730526221<\/p><p><strong>Ing. Anna Dobo\u0161ov\u00e1<\/strong>\u00a0\u2013 Coordinator of education for foster families,\u00a0phone number: +420731681304,\u00a0e-mail: dobosova@rcchaloupka.cz<\/p>","_et_gb_content_width":"","footnotes":""},"_links":{"self":[{"href":"https:\/\/www.stantesepestouny.cz\/index.php?rest_route=\/wp\/v2\/pages\/156"}],"collection":[{"href":"https:\/\/www.stantesepestouny.cz\/index.php?rest_route=\/wp\/v2\/pages"}],"about":[{"href":"https:\/\/www.stantesepestouny.cz\/index.php?rest_route=\/wp\/v2\/types\/page"}],"author":[{"embeddable":true,"href":"https:\/\/www.stantesepestouny.cz\/index.php?rest_route=\/wp\/v2\/users\/8"}],"replies":[{"embeddable":true,"href":"https:\/\/www.stantesepestouny.cz\/index.php?rest_route=%2Fwp%2Fv2%2Fcomments&post=156"}],"version-history":[{"count":1,"href":"https:\/\/www.stantesepestouny.cz\/index.php?rest_route=\/wp\/v2\/pages\/156\/revisions"}],"predecessor-version":[{"id":1679,"href":"https:\/\/www.stantesepestouny.cz\/index.php?rest_route=\/wp\/v2\/pages\/156\/revisions\/1679"}],"wp:attachment":[{"href":"https:\/\/www.stantesepestouny.cz\/index.php?rest_route=%2Fwp%2Fv2%2Fmedia&parent=156"}],"curies":[{"name":"wp","href":"https:\/\/api.w.org\/{rel}","templated":true}]}}