{"id":1535,"date":"2015-01-11T14:20:20","date_gmt":"2015-01-11T12:20:20","guid":{"rendered":"https:\/\/www.stantesepestouny.cz\/?page_id=10"},"modified":"2023-01-10T12:20:13","modified_gmt":"2023-01-10T11:20:13","slug":"o-nas","status":"publish","type":"page","link":"https:\/\/www.stantesepestouny.cz\/","title":{"rendered":"O n\u00e1s"},"content":{"rendered":"<p>[et_pb_section fb_built=&#8220;1&#8243; _builder_version=&#8220;4.0.7&#8243; width=&#8220;100%&#8220;][et_pb_row _builder_version=&#8220;4.0.7&#8243;][et_pb_column type=&#8220;4_4&#8243; _builder_version=&#8220;4.0.7&#8243;][et_pb_gallery gallery_ids=&#8220;2724,2723,2784,2785,2786,2787,2788,2789,2725&#8243; gallery_orderby=&#8220;rand&#8220; posts_number=&#8220;8&#8243; show_title_and_caption=&#8220;off&#8220; show_pagination=&#8220;off&#8220; admin_label=&#8220;Galerie&#8220; _builder_version=&#8220;4.0.7&#8243; background_color=&#8220;#e02b20&#8243; use_background_color_gradient=&#8220;on&#8220; background_color_gradient_start=&#8220;#ffffff&#8220; background_color_gradient_end=&#8220;#e02b20&#8243; background_color_gradient_type=&#8220;radial&#8220; background_color_gradient_direction_radial=&#8220;bottom&#8220; background_color_gradient_start_position=&#8220;20%&#8220; background_enable_video_mp4=&#8220;off&#8220; hover_enabled=&#8220;0&#8243; background_last_edited=&#8220;off|tablet&#8220; box_shadow_style_image=&#8220;preset1&#8243;][\/et_pb_gallery][\/et_pb_column][\/et_pb_row][\/et_pb_section][et_pb_section fb_built=&#8220;1&#8243; admin_label=&#8220;section&#8220; _builder_version=&#8220;3.22&#8243;][et_pb_row admin_label=&#8220;row&#8220; _builder_version=&#8220;4.0.7&#8243; background_size=&#8220;initial&#8220; background_position=&#8220;top_left&#8220; background_repeat=&#8220;repeat&#8220; custom_margin=&#8220;-54px||||false|false&#8220;][et_pb_column type=&#8220;4_4&#8243; _builder_version=&#8220;3.25&#8243; custom_padding=&#8220;|||&#8220; custom_padding__hover=&#8220;|||&#8220;][et_pb_text admin_label=&#8220;Text&#8220; _builder_version=&#8220;4.0.7&#8243; background_size=&#8220;initial&#8220; background_position=&#8220;top_left&#8220; background_repeat=&#8220;repeat&#8220;]<\/p>\n<p style=\"text-align: center;\"><span style=\"font-size: x-large; color: #e84747;\"><strong style=\"font-size: 24px;\">STA\u0147TE SE P\u011aSTOUNY<\/strong><\/span><\/p>\n<p class=\"\" style=\"text-align: center;\">[\/et_pb_text][\/et_pb_column][\/et_pb_row][et_pb_row admin_label=&#8220;\u0158\u00e1dek&#8220; _builder_version=&#8220;3.25&#8243; background_size=&#8220;initial&#8220; background_position=&#8220;top_left&#8220; background_repeat=&#8220;repeat&#8220;][et_pb_column type=&#8220;4_4&#8243; _builder_version=&#8220;3.25&#8243; custom_padding=&#8220;|||&#8220; custom_padding__hover=&#8220;|||&#8220;][et_pb_text admin_label=&#8220;Text&#8220; _builder_version=&#8220;4.0.7&#8243; background_size=&#8220;initial&#8220; background_position=&#8220;top_left&#8220; background_repeat=&#8220;repeat&#8220;]<\/p>\n<h2><strong><span style=\"font-size: x-large;\">Posl\u00e1n\u00ed RKC Chaloupka &#8211; n\u00e1hradn\u00ed rodinn\u00e1 p\u00e9\u010de<\/span><\/strong><\/h2>\n<p><span style=\"font-size: large;\"><strong>Na\u0161\u00ed viz\u00ed je podporovat a\u00a0rozv\u00edjet v\u0161echny rodiny, zaji\u0161\u0165ovat jim bezpe\u010dn\u00e9, p\u0159\u00e1telsk\u00e9 a\u00a0z\u00e1bavn\u00e9 prost\u0159ed\u00ed, plnit sv\u00e9 posl\u00e1n\u00ed tak dob\u0159e, aby s\u00a0n\u00e1mi rodiny dlouhodob\u011b spolupracovaly a\u00a0r\u00e1dy se\u00a0k\u00a0n\u00e1m vracely.<\/strong><\/span><\/p>\n<p>&nbsp;<\/p>\n<p><span style=\"font-size: large;\"><strong>Strategick\u00e9 c\u00edle<\/strong><\/span><\/p>\n<p>1 &#8211; Organizovat volno\u010dasov\u00e9 aktivity a akce pro d\u011bti, rodiny a \u0161irokou ve\u0159ejnost.<\/p>\n<p>2 &#8211; Poskytovat formu odleh\u010den\u00ed rodi\u010d\u016fm prost\u0159ednictv\u00edm d\u011btsk\u00e9 skupiny za vyu\u017eit\u00ed modern\u00edch metod pr\u00e1ce.<\/p>\n<p>3 &#8211; Zvy\u0161ovat kvalitu rodi\u010dovsk\u00fdch kompetenc\u00ed pomoc\u00ed odborn\u011b vzd\u011bl\u00e1vac\u00edch aktivit.<\/p>\n<p>4 &#8211; Posilovat vztahy a vazby v p\u011bstounsk\u00fdch rodin\u00e1ch a doprov\u00e1zet je.<\/p>\n<p>5 &#8211; B\u00fdt aktivn\u00ed organizac\u00ed mezi rodinn\u00fdmi a komunitn\u00edmi centry, nejen v Moravskoslezsk\u00e9m kraji.<\/p>\n<p>[\/et_pb_text][\/et_pb_column][\/et_pb_row][et_pb_row _builder_version=&#8220;4.0.7&#8243;][et_pb_column type=&#8220;4_4&#8243; _builder_version=&#8220;4.0.7&#8243;][et_pb_text _builder_version=&#8220;4.0.7&#8243;]<\/p>\n<h2 style=\"text-align: center;\"><strong>Chcete se st\u00e1t p\u011bstounem?<\/strong><\/h2>\n<h2 style=\"text-align: center;\">Informace pro z\u00e1jemce o NRP <span style=\"text-decoration: underline;\"><strong><span style=\"color: #0c71c3;\"><a style=\"color: #0c71c3; text-decoration: underline;\" href=\"https:\/\/www.stantesepestouny.cz\/cinnost-nrp\/dohody\/\">ZDE<\/a><\/span><\/strong><\/span><\/h2>\n<p>[\/et_pb_text][\/et_pb_column][\/et_pb_row][et_pb_row column_structure=&#8220;1_3,1_3,1_3&#8243; admin_label=&#8220;row&#8220; _builder_version=&#8220;3.25&#8243; background_size=&#8220;initial&#8220; background_position=&#8220;top_left&#8220; background_repeat=&#8220;repeat&#8220;][et_pb_column type=&#8220;1_3&#8243; _builder_version=&#8220;3.25&#8243; custom_padding=&#8220;|||&#8220; custom_padding__hover=&#8220;|||&#8220;][et_pb_video src=&#8220;https:\/\/youtu.be\/YMDoPaaxbic&#8220; admin_label=&#8220;Video&#8220; _builder_version=&#8220;3.0.47&#8243;][\/et_pb_video][\/et_pb_column][et_pb_column type=&#8220;1_3&#8243; _builder_version=&#8220;3.25&#8243; custom_padding=&#8220;|||&#8220; custom_padding__hover=&#8220;|||&#8220;][et_pb_video src=&#8220;https:\/\/www.youtube.com\/watch?v=CAobyVBfXPA&#8220; admin_label=&#8220;Video&#8220; _builder_version=&#8220;3.0.47&#8243;][\/et_pb_video][\/et_pb_column][et_pb_column type=&#8220;1_3&#8243; _builder_version=&#8220;3.25&#8243; custom_padding=&#8220;|||&#8220; custom_padding__hover=&#8220;|||&#8220;][et_pb_video src=&#8220;https:\/\/www.youtube.com\/watch?v=QELgkahRa4s&#8220; admin_label=&#8220;Video&#8220; _builder_version=&#8220;3.0.47&#8243;][\/et_pb_video][\/et_pb_column][\/et_pb_row][et_pb_row column_structure=&#8220;1_3,1_3,1_3&#8243; admin_label=&#8220;row&#8220; _builder_version=&#8220;3.25&#8243; background_size=&#8220;initial&#8220; background_position=&#8220;top_left&#8220; background_repeat=&#8220;repeat&#8220;][et_pb_column type=&#8220;1_3&#8243; _builder_version=&#8220;3.25&#8243; custom_padding=&#8220;|||&#8220; custom_padding__hover=&#8220;|||&#8220;][et_pb_video src=&#8220;https:\/\/www.youtube.com\/watch?v=K-32M-wGnAY&#8220; admin_label=&#8220;Video&#8220; _builder_version=&#8220;3.0.47&#8243;][\/et_pb_video][\/et_pb_column][et_pb_column type=&#8220;1_3&#8243; _builder_version=&#8220;3.25&#8243; custom_padding=&#8220;|||&#8220; custom_padding__hover=&#8220;|||&#8220;][et_pb_video src=&#8220;https:\/\/www.youtube.com\/watch?v=RQhEqzDKLBI&#8220; admin_label=&#8220;Video&#8220; _builder_version=&#8220;3.0.47&#8243;][\/et_pb_video][\/et_pb_column][et_pb_column type=&#8220;1_3&#8243; _builder_version=&#8220;3.25&#8243; custom_padding=&#8220;|||&#8220; custom_padding__hover=&#8220;|||&#8220;][et_pb_video src=&#8220;https:\/\/www.youtube.com\/watch?v=sF6FB7lpBF4&#8243; admin_label=&#8220;Video&#8220; _builder_version=&#8220;3.0.47&#8243;][\/et_pb_video][\/et_pb_column][\/et_pb_row][et_pb_row admin_label=&#8220;\u0158\u00e1dek&#8220; _builder_version=&#8220;3.25&#8243; background_size=&#8220;initial&#8220; background_position=&#8220;top_left&#8220; background_repeat=&#8220;repeat&#8220;][et_pb_column type=&#8220;4_4&#8243; _builder_version=&#8220;3.25&#8243; custom_padding=&#8220;|||&#8220; custom_padding__hover=&#8220;|||&#8220;][et_pb_text admin_label=&#8220;Text&#8220; _builder_version=&#8220;4.0.7&#8243; background_size=&#8220;initial&#8220; background_position=&#8220;top_left&#8220; background_repeat=&#8220;repeat&#8220;]<\/p>\n<div align=\"center\"><span style=\"font-size: large;\"><b>V\u00e1\u0161 n\u00e1zor n\u00e1s zaj\u00edm\u00e1. Jak jste spokojeni s na\u0161\u00ed prac\u00ed? Vypl\u0148te jednoduch\u00fd dotazn\u00edk<\/b><\/span><\/div>\n<div align=\"center\"><span style=\"font-size: large;\"><a href=\"https:\/\/www.click4survey.cz\/s4\/25398\/13280fbd\" target=\"_blank\" rel=\"noopener noreferrer\"><span style=\"text-decoration: underline; color: #0c71c3;\"><b>ZDE<\/b><\/span><\/a><\/span><\/div>\n<p>[\/et_pb_text][\/et_pb_column][\/et_pb_row][et_pb_row admin_label=&#8220;\u0158\u00e1dek&#8220; _builder_version=&#8220;3.25&#8243; background_size=&#8220;initial&#8220; background_position=&#8220;top_left&#8220; background_repeat=&#8220;repeat&#8220;][et_pb_column type=&#8220;4_4&#8243; _builder_version=&#8220;3.25&#8243; custom_padding=&#8220;|||&#8220; custom_padding__hover=&#8220;|||&#8220;][et_pb_text admin_label=&#8220;Text&#8220; _builder_version=&#8220;4.0.7&#8243; background_size=&#8220;initial&#8220; background_position=&#8220;top_left&#8220; background_repeat=&#8220;repeat&#8220;]<\/p>\n<p><strong>RKC Chaloupka v souvislosti s ochranou osobn\u00edch \u00fadaj\u016f se \u0159\u00edd\u00ed z\u00e1sadami o zpracov\u00e1n\u00ed a\u00a0ochran\u011b osobn\u00edch \u00fadaj\u016f v souladu s platn\u00fdmi pr\u00e1vn\u00edmi p\u0159edpisy.<\/strong><\/p>\n<div align=\"center\">\u00a0<\/div>\n<p>[\/et_pb_text][\/et_pb_column][\/et_pb_row][\/et_pb_section]<\/p>\n","protected":false},"excerpt":{"rendered":"<p>STA\u0147TE SE P\u011aSTOUNY Posl\u00e1n\u00ed RKC Chaloupka &#8211; n\u00e1hradn\u00ed rodinn\u00e1 p\u00e9\u010de Na\u0161\u00ed viz\u00ed je podporovat a\u00a0rozv\u00edjet v\u0161echny rodiny, zaji\u0161\u0165ovat jim bezpe\u010dn\u00e9, p\u0159\u00e1telsk\u00e9 a\u00a0z\u00e1bavn\u00e9 prost\u0159ed\u00ed, plnit sv\u00e9 posl\u00e1n\u00ed tak dob\u0159e, aby s\u00a0n\u00e1mi rodiny dlouhodob\u011b spolupracovaly a\u00a0r\u00e1dy se\u00a0k\u00a0n\u00e1m vracely. &nbsp; Strategick\u00e9 c\u00edle 1 &#8211; Organizovat volno\u010dasov\u00e9 aktivity a akce pro d\u011bti, rodiny a \u0161irokou ve\u0159ejnost. 2 &#8211; Poskytovat [&hellip;]<\/p>\n","protected":false},"author":8,"featured_media":330,"parent":0,"menu_order":0,"comment_status":"closed","ping_status":"closed","template":"","meta":{"_et_pb_use_builder":"on","_et_pb_old_content":"","_et_gb_content_width":"","footnotes":""},"_links":{"self":[{"href":"https:\/\/www.stantesepestouny.cz\/index.php?rest_route=\/wp\/v2\/pages\/1535"}],"collection":[{"href":"https:\/\/www.stantesepestouny.cz\/index.php?rest_route=\/wp\/v2\/pages"}],"about":[{"href":"https:\/\/www.stantesepestouny.cz\/index.php?rest_route=\/wp\/v2\/types\/page"}],"author":[{"embeddable":true,"href":"https:\/\/www.stantesepestouny.cz\/index.php?rest_route=\/wp\/v2\/users\/8"}],"replies":[{"embeddable":true,"href":"https:\/\/www.stantesepestouny.cz\/index.php?rest_route=%2Fwp%2Fv2%2Fcomments&post=1535"}],"version-history":[{"count":28,"href":"https:\/\/www.stantesepestouny.cz\/index.php?rest_route=\/wp\/v2\/pages\/1535\/revisions"}],"predecessor-version":[{"id":2790,"href":"https:\/\/www.stantesepestouny.cz\/index.php?rest_route=\/wp\/v2\/pages\/1535\/revisions\/2790"}],"wp:featuredmedia":[{"embeddable":true,"href":"https:\/\/www.stantesepestouny.cz\/index.php?rest_route=\/wp\/v2\/media\/330"}],"wp:attachment":[{"href":"https:\/\/www.stantesepestouny.cz\/index.php?rest_route=%2Fwp%2Fv2%2Fmedia&parent=1535"}],"curies":[{"name":"wp","href":"https:\/\/api.w.org\/{rel}","templated":true}]}}