{"id":1386,"date":"2018-07-25T13:36:31","date_gmt":"2018-07-25T11:36:31","guid":{"rendered":"https:\/\/www.stantesepestouny.cz\/?page_id=1386"},"modified":"2022-11-22T09:31:09","modified_gmt":"2022-11-22T08:31:09","slug":"about-us","status":"publish","type":"page","link":"https:\/\/www.stantesepestouny.cz\/?page_id=1386&lang=en","title":{"rendered":"About us"},"content":{"rendered":"<p>[et_pb_section fb_built=&#8220;1&#8243; admin_label=&#8220;section&#8220; _builder_version=&#8220;3.22&#8243;][et_pb_row admin_label=&#8220;row&#8220; _builder_version=&#8220;3.25&#8243; background_size=&#8220;initial&#8220; background_position=&#8220;top_left&#8220; background_repeat=&#8220;repeat&#8220;][et_pb_column type=&#8220;4_4&#8243; _builder_version=&#8220;3.25&#8243; custom_padding=&#8220;|||&#8220; custom_padding__hover=&#8220;|||&#8220;][et_pb_text admin_label=&#8220;Text&#8220; _builder_version=&#8220;3.27.4&#8243; background_size=&#8220;initial&#8220; background_position=&#8220;top_left&#8220; background_repeat=&#8220;repeat&#8220; hover_enabled=&#8220;0&#8243;]<\/p>\n<p style=\"text-align: center;\"><span style=\"text-align: left; font-size: 24px;\"><span style=\"color: #e84747;\"><b>BECOME A FOSTER PARENTS<\/b><\/span><\/span><\/p>\n<p style=\"text-align: center;\"><strong style=\"color: #e84747; font-size: x-large;\">look at our spots<\/strong><\/p>\n<p>[\/et_pb_text][\/et_pb_column][\/et_pb_row][et_pb_row admin_label=&#8220;row&#8220; _builder_version=&#8220;3.25&#8243; background_size=&#8220;initial&#8220; background_position=&#8220;top_left&#8220; background_repeat=&#8220;repeat&#8220; column_structure=&#8220;1_3,1_3,1_3&#8243;][et_pb_column type=&#8220;1_3&#8243; _builder_version=&#8220;3.25&#8243; custom_padding=&#8220;|||&#8220; custom_padding__hover=&#8220;|||&#8220;][et_pb_video src=&#8220;https:\/\/www.youtube.com\/watch?v=sF6FB7lpBF4&#8243; admin_label=&#8220;Video&#8220; _builder_version=&#8220;3.0.47&#8243;][\/et_pb_video][\/et_pb_column][et_pb_column type=&#8220;1_3&#8243; _builder_version=&#8220;3.25&#8243; custom_padding=&#8220;|||&#8220; custom_padding__hover=&#8220;|||&#8220;][et_pb_video src=&#8220;https:\/\/www.youtube.com\/watch?v=CAobyVBfXPA&#8220; admin_label=&#8220;Video&#8220; _builder_version=&#8220;3.0.47&#8243;][\/et_pb_video][\/et_pb_column][et_pb_column type=&#8220;1_3&#8243; _builder_version=&#8220;3.25&#8243; custom_padding=&#8220;|||&#8220; custom_padding__hover=&#8220;|||&#8220;][et_pb_video src=&#8220;https:\/\/www.youtube.com\/watch?v=QELgkahRa4s&#8220; admin_label=&#8220;Video&#8220; _builder_version=&#8220;3.0.47&#8243;][\/et_pb_video][\/et_pb_column][\/et_pb_row][et_pb_row admin_label=&#8220;row&#8220; _builder_version=&#8220;3.25&#8243; background_size=&#8220;initial&#8220; background_position=&#8220;top_left&#8220; background_repeat=&#8220;repeat&#8220; column_structure=&#8220;1_3,1_3,1_3&#8243;][et_pb_column type=&#8220;1_3&#8243; _builder_version=&#8220;3.25&#8243; custom_padding=&#8220;|||&#8220; custom_padding__hover=&#8220;|||&#8220;][et_pb_video src=&#8220;https:\/\/www.youtube.com\/watch?v=K-32M-wGnAY&#8220; admin_label=&#8220;Video&#8220; _builder_version=&#8220;3.0.47&#8243;][\/et_pb_video][\/et_pb_column][et_pb_column type=&#8220;1_3&#8243; _builder_version=&#8220;3.25&#8243; custom_padding=&#8220;|||&#8220; custom_padding__hover=&#8220;|||&#8220;][et_pb_video src=&#8220;https:\/\/www.youtube.com\/watch?v=RQhEqzDKLBI&#8220; admin_label=&#8220;Video&#8220; _builder_version=&#8220;3.0.47&#8243;][\/et_pb_video][\/et_pb_column][et_pb_column type=&#8220;1_3&#8243; _builder_version=&#8220;3.25&#8243; custom_padding=&#8220;|||&#8220; custom_padding__hover=&#8220;|||&#8220;][et_pb_video src=&#8220;https:\/\/youtu.be\/YMDoPaaxbic&#8220; admin_label=&#8220;Video&#8220; _builder_version=&#8220;3.0.47&#8243;][\/et_pb_video][\/et_pb_column][\/et_pb_row][et_pb_row admin_label=&#8220;row&#8220; _builder_version=&#8220;3.25&#8243; background_size=&#8220;initial&#8220; background_position=&#8220;top_left&#8220; background_repeat=&#8220;repeat&#8220;][et_pb_column type=&#8220;4_4&#8243; _builder_version=&#8220;3.25&#8243; custom_padding=&#8220;|||&#8220; custom_padding__hover=&#8220;|||&#8220;][et_pb_text admin_label=&#8220;Text&#8220; _builder_version=&#8220;3.27.4&#8243; background_size=&#8220;initial&#8220; background_position=&#8220;top_left&#8220; background_repeat=&#8220;repeat&#8220;]<\/p>\n<h2><strong>Mission RKC Chaloupka &#8211;\u00a0<\/strong><span style=\"font-size: 26px;\"><b>replacement family care<\/b><\/span><\/h2>\n<ul>\n<li>Since 2013, our organization has been the person authorized to perform social and legal protection for children<\/li>\n<li>we offer co-operation between foster parents, guardians and fosters for a transitional period through the conclusion of a foster care agreement<\/li>\n<li>we offer accompanying and professional assistance to those interested in alternative family care<\/li>\n<li>we support and offer leisure activities for children in substitute family care as part of our projects<\/li>\n<li>we provide professional social counseling, psychological care, escort and support in solving various life situations<\/li>\n<li>within the projects, we carry out assisted contacts in the framework of alternative family care and beyond<\/li>\n<li>we actively participate in the campaign &#8222;Give our Children a Family&#8220; in Ostrava, which aims to raise public awareness of alternative family care and to address new foster parents<\/li>\n<\/ul>\n<p>[\/et_pb_text][\/et_pb_column][\/et_pb_row][et_pb_row admin_label=&#8220;row&#8220; _builder_version=&#8220;3.25&#8243; background_size=&#8220;initial&#8220; background_position=&#8220;top_left&#8220; background_repeat=&#8220;repeat&#8220;][et_pb_column type=&#8220;4_4&#8243; _builder_version=&#8220;3.25&#8243; custom_padding=&#8220;|||&#8220; custom_padding__hover=&#8220;|||&#8220;][et_pb_text admin_label=&#8220;Text&#8220; _builder_version=&#8220;3.27.4&#8243; background_size=&#8220;initial&#8220; background_position=&#8220;top_left&#8220; background_repeat=&#8220;repeat&#8220;]<\/p>\n<h3><strong>Structure RKC Chaloupka \u2013\u00a0<\/strong><b>replacement family care<\/b><\/h3>\n<p><strong>Mgr. Edita Kozinov\u00e1<\/strong>\u00a0\u2013\u00a0<span style=\"background-color: #ffffff; font-size: 14px;\">Director<\/span><\/p>\n<p><strong>Bc. Kate\u0159ina N\u00e1vratov\u00e1<\/strong>\u00a0\u2013\u00a0<span style=\"background-color: #ffffff; font-size: 14px;\">Head of Substitute family care<\/span><\/p>\n<p class=\"\"><strong>Mgr. Eva \u010cechov\u00e1<\/strong>\u00a0\u2013\u00a0<span style=\"font-size: 14px; background-color: #ffffff;\">Field social worker<\/span><span style=\"font-size: 14px; background-color: #ffffff;\">,\u00a0<\/span><span style=\"font-size: 14px; background-color: #ffffff;\">Representative\u00a0<\/span><span style=\"font-size: 14px; background-color: #ffffff;\">of Substitute family care<\/span><\/p>\n<p><strong>Mgr. Jana N\u011bmcov\u00e1<\/strong>\u00a0\u2013\u00a0<span style=\"background-color: #ffffff; font-size: 14px;\">Field social worker<\/span><\/p>\n<p><strong>Bc. Marie Klimkov\u00e1<\/strong>\u00a0\u2013\u00a0<span style=\"background-color: #ffffff; font-size: 14px;\">Field social worker<\/span><\/p>\n<p><strong>Ing. Anna Dobo\u0161ov\u00e1<\/strong>\u00a0\u2013\u00a0<span style=\"background-color: #ffffff; font-size: 14px;\">Coordinator of education for foster families<\/span><\/p>\n<p><i>The statutory representative of the organization is director<\/i><em>\u00a0Mgr. Edita Kozinov\u00e1<\/em><\/p>\n<p>[\/et_pb_text][\/et_pb_column][\/et_pb_row][et_pb_row admin_label=&#8220;row&#8220; _builder_version=&#8220;3.25&#8243; background_size=&#8220;initial&#8220; background_position=&#8220;top_left&#8220; background_repeat=&#8220;repeat&#8220;][et_pb_column type=&#8220;4_4&#8243; _builder_version=&#8220;3.25&#8243; custom_padding=&#8220;|||&#8220; custom_padding__hover=&#8220;|||&#8220;][et_pb_text admin_label=&#8220;Text&#8220; _builder_version=&#8220;3.27.4&#8243; background_size=&#8220;initial&#8220; background_position=&#8220;top_left&#8220; background_repeat=&#8220;repeat&#8220;]<\/p>\n<p style=\"text-align: center;\"><b><span lang=\"EN-US\">RKC Chaloupka v souvislosti s ochranou osobn\u00edch \u00fadaj\u016f je v souladu s platn\u00fdmi pr\u00e1vn\u00edmi p\u0159edpisy, zejm\u00e9na na\u0159\u00edzen\u00edm Evropsk\u00e9ho parlamentu a Rady \u010d. 2016\/679 ze dne 27.4.2016 o ochran\u011b fyzick\u00fdch osob a \u0159\u00edd\u00ed se z\u00e1sadami o zpracov\u00e1n\u00ed a ochran\u011b osobn\u00edch \u00fadaj\u016f.<\/span><\/b><\/p>\n<p>[\/et_pb_text][\/et_pb_column][\/et_pb_row][\/et_pb_section]<\/p>\n","protected":false},"excerpt":{"rendered":"<p>BECOME A FOSTER PARENTS look at our spotsMission RKC Chaloupka &#8211;\u00a0replacement family care Since 2013, our organization has been the person authorized to perform social and legal protection for children we offer co-operation between foster parents, guardians and fosters for a transitional period through the conclusion of a foster care agreement we offer accompanying and [&hellip;]<\/p>\n","protected":false},"author":8,"featured_media":330,"parent":0,"menu_order":0,"comment_status":"closed","ping_status":"closed","template":"","meta":{"_et_pb_use_builder":"on","_et_pb_old_content":"","_et_gb_content_width":"","footnotes":""},"_links":{"self":[{"href":"https:\/\/www.stantesepestouny.cz\/index.php?rest_route=\/wp\/v2\/pages\/1386"}],"collection":[{"href":"https:\/\/www.stantesepestouny.cz\/index.php?rest_route=\/wp\/v2\/pages"}],"about":[{"href":"https:\/\/www.stantesepestouny.cz\/index.php?rest_route=\/wp\/v2\/types\/page"}],"author":[{"embeddable":true,"href":"https:\/\/www.stantesepestouny.cz\/index.php?rest_route=\/wp\/v2\/users\/8"}],"replies":[{"embeddable":true,"href":"https:\/\/www.stantesepestouny.cz\/index.php?rest_route=%2Fwp%2Fv2%2Fcomments&post=1386"}],"version-history":[{"count":2,"href":"https:\/\/www.stantesepestouny.cz\/index.php?rest_route=\/wp\/v2\/pages\/1386\/revisions"}],"predecessor-version":[{"id":2678,"href":"https:\/\/www.stantesepestouny.cz\/index.php?rest_route=\/wp\/v2\/pages\/1386\/revisions\/2678"}],"wp:featuredmedia":[{"embeddable":true,"href":"https:\/\/www.stantesepestouny.cz\/index.php?rest_route=\/wp\/v2\/media\/330"}],"wp:attachment":[{"href":"https:\/\/www.stantesepestouny.cz\/index.php?rest_route=%2Fwp%2Fv2%2Fmedia&parent=1386"}],"curies":[{"name":"wp","href":"https:\/\/api.w.org\/{rel}","templated":true}]}}