{"id":1370,"date":"2018-07-25T13:26:46","date_gmt":"2018-07-25T11:26:46","guid":{"rendered":"https:\/\/www.stantesepestouny.cz\/?page_id=1370"},"modified":"2019-12-20T09:40:01","modified_gmt":"2019-12-20T08:40:01","slug":"sponsors","status":"publish","type":"page","link":"https:\/\/www.stantesepestouny.cz\/?page_id=1370&lang=en","title":{"rendered":"Sponsors"},"content":{"rendered":"<p>[et_pb_section fb_built=&#8220;1&#8243; admin_label=&#8220;section&#8220;][et_pb_row admin_label=&#8220;row&#8220;][et_pb_column type=&#8220;4_4&#8243; parallax=&#8220;off&#8220; parallax_method=&#8220;on&#8220;][et_pb_text admin_label=&#8220;Text&#8220;]<\/p>\n<p><span style=\"font-size: xx-large; color: #e84747;\" mce-data-marked=\"1\"><strong>Sponsors<\/strong><\/span><\/p>\n<p class=\"\" style=\"text-align: justify;\"><span style=\"font-size: large;\"><font size=\"4\">Family and Community Center Chaloupka z.s. has a number of partners he values very much.<\/font><\/span><\/p>\n<p class=\"\" style=\"text-align: justify;\"><span style=\"font-size: large;\"><font size=\"4\">These partners support us by co-financing child-related projects or material donations to our activities, such as the Foster Ball.<\/font><\/span><\/p>\n<p class=\"\" style=\"text-align: justify;\"><span style=\"font-size: large;\"><font size=\"4\">We thank you for both forms of partnership and look forward to further mutual cooperation.<\/font><\/span><\/p>\n<p class=\"MsoListParagraph et-fb-mce-line-break-holder\" style=\"text-indent: -18.0pt; mso-list: l0 level1 lfo1;\"><!-- [if !supportLists]--><\/p>\n<p>[\/et_pb_text][\/et_pb_column][\/et_pb_row][et_pb_row admin_label=&#8220;row&#8220;][et_pb_column type=&#8220;1_4&#8243; parallax=&#8220;off&#8220; parallax_method=&#8220;on&#8220;][et_pb_video src=&#8220;https:\/\/www.youtube.com\/watch?v=adVqXqP_lXE&#8220; admin_label=&#8220;Video&#8220;] [\/et_pb_video][\/et_pb_column][et_pb_column type=&#8220;3_4&#8243; parallax=&#8220;off&#8220; parallax_method=&#8220;on&#8220;][et_pb_text text_orientation=&#8220;justified&#8220; admin_label=&#8220;Text&#8220;]<\/p>\n<p class=\"\"><span style=\"font-size: large;\"><font size=\"4\">An insight into the bounty of foster parents in 2018 and our thanks to all the partners who supported our prom and made a lot of smiles on the faces of the ball visitors. Thank you<\/font><\/span><\/p>\n<p>[\/et_pb_text][\/et_pb_column][\/et_pb_row][et_pb_row admin_label=&#8220;row&#8220;][et_pb_column type=&#8220;1_4&#8243; parallax=&#8220;off&#8220; parallax_method=&#8220;on&#8220;][et_pb_image src=&#8220;https:\/\/www.stantesepestouny.cz\/wp-content\/uploads\/2017\/05\/logo_Chaloupka_145.jpg&#8220; align=&#8220;center&#8220; max_width=&#8220;500&#8243; max_width_last_edited=&#8220;on|desktop&#8220; admin_label=&#8220;Obr\u00e1zek&#8220;] [\/et_pb_image][\/et_pb_column][et_pb_column type=&#8220;3_4&#8243; parallax=&#8220;off&#8220; parallax_method=&#8220;on&#8220;][et_pb_text admin_label=&#8220;Text&#8220;]<\/p>\n<p class=\"\"><span style=\"font-size: large;\"><font size=\"4\"><b>Family and Community Center Chaloupka<\/b><\/font><\/span><\/p>\n<p style=\"text-align: justify;\"><span style=\"text-align: left; font-size: large;\"><font size=\"4\">Provides services that focus on working, supporting and actively spending leisure time with families of children of different ages and at the same time the organization is dedicated to foster families<\/font><\/span><\/p>\n<p style=\"text-align: justify;\"><a href=\"http:\/\/www.rcchaloupka.cz\" style=\"font-size: medium; color: #0c71c3; text-decoration-line: underline;\">www.rcchaloupka.cz<\/a><\/p>\n<p>[\/et_pb_text][\/et_pb_column][\/et_pb_row][et_pb_row admin_label=&#8220;row&#8220;][et_pb_column type=&#8220;1_4&#8243; parallax=&#8220;off&#8220; parallax_method=&#8220;on&#8220;][et_pb_image src=&#8220;https:\/\/www.stantesepestouny.cz\/wp-content\/uploads\/2017\/08\/Logo_MSK.png&#8220; max_width=&#8220;2000px&#8220; max_width_last_edited=&#8220;on|desktop&#8220; admin_label=&#8220;Obr\u00e1zek&#8220;] [\/et_pb_image][\/et_pb_column][et_pb_column type=&#8220;3_4&#8243; parallax=&#8220;off&#8220; parallax_method=&#8220;on&#8220;][et_pb_text admin_label=&#8220;Text&#8220;]<\/p>\n<p class=\"\"><span style=\"font-size: 18px;\"><b>Moravian-Silesian Region<\/b><\/span><\/p>\n<p class=\"\"><span style=\"font-size: 18px; text-indent: -24px;\">The Regional Authority of the Moravian-Silesian Region is one of the partners not only of the Ostrava campaign &#8222;Let&#8217;s Give Children to the Family&#8220;. With its subsidy systems, it supports supportive family care and pro-family activities.<\/span><\/p>\n<p style=\"text-align: justify; text-indent: -24px; background-color: #ffffff;\">&nbsp; &nbsp; &nbsp; &nbsp;<a href=\"http:\/\/www.msk.cz\" style=\"font-size: 16px; color: #0c71c3; text-decoration-line: underline;\">www.msk.cz<\/a><\/p>\n<p>[\/et_pb_text][\/et_pb_column][\/et_pb_row][et_pb_row admin_label=&#8220;row&#8220;][et_pb_column type=&#8220;1_4&#8243; parallax=&#8220;off&#8220; parallax_method=&#8220;on&#8220;][et_pb_image src=&#8220;https:\/\/www.stantesepestouny.cz\/wp-content\/uploads\/2017\/08\/Ostrava_logo.png&#8220; admin_label=&#8220;Obr\u00e1zek&#8220;] [\/et_pb_image][\/et_pb_column][et_pb_column type=&#8220;3_4&#8243; parallax=&#8220;off&#8220; parallax_method=&#8220;on&#8220;][et_pb_text admin_label=&#8220;Text&#8220;]<\/p>\n<p class=\"\"><span style=\"font-size: 18px;\"><b>Statutory city of Ostrava<\/b><\/span><\/p>\n<p class=\"\"><span style=\"font-size: 18px;\">He launched the campaign called &#8222;Give Children to a Family&#8220; in 2011 to seek and support replacement parents for children who grow up without biological parents.<\/span><\/p>\n<p style=\"text-align: justify;\"><a href=\"http:\/\/www.ostrava.cz\" style=\"font-size: medium; text-align: left; color: #0c71c3; text-decoration-line: underline;\">www.ostrava.cz<\/a><\/p>\n<p>[\/et_pb_text][\/et_pb_column][\/et_pb_row][et_pb_row admin_label=&#8220;row&#8220;][et_pb_column type=&#8220;1_4&#8243; parallax=&#8220;off&#8220; parallax_method=&#8220;on&#8220;][et_pb_image src=&#8220;https:\/\/www.stantesepestouny.cz\/wp-content\/uploads\/2017\/09\/Logo_MPSV.jpg&#8220; align=&#8220;center&#8220; max_width=&#8220;100px&#8220; max_width_last_edited=&#8220;on|desktop&#8220; admin_label=&#8220;Obr\u00e1zek&#8220;] [\/et_pb_image][\/et_pb_column][et_pb_column type=&#8220;3_4&#8243; parallax=&#8220;off&#8220; parallax_method=&#8220;on&#8220;][et_pb_text admin_label=&#8220;Text&#8220;]<\/p>\n<p class=\"\" style=\"background-color: #ffffff;\"><span style=\"font-size: 18px;\"><b>Ministry of Labour and Social Affairs<\/b><\/span><\/p>\n<p class=\"\" style=\"background-color: #ffffff; font-size: 14px;\"><span style=\"font-size: 18px; text-align: justify;\">As part of the &#8222;Right to Childhood&#8220; campaign, she intensively supported the development of supportive family care at the highest level. At present, he deals with the issues of pro-family policy of both biological and substitute families.<\/span><\/p>\n<p class=\"\" style=\"text-align: justify;\"><a href=\"http:\/\/www.mpsv.cz\" style=\"font-size: large; text-align: justify; color: #0c71c3; text-decoration-line: underline;\">www.mpsv.cz<\/a><\/p>\n<p>[\/et_pb_text][\/et_pb_column][\/et_pb_row][et_pb_row admin_label=&#8220;row&#8220;][et_pb_column type=&#8220;1_4&#8243; parallax=&#8220;off&#8220; parallax_method=&#8220;on&#8220;][et_pb_image src=&#8220;https:\/\/www.stantesepestouny.cz\/wp-content\/uploads\/2017\/09\/Logo_For-help-s.r.o..jpg&#8220; align=&#8220;center&#8220; max_width=&#8220;120px&#8220; admin_label=&#8220;Obr\u00e1zek&#8220;] [\/et_pb_image][\/et_pb_column][et_pb_column type=&#8220;3_4&#8243; parallax=&#8220;off&#8220; parallax_method=&#8220;on&#8220;][et_pb_text admin_label=&#8220;Text&#8220;]<\/p>\n<p class=\"\"><strong style=\"background-color: #ffffff; font-size: 18px;\">For Help s.r.o.<\/strong><\/p>\n<p style=\"text-align: justify; text-indent: -24px;\"><span style=\"text-align: left; font-size: 18px;\">&nbsp; &nbsp; &nbsp;Association for helping children and people with autism with a focus on education about autism.<\/span><\/p>\n<p style=\"text-align: justify; text-indent: -24px;\">&nbsp; &nbsp; &nbsp;&nbsp;<a href=\"http:\/\/www.forhelp.cz\" style=\"font-size: 18px; color: #0c71c3; text-decoration-line: underline;\">www.forhelp.cz<\/a><\/p>\n<p>[\/et_pb_text][\/et_pb_column][\/et_pb_row][et_pb_row admin_label=&#8220;row&#8220;][et_pb_column type=&#8220;1_4&#8243; parallax=&#8220;off&#8220; parallax_method=&#8220;on&#8220;][et_pb_image src=&#8220;https:\/\/www.stantesepestouny.cz\/wp-content\/uploads\/2017\/09\/Logo_Sareza.jpg&#8220; admin_label=&#8220;Obr\u00e1zek&#8220;] [\/et_pb_image][\/et_pb_column][et_pb_column type=&#8220;3_4&#8243; parallax=&#8220;off&#8220; parallax_method=&#8220;on&#8220;][et_pb_text admin_label=&#8220;Text&#8220;]<\/p>\n<p class=\"\"><strong><span style=\"font-size: large;\">SAREZA<\/span><\/strong><\/p>\n<p class=\"\"><span style=\"font-size: large;\"><font size=\"4\">Sports and Recreation Facilities of Ostrava<\/font><\/span><\/p>\n<p class=\"\"><a href=\"http:\/\/www.sareza.cz\" style=\"font-size: large; color: #0c71c3; text-decoration-line: underline;\">www.sareza.cz<\/a><\/p>\n<p class=\"MsoListParagraph\" style=\"margin-left: 159.75pt; mso-add-space: auto; text-indent: -18.0pt; mso-list: l0 level1 lfo1;\"><span style=\"font-size: large;\"><span style=\"mso-ignore: vglayout; position: relative; z-index: -1;\"><span style=\"left: 0px; position: absolute; top: -904px; width: 109px; height: 34px;\"><\/span><\/span><\/span><\/p>\n<p><!--[endif]--><\/p>\n<p>[\/et_pb_text][\/et_pb_column][\/et_pb_row][et_pb_row admin_label=&#8220;row&#8220;][et_pb_column type=&#8220;1_4&#8243; parallax=&#8220;off&#8220; parallax_method=&#8220;on&#8220;][et_pb_image src=&#8220;https:\/\/www.stantesepestouny.cz\/wp-content\/uploads\/2017\/09\/Logo_Stoklasa-textiln\u00ed-galanterie-s.r.o..png&#8220; align=&#8220;center&#8220; max_width=&#8220;160px&#8220; admin_label=&#8220;Obr\u00e1zek&#8220;] [\/et_pb_image][\/et_pb_column][et_pb_column type=&#8220;3_4&#8243; parallax=&#8220;off&#8220; parallax_method=&#8220;on&#8220;][et_pb_text admin_label=&#8220;Text&#8220;]<\/p>\n<p class=\"\"><span style=\"background-color: #ffffff;\"><b style=\"font-size: 18px;\">Stoklasa <\/b><span style=\"font-size: 18px;\"><b>haberdashery<\/b><\/span><\/span><\/p>\n<p class=\"\"><span style=\"text-decoration: underline; color: #0c71c3;\"><span style=\"font-size: medium;\"><a style=\"color: #0c71c3; text-decoration: underline;\" href=\"http:\/\/www.stoklasa.cz\">www.stoklasa.cz<\/a><\/span><\/span><\/p>\n<p>[\/et_pb_text][\/et_pb_column][\/et_pb_row][et_pb_row admin_label=&#8220;row&#8220;][et_pb_column type=&#8220;1_4&#8243; parallax=&#8220;off&#8220; parallax_method=&#8220;on&#8220;][et_pb_image src=&#8220;https:\/\/www.stantesepestouny.cz\/wp-content\/uploads\/2017\/09\/Logo_Plesensk\u00e1-Kafr\u00e1rna.png&#8220; align=&#8220;center&#8220; max_width=&#8220;130px&#8220; admin_label=&#8220;Obr\u00e1zek&#8220;] [\/et_pb_image][\/et_pb_column][et_pb_column type=&#8220;3_4&#8243; parallax=&#8220;off&#8220; parallax_method=&#8220;on&#8220;][et_pb_text admin_label=&#8220;Text&#8220;]<\/p>\n<p class=\"\"><strong style=\"background-color: #ffffff; font-size: 18px;\">Plesensk\u00e1 kaf(r)\u00e1rna<\/strong><\/p>\n<p class=\"\"><span style=\"text-decoration: underline; color: #0c71c3;\"><span style=\"font-size: medium;\"><a style=\"color: #0c71c3; text-decoration: underline;\" href=\"http:\/\/www.facebook.com\/kafrarna\">www.facebook.com\/kafrarna<\/a><\/span><\/span><\/p>\n<p>[\/et_pb_text][\/et_pb_column][\/et_pb_row][et_pb_row admin_label=&#8220;row&#8220;][et_pb_column type=&#8220;1_4&#8243; parallax=&#8220;off&#8220; parallax_method=&#8220;on&#8220;][et_pb_image src=&#8220;https:\/\/www.stantesepestouny.cz\/wp-content\/uploads\/2017\/09\/Logo_Bylinky-Pavla.jpg&#8220; align=&#8220;center&#8220; max_width=&#8220;100px&#8220; admin_label=&#8220;Obr\u00e1zek&#8220;] [\/et_pb_image][\/et_pb_column][et_pb_column type=&#8220;3_4&#8243; parallax=&#8220;off&#8220; parallax_method=&#8220;on&#8220;][et_pb_text admin_label=&#8220;Text&#8220;]<\/p>\n<p class=\"\"><strong style=\"background-color: #ffffff; font-size: 18px;\">Byliny Pavla<\/strong><\/p>\n<p class=\"\"><span style=\"font-size: large;\"><font size=\"4\">Wide range of herbs, natural cosmetics, alternative medicine, etc.<\/font><\/span><\/p>\n<p class=\"\"><span style=\"font-size: medium; color: #0c71c3;\"><a href=\"https:\/\/byliny-pavla.webnode.cz\/\" style=\"font-size: 14px; color: #0c71c3;\"><span style=\"font-size: large;\">www.byliny-pavla.webnode.cz<\/span><\/a><\/span><\/p>\n<p>[\/et_pb_text][\/et_pb_column][\/et_pb_row][et_pb_row admin_label=&#8220;row&#8220;][et_pb_column type=&#8220;1_4&#8243; parallax=&#8220;off&#8220; parallax_method=&#8220;on&#8220;][et_pb_image src=&#8220;https:\/\/www.stantesepestouny.cz\/wp-content\/uploads\/2017\/09\/Logo_Charita.jpg&#8220; align=&#8220;center&#8220; max_width=&#8220;70px&#8220; admin_label=&#8220;Obr\u00e1zek&#8220;] [\/et_pb_image][\/et_pb_column][et_pb_column type=&#8220;3_4&#8243; parallax=&#8220;off&#8220; parallax_method=&#8220;on&#8220;][et_pb_text admin_label=&#8220;Text&#8220;]<\/p>\n<p class=\"\"><strong style=\"background-color: #ffffff; font-size: 18px;\">Charita sv. Alexandra<\/strong><\/p>\n<p class=\"\"><span style=\"font-size: large;\"><font size=\"4\">Handmade products from sheltered workshops<\/font><\/span><\/p>\n<p class=\"\"><span style=\"font-size: large; color: #0c71c3;\"><font size=\"4\">www.charita-sv-alexandra.cz<\/font><\/span><\/p>\n<p>[\/et_pb_text][\/et_pb_column][\/et_pb_row][et_pb_row admin_label=&#8220;row&#8220;][et_pb_column type=&#8220;1_4&#8243; parallax=&#8220;off&#8220; parallax_method=&#8220;on&#8220;][et_pb_image src=&#8220;https:\/\/www.stantesepestouny.cz\/wp-content\/uploads\/2017\/09\/Logo_Studio-kr\u00e1sy.jpg&#8220; align=&#8220;center&#8220; max_width=&#8220;140px&#8220; admin_label=&#8220;Obr\u00e1zek&#8220;] [\/et_pb_image][\/et_pb_column][et_pb_column type=&#8220;3_4&#8243; parallax=&#8220;off&#8220; parallax_method=&#8220;on&#8220;][et_pb_text admin_label=&#8220;Text&#8220;]<\/p>\n<p class=\"\"><strong style=\"background-color: #ffffff; font-size: 18px;\">Beauty studio<\/strong><\/p>\n<p>[\/et_pb_text][\/et_pb_column][\/et_pb_row][et_pb_row admin_label=&#8220;row&#8220;][et_pb_column type=&#8220;1_4&#8243; parallax=&#8220;off&#8220; parallax_method=&#8220;on&#8220;][et_pb_image src=&#8220;https:\/\/www.stantesepestouny.cz\/wp-content\/uploads\/2017\/09\/Logo_Ran\u010d-Duhov\u00e1-v\u00edla-o.-s..jpg&#8220; max_width=&#8220;200px&#8220; admin_label=&#8220;Obr\u00e1zek&#8220;] [\/et_pb_image][\/et_pb_column][et_pb_column type=&#8220;3_4&#8243; parallax=&#8220;off&#8220; parallax_method=&#8220;on&#8220;][et_pb_text admin_label=&#8220;Text&#8220;]<\/p>\n<p class=\"\"><strong style=\"background-color: #ffffff; font-size: 18px;\">Ranch Duhov&aacute; v&iacute;la, o.s.<\/strong><\/p>\n<p class=\"\" style=\"text-align: justify;\"><span style=\"text-align: left; font-size: large;\"><font size=\"4\">The aim of the association is to return to nature through horses to improve the lives of both children and adults<\/font><\/span><\/p>\n<p class=\"\" style=\"text-align: justify;\"><a href=\"http:\/\/www.rancduhovavila.cz\/\" style=\"font-size: large; color: #0c71c3; text-decoration-line: underline;\">www.rancduhovavila.cz<\/a><\/p>\n<p class=\"\" style=\"text-align: justify;\">\n<p>[\/et_pb_text][\/et_pb_column][\/et_pb_row][et_pb_row admin_label=&#8220;row&#8220;][et_pb_column type=&#8220;1_4&#8243; parallax=&#8220;off&#8220; parallax_method=&#8220;on&#8220;][et_pb_image src=&#8220;https:\/\/www.stantesepestouny.cz\/wp-content\/uploads\/2017\/09\/Logo_Spark.jpg&#8220; align=&#8220;center&#8220; max_width=&#8220;160px&#8220; admin_label=&#8220;Obr\u00e1zek&#8220;]<\/p>\n<p class=\"et-fb-mce-line-break-holder\" style=\"text-align: justify;\">[\/et_pb_image][\/et_pb_column][et_pb_column type=&#8220;3_4&#8243; parallax=&#8220;off&#8220; parallax_method=&#8220;on&#8220;][et_pb_text admin_label=&#8220;Text&#8220;]<\/p>\n<p class=\"\"><strong style=\"background-color: #ffffff; font-size: 18px;\">SPARK<\/strong><\/p>\n<p class=\"\" style=\"text-align: justify;\"><span style=\"font-size: large;\"><font size=\"4\">Czech company that produces children&#8217;s clothing and caps<\/font><\/span><\/p>\n<p class=\"\" style=\"text-align: justify;\">\n<p>[\/et_pb_text][\/et_pb_column][\/et_pb_row][et_pb_row admin_label=&#8220;row&#8220;][et_pb_column type=&#8220;1_4&#8243; parallax=&#8220;off&#8220; parallax_method=&#8220;on&#8220;][et_pb_image src=&#8220;https:\/\/www.stantesepestouny.cz\/wp-content\/uploads\/2017\/09\/Logo_kade\u0159nictv\u00ed-Radmila-Kole\u010dkov\u00e1.jpg&#8220; align=&#8220;center&#8220; max_width=&#8220;150px&#8220; admin_label=&#8220;Obr\u00e1zek&#8220;]<\/p>\n<p class=\"et-fb-mce-line-break-holder\" style=\"text-align: justify;\">[\/et_pb_image][\/et_pb_column][et_pb_column type=&#8220;3_4&#8243; parallax=&#8220;off&#8220; parallax_method=&#8220;on&#8220;][et_pb_text admin_label=&#8220;Text&#8220;]<\/p>\n<p class=\"\"><span style=\"font-size: large;\"><font size=\"4\"><b>hairdresser&#8217;s&nbsp;<\/b><\/font><\/span><strong><span style=\"font-size: large;\">Radmila Kole\u010dkov&aacute;<\/span><\/strong><\/p>\n<p class=\"et-fb-mce-line-break-holder\" style=\"text-align: justify;\">\n<p>[\/et_pb_text][\/et_pb_column][\/et_pb_row][et_pb_row admin_label=&#8220;row&#8220;][et_pb_column type=&#8220;1_4&#8243; parallax=&#8220;off&#8220; parallax_method=&#8220;on&#8220;][et_pb_image src=&#8220;https:\/\/www.stantesepestouny.cz\/wp-content\/uploads\/2017\/09\/Logo_\u010caj-Bar-Ostrava.jpg&#8220; align=&#8220;center&#8220; max_width=&#8220;150px&#8220; admin_label=&#8220;Obr\u00e1zek&#8220;]<\/p>\n<p class=\"et-fb-mce-line-break-holder\" style=\"text-align: justify;\">[\/et_pb_image][\/et_pb_column][et_pb_column type=&#8220;3_4&#8243; parallax=&#8220;off&#8220; parallax_method=&#8220;on&#8220;][et_pb_text admin_label=&#8220;Text&#8220;]<\/p>\n<p class=\"\"><strong><span style=\"font-size: large; text-align: justify; background-color: #ffffff;\">Tea Bar Ostrava<\/span><\/strong><\/p>\n<p class=\"\" style=\"text-align: justify;\"><span style=\"font-size: large;\"><font size=\"4\">Tea drinks, hookahs, teas<\/font><\/span><\/p>\n<p class=\"\" style=\"text-align: justify;\"><a href=\"http:\/\/www.cajbar.cz\" style=\"font-size: large; text-align: justify; color: #0c71c3; text-decoration-line: underline;\">www.cajbar.cz<\/a><\/p>\n<p class=\"\" style=\"text-align: justify;\">\n<p>[\/et_pb_text][\/et_pb_column][\/et_pb_row][et_pb_row custom_padding=&#8220;27px|0px|27px|0px&#8220; admin_label=&#8220;row&#8220;][et_pb_column type=&#8220;1_4&#8243; parallax=&#8220;off&#8220; parallax_method=&#8220;on&#8220;][et_pb_image src=&#8220;https:\/\/www.stantesepestouny.cz\/wp-content\/uploads\/2017\/09\/Logo_Kv\u011btin\u00e1\u0159stv\u00ed-Ostrava.png&#8220; align=&#8220;center&#8220; max_width=&#8220;150px&#8220; admin_label=&#8220;Obr\u00e1zek&#8220;]<\/p>\n<p class=\"et-fb-mce-line-break-holder\" style=\"text-align: justify;\">[\/et_pb_image][\/et_pb_column][et_pb_column type=&#8220;3_4&#8243; parallax=&#8220;off&#8220; parallax_method=&#8220;on&#8220;][et_pb_text admin_label=&#8220;Text&#8220;]<\/p>\n<p class=\"\"><span style=\"font-size: large;\"><font size=\"4\"><b>Flower shop&nbsp;<\/b><\/font><\/span><strong><span style=\"font-size: large;\">Ostrava<\/span><\/strong><\/p>\n<p style=\"text-align: justify;\"><span style=\"text-align: left; font-size: large;\"><font size=\"4\">Flower delivery, online flower shop<\/font><\/span><\/p>\n<p style=\"text-align: justify;\"><a href=\"http:\/\/www.i-kvetiny.cz\" style=\"font-size: large; color: #0c71c3; text-decoration-line: underline;\">www.i-kvetiny.cz<\/a><\/p>\n<p class=\"\" style=\"text-align: justify;\">\n<p>[\/et_pb_text][\/et_pb_column][\/et_pb_row][et_pb_row custom_padding=&#8220;28px|0px|27px|0px&#8220; admin_label=&#8220;row&#8220;][et_pb_column type=&#8220;1_4&#8243; parallax=&#8220;off&#8220; parallax_method=&#8220;on&#8220;][et_pb_image src=&#8220;https:\/\/www.stantesepestouny.cz\/wp-content\/uploads\/2017\/09\/Logo_Central-Connect-Taxi.png&#8220; align=&#8220;center&#8220; max_width=&#8220;150px&#8220; admin_label=&#8220;Obr\u00e1zek&#8220;]<\/p>\n<p class=\"et-fb-mce-line-break-holder\" style=\"text-align: justify;\">[\/et_pb_image][\/et_pb_column][et_pb_column type=&#8220;3_4&#8243; parallax=&#8220;off&#8220; parallax_method=&#8220;on&#8220;][et_pb_text admin_label=&#8220;Text&#8220;]<\/p>\n<p class=\"\"><strong><span style=\"font-size: large;\">Central Connect Taxi<\/span><\/strong><\/p>\n<p class=\"\" style=\"text-align: justify; text-indent: -24px;\"><span style=\"text-align: left; font-size: large;\"><font size=\"4\">&nbsp; &nbsp; &nbsp; Taxi service &#8211; nonstop taxi, drink service.<\/font><\/span><\/p>\n<p class=\"\" style=\"text-align: justify; text-indent: -24px;\">&nbsp; &nbsp; &nbsp;&nbsp;<a href=\"http:\/\/www.cctaxi.cz\" style=\"font-size: large; text-indent: -18pt; color: #0c71c3; text-decoration-line: underline;\">www.cctaxi.cz<\/a><\/p>\n<p class=\"\" style=\"text-align: justify;\">\n<p>[\/et_pb_text][\/et_pb_column][\/et_pb_row][et_pb_row admin_label=&#8220;row&#8220;][et_pb_column type=&#8220;1_4&#8243; parallax=&#8220;off&#8220; parallax_method=&#8220;on&#8220;][et_pb_image src=&#8220;https:\/\/www.stantesepestouny.cz\/wp-content\/uploads\/2017\/09\/Logo_KNIHCENTRUM-CZ.png&#8220; align=&#8220;center&#8220; max_width=&#8220;150px&#8220; admin_label=&#8220;Obr\u00e1zek&#8220;]<\/p>\n<p class=\"et-fb-mce-line-break-holder\" style=\"text-align: justify;\">[\/et_pb_image][\/et_pb_column][et_pb_column type=&#8220;3_4&#8243; parallax=&#8220;off&#8220; parallax_method=&#8220;on&#8220;][et_pb_text admin_label=&#8220;Text&#8220;]<\/p>\n<p class=\"\"><strong><span style=\"font-size: large; text-align: justify; background-color: #ffffff;\">Knihcentrum.cz<\/span><\/strong><\/p>\n<p class=\"\" style=\"text-align: justify;\"><span style=\"font-size: large;\"><font size=\"4\">Internet bookstore<\/font><\/span><\/p>\n<p class=\"\" style=\"text-align: justify;\"><a href=\"http:\/\/www.knihcentrum.cz\" style=\"font-size: large; text-align: justify; color: #0c71c3; text-decoration-line: underline;\">www.knihcentrum.cz<\/a><\/p>\n<p class=\"\" style=\"text-align: justify;\">\n<p>[\/et_pb_text][\/et_pb_column][\/et_pb_row][et_pb_row admin_label=&#8220;row&#8220;][et_pb_column type=&#8220;1_4&#8243; parallax=&#8220;off&#8220; parallax_method=&#8220;on&#8220;][et_pb_image src=&#8220;https:\/\/www.stantesepestouny.cz\/wp-content\/uploads\/2017\/09\/Logo_OMEGA-Fashion.png&#8220; align=&#8220;center&#8220; max_width=&#8220;150px&#8220; admin_label=&#8220;Obr\u00e1zek&#8220;]<\/p>\n<p class=\"et-fb-mce-line-break-holder\" style=\"text-align: justify;\">[\/et_pb_image][\/et_pb_column][et_pb_column type=&#8220;3_4&#8243; parallax=&#8220;off&#8220; parallax_method=&#8220;on&#8220;][et_pb_text admin_label=&#8220;Text&#8220;]<\/p>\n<p><strong><span style=\"font-size: large; text-align: justify; background-color: #ffffff;\">Omega Fashion<\/span><\/strong><\/p>\n<p><span style=\"font-size: large;\"><font size=\"4\">Fima JK Rimex s.r.o. &#8211; Elra Elektro Performs Electro supplies you with complete electrical and power solutions for your construction or reconstruction<\/font><\/span><\/p>\n<p><a href=\"http:\/\/www.elra-elektro.cz\" style=\"font-size: large; color: #0c71c3; text-decoration-line: underline;\">www.elra-elektro.cz<\/a><\/p>\n<p class=\"\" style=\"text-align: justify;\">\n<p>[\/et_pb_text][\/et_pb_column][\/et_pb_row][et_pb_row admin_label=&#8220;row&#8220;][et_pb_column type=&#8220;1_4&#8243; parallax=&#8220;off&#8220; parallax_method=&#8220;on&#8220;][et_pb_image src=&#8220;https:\/\/www.stantesepestouny.cz\/wp-content\/uploads\/2015\/01\/Logo_Bludn\u00fd-kruh-TOM-4334.jpg&#8220; align=&#8220;center&#8220; max_width=&#8220;100px&#8220; admin_label=&#8220;Obr\u00e1zek&#8220;]<\/p>\n<p class=\"et-fb-mce-line-break-holder\" style=\"text-align: justify;\">[\/et_pb_image][\/et_pb_column][et_pb_column type=&#8220;3_4&#8243; parallax=&#8220;off&#8220; parallax_method=&#8220;on&#8220;][et_pb_text admin_label=&#8220;Text&#8220;]<\/p>\n<p style=\"text-align: justify;\"><span style=\"font-size: large;\"><font size=\"4\"><b>Tourist Section<\/b><\/font><\/span><strong><span style=\"font-size: large; text-align: justify; background-color: #ffffff;\">&nbsp;Bludn&yacute; kruh &#8211; TOM 4334<\/span><\/strong><\/p>\n<p><span style=\"font-size: large;\"><font size=\"4\">The touristic section was established in 1999. It has a long tradition. Our main goal is to work with children in their spare time. We make regular meetings at the clubhouse, trips and camps.<\/font><\/span><\/p>\n<p><a href=\"http:\/\/www.a-tom.cz\" style=\"font-size: large; color: #0c71c3; text-decoration-line: underline;\">www.a-tom.cz<\/a><\/p>\n<p class=\"\" style=\"text-align: justify;\">\n<p>[\/et_pb_text][\/et_pb_column][\/et_pb_row][\/et_pb_section]<\/p>\n","protected":false},"excerpt":{"rendered":"<p>Sponsors Family and Community Center Chaloupka z.s. has a number of partners he values very much. These partners support us by co-financing child-related projects or material donations to our activities, such as the Foster Ball. We thank you for both forms of partnership and look forward to further mutual cooperation. An insight into the bounty [&hellip;]<\/p>\n","protected":false},"author":8,"featured_media":0,"parent":0,"menu_order":0,"comment_status":"closed","ping_status":"closed","template":"","meta":{"_et_pb_use_builder":"on","_et_pb_old_content":"","_et_gb_content_width":"","footnotes":""},"_links":{"self":[{"href":"https:\/\/www.stantesepestouny.cz\/index.php?rest_route=\/wp\/v2\/pages\/1370"}],"collection":[{"href":"https:\/\/www.stantesepestouny.cz\/index.php?rest_route=\/wp\/v2\/pages"}],"about":[{"href":"https:\/\/www.stantesepestouny.cz\/index.php?rest_route=\/wp\/v2\/types\/page"}],"author":[{"embeddable":true,"href":"https:\/\/www.stantesepestouny.cz\/index.php?rest_route=\/wp\/v2\/users\/8"}],"replies":[{"embeddable":true,"href":"https:\/\/www.stantesepestouny.cz\/index.php?rest_route=%2Fwp%2Fv2%2Fcomments&post=1370"}],"version-history":[{"count":1,"href":"https:\/\/www.stantesepestouny.cz\/index.php?rest_route=\/wp\/v2\/pages\/1370\/revisions"}],"predecessor-version":[{"id":1739,"href":"https:\/\/www.stantesepestouny.cz\/index.php?rest_route=\/wp\/v2\/pages\/1370\/revisions\/1739"}],"wp:attachment":[{"href":"https:\/\/www.stantesepestouny.cz\/index.php?rest_route=%2Fwp%2Fv2%2Fmedia&parent=1370"}],"curies":[{"name":"wp","href":"https:\/\/api.w.org\/{rel}","templated":true}]}}