{"id":118,"date":"2015-09-09T14:08:46","date_gmt":"2015-09-09T12:08:46","guid":{"rendered":"https:\/\/www.stantesepestouny.cz\/?page_id=118"},"modified":"2019-12-20T09:39:59","modified_gmt":"2019-12-20T08:39:59","slug":"kampan-a-my","status":"publish","type":"page","link":"https:\/\/www.stantesepestouny.cz\/?page_id=118","title":{"rendered":"Kampa\u0148 a my"},"content":{"rendered":"<p>[et_pb_section fb_built=&#8220;1&#8243; admin_label=&#8220;section&#8220;][et_pb_row admin_label=&#8220;row&#8220;][et_pb_column type=&#8220;4_4&#8243; parallax=&#8220;off&#8220; parallax_method=&#8220;on&#8220;][et_pb_text admin_label=&#8220;Text&#8220;]<\/p>\n<p style=\"background-color: #ffffff; font-size: 14px; text-align: justify;\"><span style=\"font-size: xx-large; color: #e84747;\"><strong style=\"font-size: 32px;\">Kampa\u0148 a My<\/strong><\/span><\/p>\n<p>\u00a0<\/p>\n<p style=\"background-color: #ffffff; font-size: 14px; text-align: justify;\"><span style=\"font-size: large;\">Rodinn\u00e9 a komunitn\u00ed centrum Chaloupka z. s. se, od roku 2013, aktivn\u011b pod\u00edl\u00ed na propagaci kampan\u011b Dejme d\u011btem rodinu. Tuto kampa\u0148 propagujeme v\u00a0r\u00e1mci r\u016fzn\u00fdch spole\u010densk\u00fdch, kulturn\u00edch, volno\u010dasov\u00fdch a jin\u00fdch aktivit, kter\u00e9 bu\u010f realizujeme sami, nebo se jedn\u00e1 o akce jin\u00fdch organizac\u00ed.<\/span><\/p>\n<p><\/p>\n<p style=\"background-color: #ffffff; font-size: 14px; text-align: justify;\"><span style=\"font-size: large;\">Na\u0161im c\u00edlem je oslovit \u0161irokou laickou i odbornou ve\u0159ejnost a informovat ji o n\u00e1hradn\u00ed rodinn\u00e9 p\u00e9\u010di a d\u011btech, kter\u00e9 nemohou, z\u00a0r\u016fzn\u00fdch d\u016fvod\u016f, vyr\u016fstat ve sv\u00e9 biologick\u00e9 rodin\u011b.<\/span><\/p>\n<p>[\/et_pb_text][\/et_pb_column][\/et_pb_row][et_pb_row admin_label=&#8220;row&#8220;][et_pb_column type=&#8220;2_3&#8243; parallax=&#8220;off&#8220; parallax_method=&#8220;on&#8220;][et_pb_text admin_label=&#8220;Text&#8220;]<\/p>\n<p><span style=\"font-size: large; color: #e84747;\"><strong>V roce 2017 jsme kampa\u0148 propagovali na t\u011bchto akc\u00edch<\/strong><\/span><\/p>\n<ul>\n<li><strong>20.1.2017 Ples p\u011bstoun\u016f RKC Chaloupka<\/strong><\/li>\n<li><strong>21.3.2017 Sv\u011bt jin\u00fdma o\u010dima, Ostrava<\/strong><\/li>\n<li><strong>2.4.2017 Benefi\u010dn\u00ed pochod ke zdrav\u00ed<\/strong><\/li>\n<li><strong>20.5.2017<\/strong>\u00a0<strong>Slezsk\u00e1 \u017eije pro d\u011bti \u2013 Mal\u00e9 sousedsk\u00e9 slavnosti.<\/strong><\/li>\n<li><strong>27.5.2017 Slezsk\u00e1 \u017eije pro d\u011bti \u2013 Mal\u00e9 sousedsk\u00e9 slavnosti.<\/strong><\/li>\n<li><strong>10 &#8211; 11.6.2017 Slova nejsou d\u016fle\u017eit\u00e1 \u2013 Z\u00e1\u017eitkov\u00fd p\u011bveck\u00fd workshop s\u00a0pan\u00ed\u00a0<\/strong><strong>Idou Kelarovou a jej\u00edm t\u00fdmem.<\/strong><\/li>\n<li><strong>18.6.2017 T\u00e1tafest RKC Chaloupka<\/strong><\/li>\n<li><strong>22.6.2017 Den soci\u00e1ln\u00edch slu\u017eeb m\u011bsta Ostravy \u2013 Lid\u00e9 lidem<\/strong><\/li>\n<li><strong>16.9.2017 T\u0159ebovick\u00fd kol\u00e1\u010d v\u00a0Ostrav\u011b \u2013 T\u0159ebovic\u00edch<\/strong><\/li>\n<li><strong>22.9.2017 Setk\u00e1n\u00ed pracovn\u00ed skupiny ke kampani Dejme d\u011btem rodinu\u00a0<\/strong><strong>ve spolupr\u00e1ci Magistr\u00e1tu m\u011bsta Ostravy, odd\u011blen\u00ed SPOD.<\/strong><\/li>\n<li><strong>23.9.2017 Val\u00edme se Slezskou<\/strong><\/li>\n<li><strong>2 \u2013 13.10.2017 V\u00fdstava prac\u00ed p\u011bstounsk\u00fdch d\u011bt\u00ed v\u010detn\u011b vernis\u00e1\u017ee.<\/strong><\/li>\n<li><strong>5.10.2017 Mezin\u00e1rodn\u00ed konference Each child is special<\/strong><\/li>\n<li><strong>6.10.2017 Setk\u00e1n\u00ed odborn\u00edk\u016f ze zem\u00ed: Turecko, Belgie, Litva a \u010cesk\u00e1\u00a0<\/strong><strong>republika v\u00a0RKC Chaloupka.<\/strong><\/li>\n<li><strong>20.10.2017 Draki\u00e1da RKC Chaloupka.<\/strong><\/li>\n<li><strong>18.11.2017 Den p\u011bstounstv\u00ed v\u00a0doln\u00ed oblasti V\u00edtkovic, Ostrava<\/strong><\/li>\n<li><strong>23.11.2017 Konference ke kampani DDR, Ostrava<\/strong><\/li>\n<li><strong>27.11.2017 Spole\u010dn\u00e9 setk\u00e1n\u00ed rodinn\u00fdch, mate\u0159sk\u00fdch a komunitn\u00edch\u00a0<\/strong><strong>center v\u00a0r\u00e1mci Moravskoslezsk\u00e9ho kraje.<\/strong><\/li>\n<li><strong>4.12.2017 Ma\u0161karn\u00ed ples v\u00a0Ostrav\u011b \u2013 He\u0159manic\u00edch.<\/strong><\/li>\n<li><strong>7.12.2017 K\u0159\u00eddlen\u00ed, Ostrava<\/strong><\/li>\n<li><strong>8.12.2017 V\u00e1no\u010dn\u00ed setk\u00e1n\u00ed p\u011bstoun\u016f v\u00a0RKC Chaloupka.<\/strong><\/li>\n<\/ul>\n<p>Propagaci kampan\u011b Dejme d\u011btem rodinu jsme v\u00a0roce 2017 realizovali d\u00edky finan\u010dn\u00ed podpo\u0159e Krajsk\u00e9ho \u00fa\u0159adu Moravskoslezsk\u00e9ho kraje a na\u0161\u00ed organizace.<\/p>\n<p>[\/et_pb_text][\/et_pb_column][et_pb_column type=&#8220;1_3&#8243; parallax=&#8220;off&#8220; parallax_method=&#8220;on&#8220;][et_pb_image src=&#8220;https:\/\/www.stantesepestouny.cz\/wp-content\/uploads\/2018\/03\/Nepojmenovan\u00fd3.jpg&#8220; url=&#8220;https:\/\/www.stantesepestouny.cz\/wp-content\/uploads\/2017\/09\/Kampa\u0148-a-my-2016.jpg&#8220; url_new_window=&#8220;on&#8220; admin_label=&#8220;Obr\u00e1zek&#8220; custom_margin=&#8220;200px|||&#8220;]<\/p>\n<p>\u00a0<\/p>\n<p>[\/et_pb_image][\/et_pb_column][\/et_pb_row][et_pb_row admin_label=&#8220;row&#8220;][et_pb_column type=&#8220;2_3&#8243; parallax=&#8220;off&#8220; parallax_method=&#8220;on&#8220;][et_pb_text admin_label=&#8220;Text&#8220;]<\/p>\n<p><span style=\"font-size: large; color: #e84747;\"><strong>V roce 2016 jsme kampa\u0148 propagovali na t\u011bchto akc&iacute;ch<\/strong><\/span><\/p>\n<p style=\"text-align: justify;\"><span style=\"font-size: medium;\">&bull; Ples p\u011bstoun\u016f &ndash; leden 2016<\/span><\/p>\n<p style=\"text-align: justify;\"><span style=\"font-size: medium;\">&bull; Setk&aacute;n&iacute; odborn&iacute;k\u016f v RKC Chaloupka ke kampani Dejme d\u011btem rodinu &ndash; duben 2016<\/span><\/p>\n<p><span style=\"font-size: medium;\"> &bull; Sousedsk&aacute; slavnost &ndash; duben 2016<\/span><br \/> <span style=\"font-size: medium;\"> &bull; Tatafest &ndash; \u010derven 2016<\/span><br \/> <span style=\"font-size: medium;\"> &bull; Slezsk&aacute; \u017eije pro d\u011bti &#8211; oslava konce &scaron;koln&iacute;ho roku &ndash; \u010derven 2016<\/span><br \/> <span style=\"font-size: medium;\"> &bull; Lid&eacute; lidem &ndash; \u010derven 2016<\/span><br \/> <span style=\"font-size: medium;\"> &bull; Festival v ulic&iacute;ch &ndash; \u010dervenec 2016<\/span><br \/> <span style=\"font-size: medium;\"> &bull; Slova nejsou d\u016fle\u017eit&aacute; s Idou Kelarovou &ndash; z&aacute;\u0159&iacute; 2016<\/span><br \/> <span style=\"font-size: medium;\"> &bull; Val&iacute;me se Slezskou &ndash; z&aacute;\u0159&iacute; 2016<\/span><br \/> <span style=\"font-size: medium;\"> &bull; Slezsk&aacute; \u017eije pro d\u011bti &#8211; sportovn&iacute; odpoledne &ndash; z&aacute;\u0159&iacute; 2016<\/span><\/p>\n<p><span style=\"font-size: medium;\"> &bull; Draki&aacute;da &ndash; listopad 2016<\/span><\/p>\n<p><span style=\"font-size: medium;\"> &bull; Ma&scaron;karn&iacute; ples &ndash; prosinec 2016<\/span><\/p>\n<p>[\/et_pb_text][\/et_pb_column][et_pb_column type=&#8220;1_3&#8243; parallax=&#8220;off&#8220; parallax_method=&#8220;on&#8220;][et_pb_image src=&#8220;https:\/\/www.stantesepestouny.cz\/wp-content\/uploads\/2017\/09\/Kampa\u0148-a-my-2016.jpg&#8220; url=&#8220;https:\/\/www.stantesepestouny.cz\/wp-content\/uploads\/2017\/09\/Kampa\u0148-a-my-2016.jpg&#8220; url_new_window=&#8220;on&#8220; admin_label=&#8220;Obr\u00e1zek&#8220; custom_margin=&#8220;100px|||&#8220;]<\/p>\n<p>\u00a0<\/p>\n<p>[\/et_pb_image][\/et_pb_column][\/et_pb_row][et_pb_row admin_label=&#8220;row&#8220;][et_pb_column type=&#8220;2_3&#8243; parallax=&#8220;off&#8220; parallax_method=&#8220;on&#8220;][et_pb_text admin_label=&#8220;Text&#8220;]<\/p>\n<p><span style=\"color: #e84747; font-size: large;\"><strong>V roce 2015 jsme kampa\u0148 propagovali na t\u011bchto akc&iacute;ch<\/strong><\/span><\/p>\n<p style=\"text-align: justify;\"><span style=\"font-size: medium;\">&bull; Ples p\u011bstoun\u016f, kter&yacute; realizuje RKC Chaloupka &ndash; leden 2015<\/span><br \/> <span style=\"font-size: medium;\"> &bull; Tatafest, kter&yacute; realizuje RKC Chaloupka &ndash; \u010derven 2015<\/span><br \/> <span style=\"font-size: medium;\"> &bull; Lid&eacute; lidem, realizuje m\u011bsto Ostrava a RKC Chaloupka je aktivn&iacute;m &uacute;\u010dastn&iacute;kem v r&aacute;mci kampan\u011b &bdquo;Dejme d\u011btem rodinu&ldquo; &ndash; \u010derven 2015<\/span><br \/> <span style=\"font-size: medium;\"> &bull; Festival v ulic&iacute;ch, realizuje m\u011bsto Ostrava a RKC Chaloupka je aktivn&iacute;m &uacute;\u010dastn&iacute;kem v r&aacute;mci kampan\u011b &bdquo;Dejme d\u011btem rodinu&ldquo; &ndash; \u010dervenec 2015<\/span><br \/> <span style=\"font-size: medium;\"> &bull; Slezsk&aacute; \u017eije pro d\u011bti, realizuje TriComUnity, o. p. s., ve spolupr&aacute;ci s na&scaron;&iacute; organizac&iacute; &ndash; z&aacute;\u0159&iacute; 2015<\/span><br \/> <span style=\"font-size: medium;\"> &bull; Val&iacute;me se Slezskou, realizuje TriComUnity, o. p. s., ve spolupr&aacute;ci s na&scaron;&iacute; organizac&iacute; &ndash; z&aacute;\u0159&iacute; 2015<\/span><br \/> <span style=\"font-size: medium;\"> &bull; T\u0159ebovick&yacute; kol&aacute;\u010d, realizuje m\u011bsto Ostrava a RKC Chaloupka je aktivn&iacute;m &uacute;\u010dastn&iacute;kem v r&aacute;mci kampan\u011b &bdquo;Dejme d\u011btem rodinu&ldquo; &ndash; z&aacute;\u0159&iacute; 2015<\/span><br \/> <span style=\"font-size: medium;\"> &bull; Draki&aacute;da Rodinn&eacute;ho a komunitn&iacute;ho centra Chaloupka, realizuje RKC Chaloupka &ndash; \u0159&iacute;jen 2015<\/span><\/p>\n<p>[\/et_pb_text][\/et_pb_column][et_pb_column type=&#8220;1_3&#8243; parallax=&#8220;off&#8220; parallax_method=&#8220;on&#8220;][et_pb_text admin_label=&#8220;Text&#8220;]<\/p>\n<p>\u00a0<\/p>\n<p>[\/et_pb_text][et_pb_image src=&#8220;https:\/\/www.stantesepestouny.cz\/wp-content\/uploads\/2017\/09\/Kampa\u0148-a-my-2015.jpg&#8220; url=&#8220;https:\/\/www.stantesepestouny.cz\/wp-content\/uploads\/2017\/09\/Kampa\u0148-a-my-2015.jpg&#8220; url_new_window=&#8220;on&#8220; admin_label=&#8220;Obr\u00e1zek&#8220; custom_margin=&#8220;50px|||&#8220;]<\/p>\n<p>\u00a0<\/p>\n<p>[\/et_pb_image][\/et_pb_column][\/et_pb_row][\/et_pb_section]<\/p>\n","protected":false},"excerpt":{"rendered":"<p>Kampa\u0148 a My \u00a0 Rodinn\u00e9 a komunitn\u00ed centrum Chaloupka z. s. se, od roku 2013, aktivn\u011b pod\u00edl\u00ed na propagaci kampan\u011b Dejme d\u011btem rodinu. Tuto kampa\u0148 propagujeme v\u00a0r\u00e1mci r\u016fzn\u00fdch spole\u010densk\u00fdch, kulturn\u00edch, volno\u010dasov\u00fdch a jin\u00fdch aktivit, kter\u00e9 bu\u010f realizujeme sami, nebo se jedn\u00e1 o akce jin\u00fdch organizac\u00ed. Na\u0161im c\u00edlem je oslovit \u0161irokou laickou i odbornou ve\u0159ejnost a [&hellip;]<\/p>\n","protected":false},"author":8,"featured_media":0,"parent":69,"menu_order":0,"comment_status":"closed","ping_status":"closed","template":"","meta":{"_et_pb_use_builder":"on","_et_pb_old_content":"<a href=\"https:\/\/www.stantesepestouny.cz\/wp-content\/uploads\/2015\/09\/Dejme-d\u011btem-rodinu-let\u00e1\u010dek-web.jpg\"><img class=\" wp-image-422 aligncenter\" src=\"https:\/\/www.stantesepestouny.cz\/wp-content\/uploads\/2015\/09\/Dejme-d\u011btem-rodinu-let\u00e1\u010dek-web-300x210.jpg\" alt=\"\" width=\"435\" height=\"304\" \/><\/a>\n\nRodinn\u00e9 a komunitn\u00ed centrum Chaloupka tuto kampa\u0148 propaguje v\u00a0r\u00e1mci r\u016fzn\u00fdch spole\u010densk\u00fdch, kulturn\u00edch, volno\u010dasov\u00fdch a jin\u00fdch aktivit.\n\n<a href=\"https:\/\/www.stantesepestouny.cz\/wp-content\/uploads\/2015\/09\/Kampa\u0139\u0088-DDR-r.2016.jpg\"><img class=\"wp-image-426 aligncenter\" src=\"https:\/\/www.stantesepestouny.cz\/wp-content\/uploads\/2015\/09\/Kampa\u0139\u0088-DDR-r.2016-212x300.jpg\" alt=\"\" width=\"387\" height=\"548\" \/><\/a>\n\n<a href=\"https:\/\/www.stantesepestouny.cz\/wp-content\/uploads\/2015\/09\/Kampa\u0139\u0088-DDR-r.2016-2.str_.jpg\"><img class=\" wp-image-425 aligncenter\" src=\"https:\/\/www.stantesepestouny.cz\/wp-content\/uploads\/2015\/09\/Kampa\u0139\u0088-DDR-r.2016-2.str_-212x300.jpg\" alt=\"\" width=\"339\" height=\"480\" \/><\/a>\n\n<strong>V\u00a0roce 2015 jsme kampa\u0148 propagovali na t\u011bchto akc\u00edch<\/strong>:\n<ul>\n \t<li>Ples p\u011bstoun\u016f, kter\u00fd realizuje RKC Chaloupka \u2013 leden 2015<\/li>\n \t<li>T\u00e1tafest, kter\u00fd realizuje RKC Chaloupka \u2013 \u010derven 2015<\/li>\n \t<li>Lid\u00e9 lidem, realizuje m\u011bsto Ostrava a RKC Chaloupka je aktivn\u00edm \u00fa\u010dastn\u00edkem v\u00a0r\u00e1mci kampan\u011b \u201eDejme d\u011btem rodinu\u201c \u2013 \u010derven 2015<\/li>\n \t<li>Festival v\u00a0ulic\u00edch, realizuje m\u011bsto Ostrava a RKC Chaloupka je aktivn\u00edm \u00fa\u010dastn\u00edkem v\u00a0r\u00e1mci kampan\u011b \u201eDejme d\u011btem rodinu\u201c \u2013 \u010dervenec 2015<\/li>\n \t<li>Slezsk\u00e1 \u017eije pro d\u011bti, realizuje TriComUnity, o. p. s., ve spolupr\u00e1ci s\u00a0na\u0161\u00ed organizac\u00ed \u2013 z\u00e1\u0159\u00ed 2015<\/li>\n \t<li>Val\u00edme se Slezskou, realizuje TriComUnity, o. p. s., ve spolupr\u00e1ci s\u00a0na\u0161\u00ed organizac\u00ed \u00a0\u2013 z\u00e1\u0159\u00ed 2015<\/li>\n \t<li>T\u0159ebovick\u00fd kol\u00e1\u010d, realizuje m\u011bsto Ostrava a RKC Chaloupka je aktivn\u00edm \u00fa\u010dastn\u00edkem v\u00a0r\u00e1mci kampan\u011b \u201eDejme d\u011btem rodinu\u201c \u2013 z\u00e1\u0159\u00ed 2015<\/li>\n \t<li>Draki\u00e1da Rodinn\u00e9ho a komunitn\u00edho centra Chaloupka, realizuje RKC Chaloupka \u2013 \u0159\u00edjen 2015<\/li>\n<\/ul>\nV\u00a0kalend\u00e1\u0159n\u00edm roce 2016 se na\u0161e organizace bude \u00fa\u010dastnit v\u00fd\u0161e uveden\u00fdch a dal\u0161\u00edch akc\u00ed na \u00fazem\u00ed m\u011bsta Ostrava.","_et_gb_content_width":"","footnotes":""},"_links":{"self":[{"href":"https:\/\/www.stantesepestouny.cz\/index.php?rest_route=\/wp\/v2\/pages\/118"}],"collection":[{"href":"https:\/\/www.stantesepestouny.cz\/index.php?rest_route=\/wp\/v2\/pages"}],"about":[{"href":"https:\/\/www.stantesepestouny.cz\/index.php?rest_route=\/wp\/v2\/types\/page"}],"author":[{"embeddable":true,"href":"https:\/\/www.stantesepestouny.cz\/index.php?rest_route=\/wp\/v2\/users\/8"}],"replies":[{"embeddable":true,"href":"https:\/\/www.stantesepestouny.cz\/index.php?rest_route=%2Fwp%2Fv2%2Fcomments&post=118"}],"version-history":[{"count":1,"href":"https:\/\/www.stantesepestouny.cz\/index.php?rest_route=\/wp\/v2\/pages\/118\/revisions"}],"predecessor-version":[{"id":1671,"href":"https:\/\/www.stantesepestouny.cz\/index.php?rest_route=\/wp\/v2\/pages\/118\/revisions\/1671"}],"up":[{"embeddable":true,"href":"https:\/\/www.stantesepestouny.cz\/index.php?rest_route=\/wp\/v2\/pages\/69"}],"wp:attachment":[{"href":"https:\/\/www.stantesepestouny.cz\/index.php?rest_route=%2Fwp%2Fv2%2Fmedia&parent=118"}],"curies":[{"name":"wp","href":"https:\/\/api.w.org\/{rel}","templated":true}]}}