{"id":107,"date":"2015-09-09T14:04:59","date_gmt":"2015-09-09T12:04:59","guid":{"rendered":"https:\/\/www.stantesepestouny.cz\/?page_id=107"},"modified":"2020-12-30T19:23:05","modified_gmt":"2020-12-30T18:23:05","slug":"asistovane-kontakty-mimo-nrp","status":"publish","type":"page","link":"https:\/\/www.stantesepestouny.cz\/?page_id=107","title":{"rendered":"Asistovan\u00e9 kontakty mimo NRP"},"content":{"rendered":"<p>[et_pb_section fb_built=&#8220;1&#8243; admin_label=&#8220;section&#8220; _builder_version=&#8220;3.22&#8243;][et_pb_row admin_label=&#8220;row&#8220; _builder_version=&#8220;3.25&#8243; background_size=&#8220;initial&#8220; background_position=&#8220;top_left&#8220; background_repeat=&#8220;repeat&#8220;][et_pb_column type=&#8220;4_4&#8243; _builder_version=&#8220;3.25&#8243; custom_padding=&#8220;|||&#8220; custom_padding__hover=&#8220;|||&#8220;][et_pb_text admin_label=&#8220;Text&#8220; _builder_version=&#8220;3.27.4&#8243; text_text_color=&#8220;#000000&#8243; text_font_size=&#8220;20&#8243; background_size=&#8220;initial&#8220; background_position=&#8220;top_left&#8220; background_repeat=&#8220;repeat&#8220; text_font_size_tablet=&#8220;&#8220; text_font_size_phone=&#8220;&#8220; text_font_size_last_edited=&#8220;on|&#8220;]<\/p>\n<p><span style=\"font-size: xx-large; color: #e84747;\"><strong>Asistovan\u00e9 kontakty mimo NRP<\/strong><\/span><\/p>\n<p style=\"background-color: #ffffff; font-size: 14px; text-align: justify;\"><span style=\"font-size: large; color: #595959;\">RKC Chaloupka poskytuje slu\u017ebu asistovan\u00fdch kontakt\u016f \u010di asistovan\u00fdch p\u0159ed\u00e1v\u00e1n\u00ed.<\/span><\/p>\n<p style=\"background-color: #ffffff; font-size: 14px; text-align: justify;\"><span style=\"font-size: large; color: #595959;\">Ka\u017ed\u00e9 d\u00edt\u011b m\u00e1 pr\u00e1vo st\u00fdkat se s lidmi, kte\u0159\u00ed jsou pro n\u011bj v jeho \u017eivot\u011b d\u016fle\u017eit\u00ed. M\u016f\u017ee j\u00edt o rodi\u010de, prarodi\u010de, ale tak\u00e9 kamar\u00e1dy, u\u010ditele aj.<\/span><\/p>\n<p style=\"background-color: #ffffff; font-size: 14px; text-align: justify;\"><span style=\"font-size: large; color: #595959;\">Asistovan\u00e9 kontakty a asistovan\u00e9 p\u0159ed\u00e1v\u00e1n\u00ed realizuj\u00ed na\u0161i odborn\u00edci, a to v z\u00e1jmu d\u00edt\u011bte, kter\u00e9ho se tyto kontakty \u010di p\u0159ed\u00e1v\u00e1n\u00ed t\u00fdkaj\u00ed.<\/span><\/p>\n<p style=\"background-color: #ffffff; font-size: 14px; text-align: justify;\"><span style=\"color: #595959; font-size: large;\"><strong>Kdo m\u016f\u017ee asistovan\u00fdch kontakt\u016f \u010di asistovan\u00fdch p\u0159ed\u00e1v\u00e1n\u00ed vyu\u017e\u00edt?<\/strong><\/span><br \/><span style=\"font-size: large; color: #595959;\">\u2022 rodi\u010d nebo bl\u00edzk\u00e1 osoba, kter\u00e1 si p\u0159eje v\u00eddat d\u00edt\u011b a nem\u016f\u017ee si toto zajistit sama z r\u016fzn\u00fdch d\u016fvod\u016f,<\/span><br \/><span style=\"font-size: large; color: #595959;\">\u2022 rodi\u010de nebo bl\u00edzk\u00e9 osoby d\u011bt\u00ed, kter\u00e9 \u017eij\u00ed v n\u00e1hradn\u00ed rodinn\u00e9 p\u00e9\u010di,<\/span><br \/><span style=\"font-size: large; color: #595959;\">\u2022 d\u011bti \u017eij\u00edc\u00ed v n\u00e1hradn\u00ed rodinn\u00e9 p\u00e9\u010di, kter\u00e9 maj\u00ed pr\u00e1vo v\u00eddat rodi\u010de a dal\u0161\u00ed bl\u00edzk\u00e9 osoby.<\/span><\/p>\n<p style=\"background-color: #ffffff; font-size: 14px; text-align: justify;\"><span style=\"color: #595959; font-size: large;\"><strong>Na tyto kontakty \u010di p\u0159ed\u00e1v\u00e1n\u00ed d\u011bt\u00ed NEMUS\u00cdTE B\u00ddT SAMI.<\/strong><\/span><br \/><span style=\"font-size: large; color: #595959;\">\u2022 v p\u0159\u00edpad\u011b va\u0161eho z\u00e1jmu, v\u00e1m pom\u016f\u017eeme v\u0161e dojednat a realizovat,<\/span><br \/><span style=\"font-size: large; color: #595959;\">\u2022 na\u0161i odborn\u00edci budou V\u017dDY p\u0159\u00edtomni kontakt\u016fm \u010di p\u0159ed\u00e1v\u00e1n\u00edm \u2013 na nic nez\u016fstanete sami,<\/span><br \/><span style=\"font-size: large; color: #595959;\">\u2022 p\u0159i kontaktu s d\u00edt\u011btem v\u00e1m m\u016f\u017eeme b\u00fdt n\u00e1pomocni,<\/span><br \/><span style=\"font-size: large; color: #595959;\">\u2022 Rodinn\u00e9 a komunitn\u00ed centrum Chaloupka poskytne sv\u00e9 prostory, kde je mo\u017en\u00e9 kontakty \u010di p\u0159ed\u00e1v\u00e1n\u00ed realizovat.<\/span><\/p>\n<p style=\"background-color: #ffffff; font-size: 14px; text-align: justify;\"><span style=\"color: #595959; font-size: large;\"><strong>Podm\u00ednky na\u0161\u00ed organizaci p\u0159i poskytov\u00e1n\u00ed asistovan\u00fdch kontakt\u016f \u010di p\u0159ed\u00e1v\u00e1n\u00ed:<\/strong><\/span><br \/><span style=\"font-size: large; color: #595959;\">\u2022 dobrovoln\u00e1 spolupr\u00e1ce obou rodi\u010d\u016f nebo bl\u00edzk\u00fdch osob d\u00edt\u011bte,<\/span><br \/><span style=\"font-size: large; color: #595959;\">\u2022 podeps\u00e1n\u00ed Dohody o poskytov\u00e1n\u00ed asistovan\u00fdch kontakt\u016f \u010di asistovan\u00fdch p\u0159ed\u00e1v\u00e1n\u00ed s na\u0161\u00ed organizac\u00ed,<\/span><br \/><span style=\"font-size: large; color: #595959;\">\u2022 sou\u010dinnost na\u0161\u00ed organizace s org\u00e1nem soci\u00e1ln\u011b-pr\u00e1vn\u00ed ochrany d\u011bt\u00ed.<\/span><\/p>\n<p style=\"background-color: #ffffff; font-size: 14px; text-align: justify;\"><span style=\"font-size: large; color: #595959;\">Na\u0161e slu\u017eby jsou poskytov\u00e1ny na z\u00e1klad\u011b prov\u011b\u0159en\u00ed k soci\u00e1ln\u011b-pr\u00e1vn\u00ed ochran\u011b d\u011bt\u00ed, a to Krajsk\u00fdm \u00fa\u0159adem Moravskoslezsk\u00e9ho kraje.<\/span><\/p>\n<p style=\"padding-bottom: 0px; background-color: #ffffff; font-size: 14px; text-align: justify;\"><span style=\"font-size: large; color: #595959;\">Asistovan\u00e9 kontakty \u010di asistovan\u00e9 p\u0159ed\u00e1v\u00e1n\u00ed poskytuje na\u0161e organizace ZCELA ZDARMA!<\/span><br \/><span style=\"font-size: large; color: #595959;\">V p\u0159\u00edpad\u011b z\u00e1jmu n\u00e1s nev\u00e1hejte kontaktovat!<\/span><\/p>\n<p style=\"text-align: justify;\" class=\"\">\n<p>[\/et_pb_text][\/et_pb_column][\/et_pb_row][\/et_pb_section]<\/p>\n","protected":false},"excerpt":{"rendered":"<p>Asistovan\u00e9 kontakty mimo NRP RKC Chaloupka poskytuje slu\u017ebu asistovan\u00fdch kontakt\u016f \u010di asistovan\u00fdch p\u0159ed\u00e1v\u00e1n\u00ed. Ka\u017ed\u00e9 d\u00edt\u011b m\u00e1 pr\u00e1vo st\u00fdkat se s lidmi, kte\u0159\u00ed jsou pro n\u011bj v jeho \u017eivot\u011b d\u016fle\u017eit\u00ed. M\u016f\u017ee j\u00edt o rodi\u010de, prarodi\u010de, ale tak\u00e9 kamar\u00e1dy, u\u010ditele aj. Asistovan\u00e9 kontakty a asistovan\u00e9 p\u0159ed\u00e1v\u00e1n\u00ed realizuj\u00ed na\u0161i odborn\u00edci, a to v z\u00e1jmu d\u00edt\u011bte, kter\u00e9ho se tyto [&hellip;]<\/p>\n","protected":false},"author":8,"featured_media":0,"parent":66,"menu_order":0,"comment_status":"closed","ping_status":"closed","template":"","meta":{"_et_pb_use_builder":"on","_et_pb_old_content":"<a href=\"https:\/\/www.stantesepestouny.cz\/wp-content\/uploads\/2015\/09\/web-asistovan\u00e9-kontakty.jpg\"><img class=\" wp-image-430 aligncenter\" src=\"https:\/\/www.stantesepestouny.cz\/wp-content\/uploads\/2015\/09\/web-asistovan\u00e9-kontakty-212x300.jpg\" alt=\"\" width=\"307\" height=\"434\" \/><\/a>","_et_gb_content_width":"","footnotes":""},"_links":{"self":[{"href":"https:\/\/www.stantesepestouny.cz\/index.php?rest_route=\/wp\/v2\/pages\/107"}],"collection":[{"href":"https:\/\/www.stantesepestouny.cz\/index.php?rest_route=\/wp\/v2\/pages"}],"about":[{"href":"https:\/\/www.stantesepestouny.cz\/index.php?rest_route=\/wp\/v2\/types\/page"}],"author":[{"embeddable":true,"href":"https:\/\/www.stantesepestouny.cz\/index.php?rest_route=\/wp\/v2\/users\/8"}],"replies":[{"embeddable":true,"href":"https:\/\/www.stantesepestouny.cz\/index.php?rest_route=%2Fwp%2Fv2%2Fcomments&post=107"}],"version-history":[{"count":3,"href":"https:\/\/www.stantesepestouny.cz\/index.php?rest_route=\/wp\/v2\/pages\/107\/revisions"}],"predecessor-version":[{"id":2234,"href":"https:\/\/www.stantesepestouny.cz\/index.php?rest_route=\/wp\/v2\/pages\/107\/revisions\/2234"}],"up":[{"embeddable":true,"href":"https:\/\/www.stantesepestouny.cz\/index.php?rest_route=\/wp\/v2\/pages\/66"}],"wp:attachment":[{"href":"https:\/\/www.stantesepestouny.cz\/index.php?rest_route=%2Fwp%2Fv2%2Fmedia&parent=107"}],"curies":[{"name":"wp","href":"https:\/\/api.w.org\/{rel}","templated":true}]}}