{"id":1025,"date":"2017-09-14T14:46:17","date_gmt":"2017-09-14T12:46:17","guid":{"rendered":"https:\/\/www.stantesepestouny.cz\/?page_id=1025"},"modified":"2022-11-22T14:13:03","modified_gmt":"2022-11-22T13:13:03","slug":"aktuality","status":"publish","type":"page","link":"https:\/\/www.stantesepestouny.cz\/?page_id=1025","title":{"rendered":"Aktuality"},"content":{"rendered":"<p>[et_pb_section fb_built=&#8220;1&#8243; admin_label=&#8220;section&#8220; _builder_version=&#8220;4.0.7&#8243; width=&#8220;100%&#8220; top_divider_style=&#8220;slant2&#8243; top_divider_color=&#8220;#e02b20&#8243; top_divider_height=&#8220;14px&#8220; inline_fonts=&#8220;Amatic SC&#8220;][et_pb_row admin_label=&#8220;\u0158\u00e1dek&#8220; _builder_version=&#8220;3.25&#8243;][et_pb_column type=&#8220;4_4&#8243; _builder_version=&#8220;3.25&#8243; custom_padding=&#8220;|||&#8220; custom_padding__hover=&#8220;|||&#8220;][et_pb_text admin_label=&#8220;Text&#8220; _builder_version=&#8220;4.0.7&#8243; background_size=&#8220;initial&#8220; background_position=&#8220;top_left&#8220; background_repeat=&#8220;repeat&#8220;]<span style=\"font-size: xx-large; color: #e84747;\"> <strong>Aktuality<\/strong><\/span>[\/et_pb_text][\/et_pb_column][\/et_pb_row][et_pb_row _builder_version=&#8220;4.0.7&#8243;][et_pb_column type=&#8220;4_4&#8243; _builder_version=&#8220;4.0.7&#8243;][et_pb_text _builder_version=&#8220;4.0.7&#8243;]<\/p>\n<p><span style=\"font-size: large;\"><strong>V SOU\u010cASN\u00c9 DOB\u011a M\u00c1ME VOLN\u00c1 M\u00cdSTA PRO UZAV\u00cdR\u00c1N\u00cd DOHOD O V\u00ddKONU P\u011aSTOUNSK\u00c9 P\u00c9\u010cE<\/strong><\/span><\/p>\n<p>[\/et_pb_text][\/et_pb_column][\/et_pb_row][et_pb_row _builder_version=&#8220;4.0.7&#8243;][et_pb_column type=&#8220;4_4&#8243; _builder_version=&#8220;4.0.7&#8243;][et_pb_text _builder_version=&#8220;4.0.7&#8243; hover_enabled=&#8220;0&#8243;]<\/p>\n<p><span style=\"font-size: x-large;\"><b>V\u00e1\u017een\u00ed p\u011bstouni a poru\u010dn\u00edci<\/b><\/span><\/p>\n<p><span style=\"font-size: large;\"><strong>Aktu\u00e1ln\u011b jsme pro V\u00e1s p\u0159ipravili:<\/strong><\/span><\/p>\n<p>[\/et_pb_text][\/et_pb_column][\/et_pb_row][et_pb_row column_structure=&#8220;2_5,3_5&#8243; admin_label=&#8220;zirafa_vzdelavani_29_11_2022&#8243; _builder_version=&#8220;4.0.7&#8243;][et_pb_column type=&#8220;2_5&#8243; _builder_version=&#8220;4.0.7&#8243;][et_pb_image src=&#8220;https:\/\/www.stantesepestouny.cz\/wp-content\/uploads\/2022\/11\/Hura-do-FUNPARKU.png&#8220; _builder_version=&#8220;4.0.7&#8243;][\/et_pb_image][\/et_pb_column][et_pb_column type=&#8220;3_5&#8243; _builder_version=&#8220;4.0.7&#8243;][et_pb_text admin_label=&#8220;Text&#8220; _builder_version=&#8220;4.0.7&#8243;]<\/p>\n<p>V\u00e1\u017een\u00ed klienti,<\/p>\n<div>\u00a0<\/div>\n<div>dovolte n\u00e1m, abychom V\u00e1s informovali o zm\u011bn\u011b term\u00ednu vzd\u011bl\u00e1v\u00e1n\u00ed na t\u00e9ma: Poruchy pozornosti u d\u011bt\u00ed s Mgr. Petrou Feller Staniekovou. Vzd\u011bl\u00e1v\u00e1n\u00ed se m\u011blo uskute\u010dnit ve \u010dtvrtek 24. 11. 2022, ale s technick\u00fdch d\u016fvod\u016f se p\u0159esouv\u00e1 na\u00a0<b>nov\u00fd term\u00edn v \u00fater\u00fd 29. 11. 2022 od 15:00 &#8211; 19:00 hod. Smetanovo n\u00e1m. , Moravsk\u00e1 Ostrava<\/b>\u00a0(naproti Divadla Anton\u00edna Dvo\u0159\u00e1ka).<\/div>\n<div>\u00a0<\/div>\n<div>V r\u00e1mci vzd\u011bl\u00e1v\u00e1n\u00ed m\u00e1me p\u0159ipraven\u00fd program pro d\u011bti. D\u011bti pojedou\u00a0s na\u0161imi lektory do z\u00e1bavn\u00edho centra\u00a0<b>FunPark \u017dIRAFA<\/b>, kde na n\u011b bude \u010dekat spousta atrakc\u00ed (n\u011bkolika patrov\u00e1 prol\u00e9za\u010dka, skluzavky, tobog\u00e1ny, prol\u00e9zac\u00ed\u00a0st\u011bny, s\u00edt\u011b, baz\u00e9nky\u00a0s m\u00ed\u010dky&#8230;). Bli\u017e\u0161\u00ed informace o programu naleznete v let\u00e1ku, kter\u00fd je p\u0159\u00edlohou tohoto mailu.<\/div>\n<div>\u00a0<\/div>\n<div>V p\u0159\u00edpad\u011b, \u017ee byste se vzd\u011bl\u00e1v\u00e1n\u00ed nez\u00fa\u010dastnili, i tak mohou jet Va\u0161e d\u011bti za z\u00e1bavou. Jen pros\u00edme o potvrzen\u00ed \u00fa\u010dasti Va\u0161eho d\u00edt\u011bte nejpozd\u011bji do pond\u011bl\u00ed 28. 11. 2022.<\/div>\n<div>\u00a0<\/div>\n<div>O zm\u011bn\u011b term\u00ednu vzd\u011bl\u00e1v\u00e1n\u00ed a programu pro d\u011bti V\u00e1s budeme je\u0161t\u011b informovat formou sms zpr\u00e1vy.<\/div>\n<div>\u00a0<\/div>\n<div>S pozdravem a p\u0159\u00e1n\u00edm hezk\u00fdch dn\u016f<\/div>\n<div>\u00a0<\/div>\n<div>T\u00fdm NRP<\/div>\n<p>[\/et_pb_text][\/et_pb_column][\/et_pb_row][et_pb_row column_structure=&#8220;2_3,1_3&#8243; admin_label=&#8220;kniha&#8220; _builder_version=&#8220;3.25&#8243; background_size=&#8220;initial&#8220; background_position=&#8220;top_left&#8220; background_repeat=&#8220;repeat&#8220;][et_pb_column type=&#8220;2_3&#8243; _builder_version=&#8220;3.25&#8243; custom_padding=&#8220;|||&#8220; custom_padding__hover=&#8220;|||&#8220;][et_pb_text admin_label=&#8220;Text&#8220; _builder_version=&#8220;4.0.7&#8243; background_size=&#8220;initial&#8220; background_position=&#8220;top_left&#8220; background_repeat=&#8220;repeat&#8220;]<\/p>\n<p style=\"background-color: #ffffff; font-size: 14px;\"><span style=\"font-size: large;\"><strong>Vydali jsme knihu!!!<\/strong><\/span><\/p>\n<p><span style=\"font-size: large;\">Vydali jsme na\u0161i vlastn\u00ed knihu \u0160t\u011bst\u00ed Means Bacht.<\/span><\/p>\n<p class=\"\" style=\"text-align: justify;\"><span style=\"font-size: large;\">Jedn\u00e1 se o knihu pov\u00eddek, kter\u00e9 vyprav\u00ed samotn\u00e9 d\u011bti ale i jejich p\u011bstouni. A nav\u00edc trojazy\u010dn\u011b. V \u010de\u0161tin\u011b, angli\u010dtin\u011b a rom\u0161tin\u011b. Kniha je k dost\u00e1n\u00ed jak u n\u00e1s na webu tak samoz\u0159ejm\u011b i p\u0159\u00edmo na recepci RKC Chaloupka, pop\u0159. na ulici N\u00e1dra\u017en\u00ed u soci\u00e1ln\u00edch pracovnic.<\/span><\/p>\n<p class=\"\"><span style=\"font-size: large;\"><strong>Cena:<\/strong>\u00a0230 K\u010d<\/span><\/p>\n<p>[\/et_pb_text][\/et_pb_column][et_pb_column type=&#8220;1_3&#8243; _builder_version=&#8220;3.25&#8243; custom_padding=&#8220;|||&#8220; custom_padding__hover=&#8220;|||&#8220;][et_pb_image src=&#8220;https:\/\/www.stantesepestouny.cz\/wp-content\/uploads\/2018\/01\/STESTI_MEANS_BACHT_obalka_print.jpg&#8220; align_tablet=&#8220;center&#8220; align_phone=&#8220;&#8220; align_last_edited=&#8220;on|desktop&#8220; admin_label=&#8220;Obr\u00e1zek&#8220; _builder_version=&#8220;3.23&#8243; animation_style=&#8220;slide&#8220; animation_direction=&#8220;left&#8220; animation_duration=&#8220;500ms&#8220; animation_intensity_slide=&#8220;10%&#8220;][\/et_pb_image][\/et_pb_column][\/et_pb_row][\/et_pb_section]<\/p>\n","protected":false},"excerpt":{"rendered":"<p>AktualityV SOU\u010cASN\u00c9 DOB\u011a M\u00c1ME VOLN\u00c1 M\u00cdSTA PRO UZAV\u00cdR\u00c1N\u00cd DOHOD O V\u00ddKONU P\u011aSTOUNSK\u00c9 P\u00c9\u010cEV\u00e1\u017een\u00ed p\u011bstouni a poru\u010dn\u00edci Aktu\u00e1ln\u011b jsme pro V\u00e1s p\u0159ipravili: V\u00e1\u017een\u00ed klienti, \u00a0 dovolte n\u00e1m, abychom V\u00e1s informovali o zm\u011bn\u011b term\u00ednu vzd\u011bl\u00e1v\u00e1n\u00ed na t\u00e9ma: Poruchy pozornosti u d\u011bt\u00ed s Mgr. Petrou Feller Staniekovou. Vzd\u011bl\u00e1v\u00e1n\u00ed se m\u011blo uskute\u010dnit ve \u010dtvrtek 24. 11. 2022, ale s [&hellip;]<\/p>\n","protected":false},"author":8,"featured_media":0,"parent":0,"menu_order":0,"comment_status":"closed","ping_status":"closed","template":"","meta":{"_et_pb_use_builder":"on","_et_pb_old_content":"","_et_gb_content_width":"","footnotes":""},"_links":{"self":[{"href":"https:\/\/www.stantesepestouny.cz\/index.php?rest_route=\/wp\/v2\/pages\/1025"}],"collection":[{"href":"https:\/\/www.stantesepestouny.cz\/index.php?rest_route=\/wp\/v2\/pages"}],"about":[{"href":"https:\/\/www.stantesepestouny.cz\/index.php?rest_route=\/wp\/v2\/types\/page"}],"author":[{"embeddable":true,"href":"https:\/\/www.stantesepestouny.cz\/index.php?rest_route=\/wp\/v2\/users\/8"}],"replies":[{"embeddable":true,"href":"https:\/\/www.stantesepestouny.cz\/index.php?rest_route=%2Fwp%2Fv2%2Fcomments&post=1025"}],"version-history":[{"count":56,"href":"https:\/\/www.stantesepestouny.cz\/index.php?rest_route=\/wp\/v2\/pages\/1025\/revisions"}],"predecessor-version":[{"id":2712,"href":"https:\/\/www.stantesepestouny.cz\/index.php?rest_route=\/wp\/v2\/pages\/1025\/revisions\/2712"}],"wp:attachment":[{"href":"https:\/\/www.stantesepestouny.cz\/index.php?rest_route=%2Fwp%2Fv2%2Fmedia&parent=1025"}],"curies":[{"name":"wp","href":"https:\/\/api.w.org\/{rel}","templated":true}]}}